{"id":25993,"date":"2024-07-07T14:59:27","date_gmt":"2024-07-07T12:59:27","guid":{"rendered":"https:\/\/www.formetta.com\/produkt\/formetta-discovery-kit-en\/"},"modified":"2025-10-26T19:13:15","modified_gmt":"2025-10-26T18:13:15","slug":"formetta-discovery-kit-en","status":"publish","type":"product","link":"https:\/\/woocommerce-old.formetta.com\/en_FR\/produkt\/formetta-discovery-kit-en\/","title":{"rendered":"Formetta Discovery Kit"},"content":{"rendered":"\t\t<div data-elementor-type=\"product-post\" data-elementor-id=\"25993\" class=\"elementor elementor-25993 elementor-19979\" data-elementor-post-type=\"product\">\n\t\t\t\t<div class=\"wd-negative-gap elementor-element elementor-element-61b4fcf e-flex e-con-boxed e-con e-parent\" data-id=\"61b4fcf\" data-element_type=\"container\" data-e-type=\"container\">\n\t\t\t\t\t<div class=\"e-con-inner\">\n\t\t\t\t<div class=\"elementor-element elementor-element-81089c1 color-scheme-inherit text-left elementor-widget elementor-widget-text-editor\" data-id=\"81089c1\" data-element_type=\"widget\" data-e-type=\"widget\" data-widget_type=\"text-editor.default\">\n\t\t\t\t<div class=\"elementor-widget-container\">\n\t\t\t\t\t\t\t\t\t<p>Harnessing the power of nature\u2019s three key mechanisms\u2014stimulation, building, and protection\u2014our Superior Formulation is meticulously designed to deliver exceptional results.<\/p><p>Clinically proven benefits for:<\/p><ul><li>Skin<\/li><li>Hair<\/li><li>Nails<\/li><li>Joints<\/li><li>Bones<\/li><\/ul><h4>HOW TO USE<\/h4><p>Streamline your wellness routine with our fuss-free approach to longevity. Enjoy one sachet per day mixed into water out your favourite cold drink or yoghurt.<\/p><h4>ADDITIONAL INFORMATION<\/h4><p>Weight: 61g<br \/>Flavour: Essential Natural \/Superior Citrus\/Superior Grape\/Superior Vanilla<br \/>Packaging Sizes: 1 sample bag (4 day supply)<\/p><h4>NUTRITIONAL INFORMATION<\/h4><p><strong>Ingredients (NATURAL)<\/strong><\/p><p>Bioactive Collagen Peptides (FORTIBONE\u00ae, FORTIGEL\u00ae and VERISOL\u00ae) and Freshwater Pearl Powder.<\/p><p><strong>Ingredients (CITRUS)<\/strong><\/p><p>Bioactive Collagen Peptides (FORTIBONE\u00ae, FORTIGEL\u00ae and VERISOL\u00ae), Electrolyte and Mineral Blend (Potassium, Liposomal Vitamin C, Magnesium, Salt, Acidity Regulator: (Potassium Phosphate), Calcium, Silica, Sweetener: (Steviol Glycoside), Zinc, Manganese, Copper, Chromium, Molybdenum, Selenium, Natural Citrus Flavour), Methylsulfonylmethane (MSM), Grape Seed Extract, Coenzyme Q10, Astaxanthin, Biotin.<\/p><p><strong>Ingredients (GRAPE)<\/strong><\/p><p>Bioactive Collagen Peptides (FORTIBONE\u00ae, FORTIGEL\u00ae and VERISOL\u00ae), Electrolyte and Mineral Blend (Potassium, Liposomal Vitamin C, Magnesium, Salt, Acidity Regulator: (Potassium Phosphate), Calcium, Silica, Sweetener: (Steviol Glycoside), Zinc, Manganese, Copper, Chromium, Molybdenum, Selenium, Natural Grape Flavour), Methylsulfonylmethane (MSM), Grape Seed Extract, Coenzyme Q10, Astaxanthin, Biotin.<\/p><p><strong>Ingredients (VANILLA)<\/strong><\/p><p>Bioactive Collagen Peptides (FORTIBONE\u00ae, FORTIGEL\u00ae and VERISOL\u00ae), Electrolyte and Mineral Blend (Potassium, Liposomal Vitamin C, Magnesium, Salt, Acidity Regulator: (Potassium Phosphate), Calcium, Silica, Sweetener: (Steviol Glycoside), Zinc, Manganese, Copper, Chromium, Molybdenum, Selenium, Natural Vanilla Flavour), Methylsulfonylmethane (MSM), Grape Seed Extract, Coenzyme Q10, Astaxanthin, Biotin.<\/p>\t\t\t\t\t\t\t\t<\/div>\n\t\t\t\t<\/div>\n\t\t<div class=\"wd-negative-gap elementor-element elementor-element-d8db907 e-flex e-con-boxed e-con e-child\" data-id=\"d8db907\" data-element_type=\"container\" data-e-type=\"container\">\n\t\t\t\t\t<div class=\"e-con-inner\">\n\t\t\t\t<div class=\"elementor-element elementor-element-f07cf75 wd-width-100 elementor-widget elementor-widget-wd_title\" data-id=\"f07cf75\" data-element_type=\"widget\" data-e-type=\"widget\" data-widget_type=\"wd_title.default\">\n\t\t\t\t<div class=\"elementor-widget-container\">\n\t\t\t\t\t\t\t<div class=\"title-wrapper wd-set-mb reset-last-child wd-title-color-primary wd-title-style-default wd-title-size-extra-large text-center\">\n\n\t\t\t\n\t\t\t<div class=\"liner-continer\">\n\t\t\t\t<h4 class=\"woodmart-title-container title wd-fontsize-xxxl\">What People Are Saying<\/h4> \n\t\t\t\t\t\t\t<\/div>\n\n\t\t\t\t\t<\/div>\n\t\t\t\t\t\t<\/div>\n\t\t\t\t<\/div>\n\t\t\t\t<div class=\"elementor-element elementor-element-fcb8e9a elementor-widget elementor-widget-spacer\" data-id=\"fcb8e9a\" data-element_type=\"widget\" data-e-type=\"widget\" data-widget_type=\"spacer.default\">\n\t\t\t\t<div class=\"elementor-widget-container\">\n\t\t\t\t\t\t\t<div class=\"elementor-spacer\">\n\t\t\t<div class=\"elementor-spacer-inner\"><\/div>\n\t\t<\/div>\n\t\t\t\t\t\t<\/div>\n\t\t\t\t<\/div>\n\t\t\t\t<div class=\"elementor-element elementor-element-8a2de10 elementor-widget elementor-widget-wd_testimonials\" data-id=\"8a2de10\" data-element_type=\"widget\" data-e-type=\"widget\" data-widget_type=\"wd_testimonials.default\">\n\t\t\t\t<div class=\"elementor-widget-container\">\n\t\t\t\t\t\t\t<div class=\"testimonials testimon-style-info-top  color-scheme- wd-carousel-container\" id=\"carousel-6663\">\n\t\t\t\t\t\t\t<div class=\"wd-carousel-inner\">\n\t\t\t\n\t\t\t<div class=\"wd-carousel wd-grid\" data-speed=\"5000\" data-wrap=\"yes\" data-autoplay=\"yes\" data-scroll_per_page=\"yes\" style=\"--wd-col-lg:4;--wd-col-md:3;--wd-col-sm:1;--wd-gap-lg:30px;--wd-gap-sm:10px;\">\n\t\t\t\t\t\t\t\t\t<div class=\"wd-carousel-wrap\">\n\t\t\t\t\n\t\t\t\t\t\t\t\t\t\n<div class=\"wd-testimon wd-carousel-item\">\n\t<div class=\"wd-testimon-info\">\n\t\t\n\t\t<div class=\"wd-testimon-bio\">\n\t\t\t\t\t\t\t<div class=\"wd-testimon-name title\">\n\t\t\t\t\tLottie\t\t\t\t<\/div>\n\t\t\t\n\t\t\t\n\t\t\t<div class=\"star-rating\">\n\t\t\t\t<span style=\"width:100%\"><\/span>\n\t\t\t<\/div>\n\t\t<\/div>\n\t<\/div>\n\n\t\t\t<div class=\"wd-testimon-text reset-last-child\">\n\t\t\t<p>\"Ich wollte dir sagen, dass meine Haare wieder gewachsen sind. Meine gesch\u00e4digte Haut von viel Zeit an der brennenden Sonne heilt sich vor meinen Augen. Nur Gott wei\u00df, was es mit meinem Inneren macht. Ich brauche mehr.\"<\/p>\t\t<\/div>\n\t<\/div>\t\t\t\t\t\t\t\t\t\n<div class=\"wd-testimon wd-carousel-item\">\n\t<div class=\"wd-testimon-info\">\n\t\t\n\t\t<div class=\"wd-testimon-bio\">\n\t\t\t\t\t\t\t<div class=\"wd-testimon-name title\">\n\t\t\t\t\tMarlene C\t\t\t\t<\/div>\n\t\t\t\n\t\t\t\n\t\t\t<div class=\"star-rating\">\n\t\t\t\t<span style=\"width:100%\"><\/span>\n\t\t\t<\/div>\n\t\t<\/div>\n\t<\/div>\n\n\t\t\t<div class=\"wd-testimon-text reset-last-child\">\n\t\t\t<p>\"Es freut mich sehr, Formett\u0101 in meine t\u00e4gliche Routine eingebunden zu haben. Es ist ein qualitativ hochwertiges Produkt voller n\u00fctzlicher N\u00e4hrstoffe f\u00fcr meinen gesamten K\u00f6rper. Der zus\u00e4tzliche Bonus ist, dass meine Haut fantastisch aussieht und sich fantastisch anf\u00fchlt!\"<\/p>\t\t<\/div>\n\t<\/div>\t\t\t\t\t\t\t\t\t\n<div class=\"wd-testimon wd-carousel-item\">\n\t<div class=\"wd-testimon-info\">\n\t\t\n\t\t<div class=\"wd-testimon-bio\">\n\t\t\t\t\t\t\t<div class=\"wd-testimon-name title\">\n\t\t\t\t\tPatricia F\t\t\t\t<\/div>\n\t\t\t\n\t\t\t\n\t\t\t<div class=\"star-rating\">\n\t\t\t\t<span style=\"width:100%\"><\/span>\n\t\t\t<\/div>\n\t\t<\/div>\n\t<\/div>\n\n\t\t\t<div class=\"wd-testimon-text reset-last-child\">\n\t\t\t<p>\"Mein Partner und ich nehmen seit 3 Monaten Formett\u0101 ein. Er hat aufgeh\u00f6rt, \u00fcber seine Knie- und R\u00fcckenprobleme zu klagen, und mein Finger ist auch besser geworden ... meine N\u00e4gel sind auch st\u00e4rker ... Aber den gr\u00f6ssten sichtbaren Unterschied, denke ich, habe ich an meinem Gesicht bemerkt. Viele Leute haben mir gesagt, dass mein Gesicht besser aussieht ... meine Poren sind verkleinert, und meine Rosacea hat sich dramatisch verbessert.\"<\/p>\t\t<\/div>\n\t<\/div>\t\t\t\t\t\t\t\t\t\n<div class=\"wd-testimon wd-carousel-item\">\n\t<div class=\"wd-testimon-info\">\n\t\t\n\t\t<div class=\"wd-testimon-bio\">\n\t\t\t\t\t\t\t<div class=\"wd-testimon-name title\">\n\t\t\t\t\tElisabeth\t\t\t\t<\/div>\n\t\t\t\n\t\t\t\n\t\t\t<div class=\"star-rating\">\n\t\t\t\t<span style=\"width:100%\"><\/span>\n\t\t\t<\/div>\n\t\t<\/div>\n\t<\/div>\n\n\t\t\t<div class=\"wd-testimon-text reset-last-child\">\n\t\t\t<p>\"Seitdem ich mit Formett\u0101 angefangen habe, ist meine Haut weniger trocken, meine N\u00e4gel st\u00e4rker und meine Verdauung sehr gut (hahaha).\"<\/p>\t\t<\/div>\n\t<\/div>\t\t\t\t\t\t\t\t\t\n<div class=\"wd-testimon wd-carousel-item\">\n\t<div class=\"wd-testimon-info\">\n\t\t\n\t\t<div class=\"wd-testimon-bio\">\n\t\t\t\t\t\t\t<div class=\"wd-testimon-name title\">\n\t\t\t\t\tElaine H\t\t\t\t<\/div>\n\t\t\t\n\t\t\t\n\t\t\t<div class=\"star-rating\">\n\t\t\t\t<span style=\"width:100%\"><\/span>\n\t\t\t<\/div>\n\t\t<\/div>\n\t<\/div>\n\n\t\t\t<div class=\"wd-testimon-text reset-last-child\">\n\t\t\t<p>\"Ich hatte mein ganzes Leben lang trockene, schuppige Haut, sogar als ich ein Kind war. Seit ich vor 6 Monaten mit Formett\u0101 begonnen habe, hat sich meine Haut komplett ver\u00e4ndert. Ich brauche keine Feuchtigkeitscreme mehr, selbst im Winter ist meine Haut perfekt hydratisiert. Und als Bonus habe ich auch keinen einzigen gebrochenen Nagel mehr gehabt.\"<\/p>\t\t<\/div>\n\t<\/div>\t\t\t\t\t\t\t\t\t\n<div class=\"wd-testimon wd-carousel-item\">\n\t<div class=\"wd-testimon-info\">\n\t\t\n\t\t<div class=\"wd-testimon-bio\">\n\t\t\t\t\t\t\t<div class=\"wd-testimon-name title\">\n\t\t\t\t\tChlo\u00e9\t\t\t\t<\/div>\n\t\t\t\n\t\t\t\n\t\t\t<div class=\"star-rating\">\n\t\t\t\t<span style=\"width:100%\"><\/span>\n\t\t\t<\/div>\n\t\t<\/div>\n\t<\/div>\n\n\t\t\t<div class=\"wd-testimon-text reset-last-child\">\n\t\t\t<p>\u201cIch kann wirklich nicht ohne Formett\u0101 leben.\"<\/p>\t\t<\/div>\n\t<\/div>\t\t\t\t\n\t\t\t\t\t\t\t\t\t<\/div>\n\t\t\t\t\t\t\t<\/div>\n\t\t\t\t\t\t\t\t\t\t\t\t\t\t<div class=\"wd-nav-arrows wd-pos-sep wd-hover-1 wd-icon-1\">\n\t\t\t<div class=\"wd-btn-arrow wd-prev wd-disabled\">\n\t\t\t\t<div class=\"wd-arrow-inner\"><\/div>\n\t\t\t<\/div>\n\t\t\t<div class=\"wd-btn-arrow wd-next\">\n\t\t\t\t<div class=\"wd-arrow-inner\"><\/div>\n\t\t\t<\/div>\n\t\t<\/div>\n\t\t\t\t\t\t\n\t\t\t\t<\/div>\n\n\t\t\t\t\t\t\t\t\t\t\t\t\t<\/div>\n\t\t\t\t\t\t<\/div>\n\t\t\t\t<\/div>\n\t\t\t\t\t<\/div>\n\t\t\t\t<\/div>\n\t\t\t\t\t<\/div>\n\t\t\t\t<\/div>\n\t\t\t\t<\/div>\n\t\t","protected":false},"excerpt":{"rendered":"<p><strong>Discover Your Perfect Match<\/strong><\/p>\n<p>Unlock the power of radiant health with Formetta\u2019s Starter Set, designed to help you find the collagen formula that\u2019s just right for you. This set includes Formetta\u2019s four specially designed sachets.<\/p>\n<p>One dose per formula, plus CHF 10 towards your next Formetta purchase (*)<\/p>\n<p><em><small>* = The discount code will be sent to you separately via email after the successful transaction.<\/small><\/em><\/p>\n<p><strong>What\u2019s Inside?<\/strong><\/p>\n<p>Essential Formula &#8211; Natural (no added flavour)<br \/>\nSuperior Formula &#8211; Natural Grape<br \/>\nSuperior Formula &#8211; Natural Citrus<br \/>\nSuperior Formula &#8211; Natural Vanilla<\/p>\n","protected":false},"featured_media":34410,"comment_status":"open","ping_status":"closed","template":"","meta":{"_uf_show_specific_survey":0,"_uf_disable_surveys":false},"product_brand":[],"product_cat":[509,512],"product_tag":[803,804],"class_list":{"0":"post-25993","1":"product","2":"type-product","3":"status-publish","4":"has-post-thumbnail","6":"product_cat-accessories-en_fr","7":"product_cat-beutel-en_fr","8":"product_tag-the-achiever-en_fr","9":"product_tag-the-high-achiever-en_fr","11":"first","12":"instock","13":"taxable","14":"shipping-taxable","15":"purchasable","16":"product-type-simple"},"_links":{"self":[{"href":"https:\/\/woocommerce-old.formetta.com\/en_FR\/wp-json\/wp\/v2\/product\/25993","targetHints":{"allow":["GET"]}}],"collection":[{"href":"https:\/\/woocommerce-old.formetta.com\/en_FR\/wp-json\/wp\/v2\/product"}],"about":[{"href":"https:\/\/woocommerce-old.formetta.com\/en_FR\/wp-json\/wp\/v2\/types\/product"}],"replies":[{"embeddable":true,"href":"https:\/\/woocommerce-old.formetta.com\/en_FR\/wp-json\/wp\/v2\/comments?post=25993"}],"version-history":[{"count":2,"href":"https:\/\/woocommerce-old.formetta.com\/en_FR\/wp-json\/wp\/v2\/product\/25993\/revisions"}],"predecessor-version":[{"id":32235,"href":"https:\/\/woocommerce-old.formetta.com\/en_FR\/wp-json\/wp\/v2\/product\/25993\/revisions\/32235"}],"wp:featuredmedia":[{"embeddable":true,"href":"https:\/\/woocommerce-old.formetta.com\/en_FR\/wp-json\/wp\/v2\/media\/34410"}],"wp:attachment":[{"href":"https:\/\/woocommerce-old.formetta.com\/en_FR\/wp-json\/wp\/v2\/media?parent=25993"}],"wp:term":[{"taxonomy":"product_brand","embeddable":true,"href":"https:\/\/woocommerce-old.formetta.com\/en_FR\/wp-json\/wp\/v2\/product_brand?post=25993"},{"taxonomy":"product_cat","embeddable":true,"href":"https:\/\/woocommerce-old.formetta.com\/en_FR\/wp-json\/wp\/v2\/product_cat?post=25993"},{"taxonomy":"product_tag","embeddable":true,"href":"https:\/\/woocommerce-old.formetta.com\/en_FR\/wp-json\/wp\/v2\/product_tag?post=25993"}],"curies":[{"name":"wp","href":"https:\/\/api.w.org\/{rel}","templated":true}]}}