{"id":40774,"date":"2025-10-17T08:54:09","date_gmt":"2025-10-17T06:54:09","guid":{"rendered":"https:\/\/www.formetta.com\/produkt\/the-beauty-collagen-formulation-natural\/"},"modified":"2025-10-18T19:50:09","modified_gmt":"2025-10-18T17:50:09","slug":"the-beauty-collagen-formulation-natural","status":"publish","type":"product","link":"https:\/\/woocommerce-old.formetta.com\/en_ES\/produkt\/the-beauty-collagen-formulation-natural\/","title":{"rendered":"Die Beauty Kollagen Formulierung &#8211; Natural"},"content":{"rendered":"\t\t<div data-elementor-type=\"product-post\" data-elementor-id=\"40774\" class=\"elementor elementor-40774 elementor-40509\" data-elementor-post-type=\"product\">\n\t\t\t\t<div class=\"wd-negative-gap elementor-element elementor-element-4b3ded4a e-flex e-con-boxed e-con e-parent\" data-id=\"4b3ded4a\" data-element_type=\"container\" data-e-type=\"container\">\n\t\t\t\t\t<div class=\"e-con-inner\">\n\t\t\t\t<div class=\"elementor-element elementor-element-77c62149 color-scheme-inherit text-left elementor-widget elementor-widget-text-editor\" data-id=\"77c62149\" data-element_type=\"widget\" data-e-type=\"widget\" data-widget_type=\"text-editor.default\">\n\t\t\t\t<div class=\"elementor-widget-container\">\n\t\t\t\t\t\t\t\t\t<p class=\"p1\"><b>Key Ingredients &amp; Functional Benefits:<\/b><\/p><ul><li class=\"p1\">BCP<span class=\"s1\"><sup>\u00ae<\/sup><\/span> Collagen Peptides: Stimulates collagen production for firmer, more elastic skin<\/li><li class=\"p1\">Cynatine<span class=\"s1\"><sup>\u00ae<\/sup><\/span> Solubilised Keratin: Supports skin, hair strength, shine, and nail resilience<\/li><li class=\"p1\">SkinAx<span class=\"s1\"><sup>\u00ae<\/sup><\/span> Antioxidant Complex: Enhances luminosity, evens skin tone, reduces dark circles<\/li><\/ul><p><b>Clinically Proven Benefits* <\/b><\/p><p><span class=\"s3\">+15% skin elasticity<br \/><\/span><span class=\"s3\">\u201332% wrinkle depth<br \/><\/span><span class=\"s3\">+31% hair follicle growth<br \/><\/span><span class=\"s3\">\u201388% nail breakage<br \/><\/span><span class=\"s3\">\u201311% cellulite<br \/><\/span><span class=\"s3\">+26% skin luminosity<br \/><\/span><span class=\"s3\">\u201319% dark circles<br \/><\/span><span class=\"s3\">+30% hydration<br \/><\/span><span class=\"s3\">+122% skin smoothness<\/span><\/p><p>Visible results in as little as 8\u201312 weeks<\/p><p class=\"p1\"><b><br \/>How to use in your routine:<\/b><span class=\"s3\"><br \/><\/span>One sachet daily, natural or vanilla. Mix with water or your favourite beverage. Designed to amplify results: layer with The Superior or The Essential, integrate alongside The Ultimate Anti-Ageing, or use solo when deep, visible results are your priority.<\/p><p class=\"p1\"><b>Swiss made. Clinically validated. Pure, uncompromising quality.<\/b><\/p><p class=\"p3\"><em>*References<br \/><\/em>Proksch E, et\u202fal. Skin Pharmacol Physiol 2014;27(1):47\u201355.<br \/>Proksch E, et\u202fal. Skin Pharmacol Physiol 2014;27(3):113\u2013119.<br \/>Beer C, et\u202fal. ScientificWorldJournal 2014;2014:641723.<br \/>Oesser,<span class=\"Apple-converted-space\">\u00a0 <\/span>et al. Nutrafoods, 2020; 1:134-138.<br \/>Schunck et al. J Med Food; 2015; 18:1340\u20131348.<br \/>Dumoulin M, et\u202fal. Clin Cosmet Investig Dermatol 2016;9:315\u2011324.<\/p>\t\t\t\t\t\t\t\t<\/div>\n\t\t\t\t<\/div>\n\t\t\t\t\t<\/div>\n\t\t\t\t<\/div>\n\t\t\t\t<\/div>\n\t\t","protected":false},"excerpt":{"rendered":"<p><b>Klinisch bew\u00e4hrt. Sichtbare Ergebnisse. Sch\u00f6nheit der n\u00e4chsten Generation beginnt von innen<\/b><\/p>\n<p>Eine bahnbrechende, auf die Sch\u00f6nheit ausgerichtete Formel f\u00fcr alle, die mehr erwarten: Hochentwickeltes Kollagen, bioaktives Keratin und klinisch gepr\u00fcfte Antioxidantien f\u00fcr eine intensive, gezielte Verbesserung der Vitalit\u00e4t von Haut, Haar und N\u00e4geln.<\/p>\n","protected":false},"featured_media":41137,"comment_status":"open","ping_status":"closed","template":"","meta":{"_uf_show_specific_survey":0,"_uf_disable_surveys":false},"product_brand":[],"product_cat":[580],"product_tag":[656,712,716],"class_list":{"0":"post-40774","1":"product","2":"type-product","3":"status-publish","4":"has-post-thumbnail","6":"product_cat-boxen-en_es","7":"product_tag-beauty-en_es","8":"product_tag-new-en_es","9":"product_tag-the-ultimate-rejuvenator-en_es","11":"first","12":"instock","13":"taxable","14":"shipping-taxable","15":"purchasable","16":"product-type-simple"},"_links":{"self":[{"href":"https:\/\/woocommerce-old.formetta.com\/en_ES\/wp-json\/wp\/v2\/product\/40774","targetHints":{"allow":["GET"]}}],"collection":[{"href":"https:\/\/woocommerce-old.formetta.com\/en_ES\/wp-json\/wp\/v2\/product"}],"about":[{"href":"https:\/\/woocommerce-old.formetta.com\/en_ES\/wp-json\/wp\/v2\/types\/product"}],"replies":[{"embeddable":true,"href":"https:\/\/woocommerce-old.formetta.com\/en_ES\/wp-json\/wp\/v2\/comments?post=40774"}],"version-history":[{"count":11,"href":"https:\/\/woocommerce-old.formetta.com\/en_ES\/wp-json\/wp\/v2\/product\/40774\/revisions"}],"predecessor-version":[{"id":40835,"href":"https:\/\/woocommerce-old.formetta.com\/en_ES\/wp-json\/wp\/v2\/product\/40774\/revisions\/40835"}],"wp:featuredmedia":[{"embeddable":true,"href":"https:\/\/woocommerce-old.formetta.com\/en_ES\/wp-json\/wp\/v2\/media\/41137"}],"wp:attachment":[{"href":"https:\/\/woocommerce-old.formetta.com\/en_ES\/wp-json\/wp\/v2\/media?parent=40774"}],"wp:term":[{"taxonomy":"product_brand","embeddable":true,"href":"https:\/\/woocommerce-old.formetta.com\/en_ES\/wp-json\/wp\/v2\/product_brand?post=40774"},{"taxonomy":"product_cat","embeddable":true,"href":"https:\/\/woocommerce-old.formetta.com\/en_ES\/wp-json\/wp\/v2\/product_cat?post=40774"},{"taxonomy":"product_tag","embeddable":true,"href":"https:\/\/woocommerce-old.formetta.com\/en_ES\/wp-json\/wp\/v2\/product_tag?post=40774"}],"curies":[{"name":"wp","href":"https:\/\/api.w.org\/{rel}","templated":true}]}}