{"id":40686,"date":"2025-10-17T09:24:05","date_gmt":"2025-10-17T07:24:05","guid":{"rendered":"https:\/\/www.formetta.com\/produkt\/the-ultimate-anti-ageing-formulation\/"},"modified":"2025-10-23T18:23:26","modified_gmt":"2025-10-23T16:23:26","slug":"the-ultimate-anti-ageing-formulation","status":"publish","type":"product","link":"https:\/\/woocommerce-old.formetta.com\/en_ES\/produkt\/the-ultimate-anti-ageing-formulation\/","title":{"rendered":"Die Ultimative Anti-Ageing Formulierung"},"content":{"rendered":"\t\t<div data-elementor-type=\"product-post\" data-elementor-id=\"40686\" class=\"elementor elementor-40686 elementor-40515\" data-elementor-post-type=\"product\">\n\t\t\t\t<div class=\"wd-negative-gap elementor-element elementor-element-7302a40a e-flex e-con-boxed e-con e-parent\" data-id=\"7302a40a\" data-element_type=\"container\" data-e-type=\"container\">\n\t\t\t\t\t<div class=\"e-con-inner\">\n\t\t\t\t<div class=\"elementor-element elementor-element-1e51b08e color-scheme-inherit text-left elementor-widget elementor-widget-text-editor\" data-id=\"1e51b08e\" data-element_type=\"widget\" data-e-type=\"widget\" data-widget_type=\"text-editor.default\">\n\t\t\t\t<div class=\"elementor-widget-container\">\n\t\t\t\t\t\t\t\t\t<p><b>JEDE TAGESDOSIS ENTH\u00c4LT:<\/b><\/p><ul><li>Ceratiq\u00ae Phytoceramide: Ceramide auf pflanzlicher Basis, die nachweislich die Hautbarriere und den Feuchtigkeitsgehalt wiederherstellen<\/li><li>AstaReal\u00ae Astaxanthin: Starkes Antioxidans, das vor UV-Sch\u00e4den sch\u00fctzt und die Elastizit\u00e4t der Haut unterst\u00fctzt<\/li><li>Lutemax\u00ae 2020: Patentierter Lutein- und Zeaxanthin-Komplex, der die Helligkeit der Haut und den Lichtschutz verbessert<\/li><li>BioEnhanced\u00ae Na-RALA: Hoch bioverf\u00fcgbare Alpha-Lipons\u00e4ure zur Unterst\u00fctzung der mitochondrialen Energie und der Zellreparatur<\/li><li>CoQ10Vital\u00ae: Hochwertiges Coenzym Q10, das oxidativen Stress reduziert und die Festigkeit der Haut unterst\u00fctzt<\/li><li>SkinAx\u2122-Komplex: Fortschrittliche Antioxidantienmischung f\u00fcr Ausstrahlung und Entz\u00fcndungshemmung<\/li><li>Plus Theracurmin\u00ae, Lycobeads\u00ae, Vitamin D3, Vitamin K2 und Jod f\u00fcr umfassende zellul\u00e4re Unterst\u00fctzung<\/li><\/ul><p><b>KLINISCH ERWIESENE VORTEILE F\u00dcR:<\/b><\/p><ul><li>Haut: +21% Feuchtigkeitszufuhr, -18% Faltentiefe, +26% Leuchtkraft<\/li><li>Anti-Ageing: -30% entz\u00fcndliche Marker, -27% oxidativer Stress<\/li><li>Schutz: Verbesserter Lichtschutz, verbesserte Ebenm\u00e4\u00dfigkeit des Hauttons<\/li><li>Energie: Unterst\u00fctzung der Mitochondrien, Zellerneuerung, Verbesserung der Regeneration<\/li><\/ul><p><b>WIE ANZUWENDEN<\/b><\/p><p>Revolutionieren Sie Ihren Ansatz zur Langlebigkeit mit modernster Wissenschaft. Nehmen Sie 3 Kapseln t\u00e4glich mit einer Mahlzeit ein. Entworfen als Ihre prim\u00e4re vegane L\u00f6sung f\u00fcr eine umfassende Zellerneuerung oder als nahtlose Erg\u00e4nzung zu unseren Collagen-Formulierungen f\u00fcr eine Anti-Aging-Unterst\u00fctzung auf mehreren Wegen.<\/p>\t\t\t\t\t\t\t\t<\/div>\n\t\t\t\t<\/div>\n\t\t\t\t\t<\/div>\n\t\t\t\t<\/div>\n\t\t\t\t<\/div>\n\t\t","protected":false},"excerpt":{"rendered":"<p><strong>Vegane Zellerneuerung f\u00fcr Sch\u00f6nheit &amp; Langlebigkeit<\/strong><\/p>\n<p>Die moderne Alterung ist nicht nur ein Problem, sondern viele. Erschlie\u00dfen Sie die Zukunft des Wohlbefindens der Haut und der Vitalit\u00e4t des gesamten K\u00f6rpers mit der ersten veganen Formel aus der Schweiz, die auf alle 12 Merkmale der Zellalterung abzielt. Elf pflanzliche und klinisch dosierte Wirkstoffe wirken synergetisch f\u00fcr messbare Ergebnisse, die Sie sehen und f\u00fchlen k\u00f6nnen.<\/p>\n","protected":false},"featured_media":41063,"comment_status":"open","ping_status":"closed","template":"","meta":{"_uf_show_specific_survey":0,"_uf_disable_surveys":false},"product_brand":[],"product_cat":[580],"product_tag":[652,656,674,712,713,714,715,716],"class_list":{"0":"post-40686","1":"product","2":"type-product","3":"status-publish","4":"has-post-thumbnail","6":"product_cat-boxen-en_es","7":"product_tag-anti-ageing-en_es","8":"product_tag-beauty-en_es","9":"product_tag-health-en_es","10":"product_tag-new-en_es","11":"product_tag-the-all-out-defender-en_es","12":"product_tag-the-longevity-vegan-en_es","13":"product_tag-the-platinum-performer-en_es","14":"product_tag-the-ultimate-rejuvenator-en_es","16":"first","17":"instock","18":"taxable","19":"shipping-taxable","20":"purchasable","21":"product-type-simple"},"_links":{"self":[{"href":"https:\/\/woocommerce-old.formetta.com\/en_ES\/wp-json\/wp\/v2\/product\/40686","targetHints":{"allow":["GET"]}}],"collection":[{"href":"https:\/\/woocommerce-old.formetta.com\/en_ES\/wp-json\/wp\/v2\/product"}],"about":[{"href":"https:\/\/woocommerce-old.formetta.com\/en_ES\/wp-json\/wp\/v2\/types\/product"}],"replies":[{"embeddable":true,"href":"https:\/\/woocommerce-old.formetta.com\/en_ES\/wp-json\/wp\/v2\/comments?post=40686"}],"version-history":[{"count":6,"href":"https:\/\/woocommerce-old.formetta.com\/en_ES\/wp-json\/wp\/v2\/product\/40686\/revisions"}],"predecessor-version":[{"id":41260,"href":"https:\/\/woocommerce-old.formetta.com\/en_ES\/wp-json\/wp\/v2\/product\/40686\/revisions\/41260"}],"wp:featuredmedia":[{"embeddable":true,"href":"https:\/\/woocommerce-old.formetta.com\/en_ES\/wp-json\/wp\/v2\/media\/41063"}],"wp:attachment":[{"href":"https:\/\/woocommerce-old.formetta.com\/en_ES\/wp-json\/wp\/v2\/media?parent=40686"}],"wp:term":[{"taxonomy":"product_brand","embeddable":true,"href":"https:\/\/woocommerce-old.formetta.com\/en_ES\/wp-json\/wp\/v2\/product_brand?post=40686"},{"taxonomy":"product_cat","embeddable":true,"href":"https:\/\/woocommerce-old.formetta.com\/en_ES\/wp-json\/wp\/v2\/product_cat?post=40686"},{"taxonomy":"product_tag","embeddable":true,"href":"https:\/\/woocommerce-old.formetta.com\/en_ES\/wp-json\/wp\/v2\/product_tag?post=40686"}],"curies":[{"name":"wp","href":"https:\/\/api.w.org\/{rel}","templated":true}]}}