{"id":41682,"date":"2025-10-17T10:43:53","date_gmt":"2025-10-17T08:43:53","guid":{"rendered":"https:\/\/www.formetta.com\/produkt\/essential-anti-ageing-duo\/"},"modified":"2025-10-28T14:03:29","modified_gmt":"2025-10-28T13:03:29","slug":"essential-anti-ageing-duo","status":"publish","type":"product","link":"https:\/\/woocommerce-old.formetta.com\/de_AT\/produkt\/essential-anti-ageing-duo\/","title":{"rendered":"Das Essential Anti-Ageing Duo &#8211; Natural"},"content":{"rendered":"<p><strong>DIE ESSENTIELLE KOLLAGEN FORMULIERUNG:<\/strong><\/p>\n<ul>\n<li>Kompleter BCP\u00ae Komplex: Bioaktive Peptide des gesamten Spektrums f\u00fcr Haut, Gelenke und Knochen<\/li>\n<li>S\u00fcsswasserperlen-Pulver: Mineralienreiche Unterst\u00fctzung der Kollagensynthese<\/li>\n<li>Reine, hitzestabile Formel: Maximale Vielseitigkeit und Reinheit der Inhaltsstoffe<\/li>\n<\/ul>\n<p><strong>DIE ULTIMATIVE ANTI-AGING FORMULIERUNG:<\/strong><\/p>\n<ul>\n<li>11 klinisch dosierte Wirkstoffe: Auf alle 12 Merkmale der biologischen Alterung abzielend<\/li>\n<li>Vegane zellul\u00e4re Unterst\u00fctzung: Antioxidantien auf pflanzlicher Basis, Ceramide und Langlebigkeitsn\u00e4hrstoffe<\/li>\n<li>Multi-System-Vorteile: Haut, Energie, Entz\u00fcndungen und Verbesserung der Regeneration<\/li>\n<\/ul>\n<p><strong>KLINISCH NACHGEWIESENE KOMBINIERTE VORTEILE:<\/strong><\/p>\n<ul>\n<li>Vollst\u00e4ndige strukturelle Erneuerung durch bioaktive Kollagenpeptide<\/li>\n<li>Fortschrittlicher Zellschutz und Energieoptimierung<\/li>\n<li>Verbesserte Hautfeuchtigkeit, Festigkeit und Leuchtkraft<\/li>\n<li>Hervorragende Unterst\u00fctzung von Gelenken, Knochen und Bindegewebe<\/li>\n<li>Umfassender Schutz vor Entz\u00fcndungen und Antioxidantien<\/li>\n<li>Reine, geschmacksneutrale Formeln f\u00fcr maximale Flexibilit\u00e4t bei der Nahrungsaufnahme<\/li>\n<\/ul>\n<p><strong>ANWENDUNG<\/strong><\/p>\n<p>Schicht f\u00fcr eine vollst\u00e4ndige Unterst\u00fctzung der Langlebigkeit. Nehmen Sie die Essential Kollagen Formulierung t\u00e4glich in einem beliebigen Getr\u00e4nk ein, um eine grundlegende strukturelle Erneuerung zu erreichen, und zus\u00e4tzlich 3 Ultimate Anti-Ageing-Kapseln mit dem Essen, um die Zellstruktur zu optimieren. Diese Kombination liefert sowohl sofortige Kollagenvorteile als auch eine langfristige Anti-Ageing-Transformation.<\/p>\n","protected":false},"excerpt":{"rendered":"<p><strong>Die ultimative Anti-Ageing Formulierung kombiniert mit der Essential Kollagen Formulierung. Duo-Produktpaket im Wert von CHF 218.<\/strong><\/p>\n<p>Diese kraftvolle Kombination vereint unsere geschmacksneutrale und mineralstoffreiche Essential Kollagen Formulierung mit der bahnbrechenden Ultimate Anti-Ageing Formulierung f\u00fcr eine umfassende Transformation von innen nach au\u00dfen. Dieses Paket unterst\u00fctzt sowohl die strukturelle Kollagenerneuerung als auch die zellul\u00e4re Langlebigkeit und deckt damit alle Aspekte des gesunden Alterns ab.<\/p>\n<p>Die strategische Kombination der grundlegenden Kollagen-Wissenschaft mit modernster Technologie zur Zellerneuerung schafft einen mehrgleisigen Ansatz f\u00fcr Langlebigkeit, der sowohl auf die sichtbaren Zeichen der Alterung als auch auf tiefgreifende biologische Prozesse abzielt.<\/p>\n","protected":false},"featured_media":41674,"comment_status":"open","ping_status":"closed","template":"","meta":{"_uf_show_specific_survey":0,"_uf_disable_surveys":false},"product_brand":[],"product_cat":[281],"product_tag":[743,744,745,684,746],"class_list":{"0":"post-41682","1":"product","2":"type-product","3":"status-publish","4":"has-post-thumbnail","6":"product_cat-boxen-de_at","7":"product_tag-anti-ageing-de_at","8":"product_tag-duo-de_at","9":"product_tag-health-de_at","10":"product_tag-new-de_at","11":"product_tag-the-all-out-defender-de_at","13":"first","14":"instock","15":"taxable","16":"shipping-taxable","17":"purchasable","18":"product-type-simple"},"_links":{"self":[{"href":"https:\/\/woocommerce-old.formetta.com\/de_AT\/wp-json\/wp\/v2\/product\/41682","targetHints":{"allow":["GET"]}}],"collection":[{"href":"https:\/\/woocommerce-old.formetta.com\/de_AT\/wp-json\/wp\/v2\/product"}],"about":[{"href":"https:\/\/woocommerce-old.formetta.com\/de_AT\/wp-json\/wp\/v2\/types\/product"}],"replies":[{"embeddable":true,"href":"https:\/\/woocommerce-old.formetta.com\/de_AT\/wp-json\/wp\/v2\/comments?post=41682"}],"version-history":[{"count":4,"href":"https:\/\/woocommerce-old.formetta.com\/de_AT\/wp-json\/wp\/v2\/product\/41682\/revisions"}],"predecessor-version":[{"id":42114,"href":"https:\/\/woocommerce-old.formetta.com\/de_AT\/wp-json\/wp\/v2\/product\/41682\/revisions\/42114"}],"wp:featuredmedia":[{"embeddable":true,"href":"https:\/\/woocommerce-old.formetta.com\/de_AT\/wp-json\/wp\/v2\/media\/41674"}],"wp:attachment":[{"href":"https:\/\/woocommerce-old.formetta.com\/de_AT\/wp-json\/wp\/v2\/media?parent=41682"}],"wp:term":[{"taxonomy":"product_brand","embeddable":true,"href":"https:\/\/woocommerce-old.formetta.com\/de_AT\/wp-json\/wp\/v2\/product_brand?post=41682"},{"taxonomy":"product_cat","embeddable":true,"href":"https:\/\/woocommerce-old.formetta.com\/de_AT\/wp-json\/wp\/v2\/product_cat?post=41682"},{"taxonomy":"product_tag","embeddable":true,"href":"https:\/\/woocommerce-old.formetta.com\/de_AT\/wp-json\/wp\/v2\/product_tag?post=41682"}],"curies":[{"name":"wp","href":"https:\/\/api.w.org\/{rel}","templated":true}]}}