{"id":41660,"date":"2025-10-17T10:40:53","date_gmt":"2025-10-17T08:40:53","guid":{"rendered":"https:\/\/www.formetta.com\/produkt\/anti-ageing-starter-set\/"},"modified":"2025-10-28T16:01:36","modified_gmt":"2025-10-28T15:01:36","slug":"anti-ageing-starter-set","status":"publish","type":"product","link":"https:\/\/woocommerce-old.formetta.com\/de_AT\/produkt\/anti-ageing-starter-set\/","title":{"rendered":"Das Anti-Ageing Starter Set"},"content":{"rendered":"<p><strong>DAS VOLLST\u00c4NDIGE 3-MONATS-PROTOKOLL ENTH\u00c4LT:<\/strong><\/p>\n<ul>\n<li>Ceratiq\u00ae Phytoceramide: 90 Tage lang Wiederherstellung der Hautbarriere und Verbesserung der Hydratation<\/li>\n<li>AstaReal\u00ae Astaxanthin: Erweiterter antioxidativer Schutz und Umkehrung von UV-Sch\u00e4den<\/li>\n<li>Lutemax\u00ae 2020: Anhaltender Lichtschutz und Verbesserung der Hauthelligkeit<\/li>\n<li>BioEnhanced\u00ae Na-RALA: Kontinuierliche Unterst\u00fctzung der mitochondrialen Energie und der zellul\u00e4ren Reparatur<\/li>\n<li>CoQ10Vital\u00ae, SkinAx\u2122, Theracurmin\u00ae: Umfassender Schutz vor Entz\u00fcndungen und Antioxidantien<\/li>\n<li>Plus Vitamin D3, K2, Jod: Wesentliche Kofaktoren f\u00fcr eine optimale Zellfunktion<\/li>\n<\/ul>\n<p><strong>KLINISCH ERPROBTE 90-TAGE-TRANSFORMATION:<\/strong><\/p>\n<ul>\n<li>Progressive Verbesserung der Hydratation: +21% bis Monat 3<\/li>\n<li>Kumulative Faltenreduzierung: -18% Tiefe, sichtbare Gl\u00e4ttung<\/li>\n<li>Verbesserte Leuchtkraft: +26% Helligkeit und Ebenm\u00e4\u00dfigkeit der Haut<\/li>\n<li>Kontrolle von Entz\u00fcndungen: -30% Marker, verbesserte Regeneration und Widerstandsf\u00e4higkeit<\/li>\n<li>Energie und Vitalit\u00e4t: Sp\u00fcrbare Verbesserungen der Zellfunktionen<\/li>\n<li>Vollst\u00e4ndige Anti-Aging-Abdeckung: Alle 12 biologischen Mechanismen werden angesprochen<\/li>\n<\/ul>\n<p><strong>WIE BENUTZEN<\/strong><\/p>\n<p>Verpflichten Sie sich zur Transformation mit unserem vollst\u00e4ndigen 3-Monats-Protokoll. Nehmen Sie 90 Tage lang t\u00e4glich 3 Kapseln mit dem Essen ein. Dieser verl\u00e4ngerte Zeitrahmen erm\u00f6glicht eine vollst\u00e4ndige Zellerneuerung und maximale sichtbare Ergebnisse. Perfekt als eigenst\u00e4ndige vegane Anti-Aging-L\u00f6sung oder als Grundlage f\u00fcr k\u00fcnftige Schichtprotokolle.<\/p>\n","protected":false},"excerpt":{"rendered":"<p><strong data-renderer-mark=\"true\">Die ultimative Anti-Ageing-Formulierung f\u00fcr die ersten 3 Monate inkl. gratis Mischbecher.<\/strong><\/p>\n<p>Dieser umfassende 90-Tage-Vorrat unserer revolution\u00e4ren Ultimate Anti-Ageing-Formulierung enth\u00e4lt alles, was Sie f\u00fcr eine vollst\u00e4ndige Zelltransformation ben\u00f6tigen. Mit elf klinisch dosierten pflanzlichen Wirkstoffen, die auf alle 12 Kennzeichen des Alterns abzielen, liefert dieses Starter Set messbare Anti-Ageing-Ergebnisse, die innerhalb von 12-16 Wochen sichtbar sind.<\/p>\n<p>Entwickelt f\u00fcr diejenigen, die ernsthafte Langlebigkeitsergebnisse anstreben. Es bietet ausreichend Zeit, um die zellul\u00e4ren Erneuerungsprozesse zu aktivieren und durch eine umfassende biologische Umkehrung der Alterung eine sichtbare und dauerhafte Ver\u00e4nderung zu erzielen.<\/p>\n<p>&nbsp;<\/p>\n","protected":false},"featured_media":41645,"comment_status":"open","ping_status":"closed","template":"","meta":{"_uf_show_specific_survey":0,"_uf_disable_surveys":false},"product_brand":[],"product_cat":[281],"product_tag":[743,684,773,753,747],"class_list":{"0":"post-41660","1":"product","2":"type-product","3":"status-publish","4":"has-post-thumbnail","6":"product_cat-boxen-de_at","7":"product_tag-anti-ageing-de_at","8":"product_tag-new-de_at","9":"product_tag-starter-set-de_at","10":"product_tag-the-longevity-vegan-de_at","11":"product_tag-the-platinum-performer-de_at","13":"first","14":"instock","15":"taxable","16":"shipping-taxable","17":"purchasable","18":"product-type-simple"},"_links":{"self":[{"href":"https:\/\/woocommerce-old.formetta.com\/de_AT\/wp-json\/wp\/v2\/product\/41660","targetHints":{"allow":["GET"]}}],"collection":[{"href":"https:\/\/woocommerce-old.formetta.com\/de_AT\/wp-json\/wp\/v2\/product"}],"about":[{"href":"https:\/\/woocommerce-old.formetta.com\/de_AT\/wp-json\/wp\/v2\/types\/product"}],"replies":[{"embeddable":true,"href":"https:\/\/woocommerce-old.formetta.com\/de_AT\/wp-json\/wp\/v2\/comments?post=41660"}],"version-history":[{"count":3,"href":"https:\/\/woocommerce-old.formetta.com\/de_AT\/wp-json\/wp\/v2\/product\/41660\/revisions"}],"predecessor-version":[{"id":42154,"href":"https:\/\/woocommerce-old.formetta.com\/de_AT\/wp-json\/wp\/v2\/product\/41660\/revisions\/42154"}],"wp:featuredmedia":[{"embeddable":true,"href":"https:\/\/woocommerce-old.formetta.com\/de_AT\/wp-json\/wp\/v2\/media\/41645"}],"wp:attachment":[{"href":"https:\/\/woocommerce-old.formetta.com\/de_AT\/wp-json\/wp\/v2\/media?parent=41660"}],"wp:term":[{"taxonomy":"product_brand","embeddable":true,"href":"https:\/\/woocommerce-old.formetta.com\/de_AT\/wp-json\/wp\/v2\/product_brand?post=41660"},{"taxonomy":"product_cat","embeddable":true,"href":"https:\/\/woocommerce-old.formetta.com\/de_AT\/wp-json\/wp\/v2\/product_cat?post=41660"},{"taxonomy":"product_tag","embeddable":true,"href":"https:\/\/woocommerce-old.formetta.com\/de_AT\/wp-json\/wp\/v2\/product_tag?post=41660"}],"curies":[{"name":"wp","href":"https:\/\/api.w.org\/{rel}","templated":true}]}}