{"id":41556,"date":"2025-10-17T08:41:03","date_gmt":"2025-10-17T06:41:03","guid":{"rendered":"https:\/\/www.formetta.com\/produkt\/essential-beauty-duo\/"},"modified":"2025-10-29T17:57:26","modified_gmt":"2025-10-29T16:57:26","slug":"essential-beauty-duo","status":"publish","type":"product","link":"https:\/\/woocommerce-old.formetta.com\/de_AT\/produkt\/essential-beauty-duo\/","title":{"rendered":"Das Essential Beauty Duo"},"content":{"rendered":"<p><strong>DIE ESSENTIELLE KOLLAGEN FORMULIERUNG:<\/strong><\/p>\n<ul>\n<li>Kompletter BCP\u00ae Komplex: Bioaktive Peptide des gesamten Spektrums f\u00fcr Haut, Gelenke und Knochen<\/li>\n<li>S\u00fcsswasserperlen-Pulver: Mineralienreiche Unterst\u00fctzung f\u00fcr die Kollagenproduktion und den Schutz<\/li>\n<li>Reine, hitzestabile Formel: Perfekt zum Einr\u00fchren in jedes Getr\u00e4nk oder Rezept<\/li>\n<\/ul>\n<p><strong>DIE BEAUTY KOLLAGEN FORMULIERUNG:<\/strong><\/p>\n<ul>\n<li>BCP-1\u00ae Double Dose: Verst\u00e4rkte Kollagenstimulation in Kombination mit Essential<\/li>\n<li>Cynatine\u00ae L\u00f6sliches Keratin: Patentiertes Keratin f\u00fcr kr\u00e4ftiges Haar und widerstandsf\u00e4hige N\u00e4gel<\/li>\n<li>SkinAx\u2122 Antioxidantien-Komplex: Fortschrittlicher Schutz und Steigerung der Leuchtkraft<\/li>\n<\/ul>\n<p><strong>KLINISCH NACHGEWIESENE SYNERGETISCHE VORTEILE:<\/strong><\/p>\n<ul>\n<li>Verst\u00e4rkte Kollagensynthese durch doppelte BCP-1\u00ae Zufuhr<\/li>\n<li>Verbesserte Elastizit\u00e4t, Festigkeit und Ausstrahlung der Haut<\/li>\n<li>Kr\u00e4ftigeres Haar, weniger Haarbruch, verbesserte Nagelgesundheit<\/li>\n<li>Vollst\u00e4ndige strukturelle Unterst\u00fctzung f\u00fcr Gelenke und Knochen<\/li>\n<li>Maximale Reinheit mit nat\u00fcrlichen, nicht aromatisierten Formeln<\/li>\n<\/ul>\n<p><strong>WIE ANZUWENDEN<\/strong><\/p>\n<p>Schichtweise f\u00fcr transformative Ergebnisse. Nehmen Sie die Essential Kollagen Formulierung t\u00e4glich als Grundlage ein und f\u00fcgen Sie dann die Beauty Kollagen Formulierung zur gezielten Verbesserung hinzu. Beide Formeln lassen sich nahtlos in Wasser, Smoothies oder jedes andere kalte Getr\u00e4nk einr\u00fchren &#8211; f\u00fcr ein m\u00fcheloses t\u00e4gliches Sch\u00f6nheitsritual.<\/p>\n","protected":false},"excerpt":{"rendered":"<p><strong>Die Beauty Kollagen Formulierung kombiniert mit der Essential Kollagen Formulierung. Duo-Produktpaket im Wert von CHF 208.<\/strong><\/p>\n<p>Dieses pr\u00e4zisionsgeschichtete Duo kombiniert unser reines, geschmacksneutrales Essential Kollagen mit der gezielten Beauty Kollagen Formulierung f\u00fcr eine umfassende Erneuerung von Haut, Haar und N\u00e4geln. Angereichert mit Perlenpulver und bioaktivem Keratin liefert diese Kombination Ergebnisse in klinischer Qualit\u00e4t f\u00fcr alle, die maximale Sch\u00f6nheit mit minimalen, sauberen Inhaltsstoffen erreichen m\u00f6chten.<\/p>\n<p>Dieses von Experten zusammengestellte Duo nutzt die Synergie von grundlegender Kollagen-Wissenschaft und gezielter Sch\u00f6nheitspflege und verst\u00e4rkt die Ergebnisse durch die strategische Schichtung von sich erg\u00e4nzenden bioaktiven Systemen.<\/p>\n","protected":false},"featured_media":42337,"comment_status":"open","ping_status":"closed","template":"","meta":{"_uf_show_specific_survey":0,"_uf_disable_surveys":false},"product_brand":[],"product_cat":[281],"product_tag":[659,744,785,755,684,686],"class_list":{"0":"post-41556","1":"product","2":"type-product","3":"status-publish","4":"has-post-thumbnail","6":"product_cat-boxen-de_at","7":"product_tag-beauty-de_at","8":"product_tag-duo-de_at","9":"product_tag-essential-de_at","10":"product_tag-natural-de_at","11":"product_tag-new-de_at","12":"product_tag-the-glow-maximizer-de_at","14":"first","15":"instock","16":"taxable","17":"shipping-taxable","18":"purchasable","19":"product-type-simple"},"_links":{"self":[{"href":"https:\/\/woocommerce-old.formetta.com\/de_AT\/wp-json\/wp\/v2\/product\/41556","targetHints":{"allow":["GET"]}}],"collection":[{"href":"https:\/\/woocommerce-old.formetta.com\/de_AT\/wp-json\/wp\/v2\/product"}],"about":[{"href":"https:\/\/woocommerce-old.formetta.com\/de_AT\/wp-json\/wp\/v2\/types\/product"}],"replies":[{"embeddable":true,"href":"https:\/\/woocommerce-old.formetta.com\/de_AT\/wp-json\/wp\/v2\/comments?post=41556"}],"version-history":[{"count":3,"href":"https:\/\/woocommerce-old.formetta.com\/de_AT\/wp-json\/wp\/v2\/product\/41556\/revisions"}],"predecessor-version":[{"id":42138,"href":"https:\/\/woocommerce-old.formetta.com\/de_AT\/wp-json\/wp\/v2\/product\/41556\/revisions\/42138"}],"wp:featuredmedia":[{"embeddable":true,"href":"https:\/\/woocommerce-old.formetta.com\/de_AT\/wp-json\/wp\/v2\/media\/42337"}],"wp:attachment":[{"href":"https:\/\/woocommerce-old.formetta.com\/de_AT\/wp-json\/wp\/v2\/media?parent=41556"}],"wp:term":[{"taxonomy":"product_brand","embeddable":true,"href":"https:\/\/woocommerce-old.formetta.com\/de_AT\/wp-json\/wp\/v2\/product_brand?post=41556"},{"taxonomy":"product_cat","embeddable":true,"href":"https:\/\/woocommerce-old.formetta.com\/de_AT\/wp-json\/wp\/v2\/product_cat?post=41556"},{"taxonomy":"product_tag","embeddable":true,"href":"https:\/\/woocommerce-old.formetta.com\/de_AT\/wp-json\/wp\/v2\/product_tag?post=41556"}],"curies":[{"name":"wp","href":"https:\/\/api.w.org\/{rel}","templated":true}]}}