{"id":41530,"date":"2025-10-17T09:42:34","date_gmt":"2025-10-17T07:42:34","guid":{"rendered":"https:\/\/www.formetta.com\/produkt\/beauty-starter-set\/"},"modified":"2025-10-28T14:06:03","modified_gmt":"2025-10-28T13:06:03","slug":"beauty-starter-set","status":"publish","type":"product","link":"https:\/\/woocommerce-old.formetta.com\/de_AT\/produkt\/beauty-starter-set\/","title":{"rendered":"Das Beauty Starter Set &#8211; Natural"},"content":{"rendered":"<p><strong>JEDE TAGESDOSIS ENTH\u00c4LT:<\/strong><\/p>\n<ul>\n<li>BCP-1\u00ae Kollagen-Peptide: Klinisch erwiesen zur Stimulierung der Kollagenproduktion f\u00fcr eine straffere, elastischere Haut<\/li>\n<li>Cynatine\u00ae L\u00f6sliches Keratin: Patentiertes bioverf\u00fcgbares Keratin, das die St\u00e4rke und den Glanz der Haare sowie die Widerstandsf\u00e4higkeit der N\u00e4gel unterst\u00fctzt<\/li>\n<li>SkinAx\u2122 Antioxidantien-Komplex: Hochentwickelte Mischung aus Traubenkernextrakt, Melonen-SOD, Vitamin C und Zink f\u00fcr mehr Leuchtkraft und Hautton<\/li>\n<\/ul>\n<p><strong>KLINISCH ERWIESENE VORTEILE F\u00dcR:<\/strong><\/p>\n<ul>\n<li>Haut: +15% Elastizit\u00e4t, -32% Faltenreduktion, +65% Kollagensynthese<\/li>\n<li>Haare: +31% Follikelwachstum, -34% Haarausfall, +65% Glanz<\/li>\n<li>N\u00e4gel: -88% Bruch, +88% H\u00e4rte, verbesserte Farbwiederherstellung<\/li>\n<li>Insgesamt: +26% Leuchtkraft der Haut, +122% Gl\u00e4tte, +30% Feuchtigkeitszufuhr<\/li>\n<\/ul>\n<p><strong>WIE ANZUWENDEN<\/strong><\/p>\n<p>Verwandeln Sie Ihr Sch\u00f6nheitsritual mit bew\u00e4hrter Wissenschaft. Geniessen Sie einen Beutel pro Tag, gemischt mit Wasser oder Ihrem Lieblingsgetr\u00e4nk. Entwickelt, um die Ergebnisse zu verst\u00e4rken: kombinieren Sie es mit der Ultimativen Kollagen Formulierung oder der Essential Kollagen Formulierung, verwenden Sie es zusammen mit der ultimativen Anti-Ageing Formulierung oder verwenden Sie es allein, wenn Sie auf tiefgreifende, sichtbare Ergebnisse Wert legen.<\/p>\n","protected":false},"excerpt":{"rendered":"<p><strong>Die Natural Beauty Kollagen Formulierung f\u00fcr die ersten 2 Monate inkl. gratis Mischbecher.<\/strong><\/p>\n<p>Diese auf die Sch\u00f6nheit ausgerichtete Formel der n\u00e4chsten Generation kombiniert modernste bioaktive Kollagenpeptide, patentiertes l\u00f6sliches Keratin und klinisch validierte Antioxidantien f\u00fcr eine intensive, gezielte Verbesserung der Vitalit\u00e4t von Haut, Haar und N\u00e4geln. Entwickelt f\u00fcr diejenigen, die sichtbare, messbare Ergebnisse erwarten.<\/p>\n<p>Unsere Beauty Kollagen Formulierung nutzt die Kraft der effektivsten Sch\u00f6nheitsmechanismen der Natur &#8211; Anregung, Aufbau und Schutz &#8211; und wurde sorgf\u00e4ltig entwickelt, um von innen heraus transformative Ergebnisse zu erzielen.<\/p>\n","protected":false},"featured_media":41510,"comment_status":"open","ping_status":"closed","template":"","meta":{"_uf_show_specific_survey":0,"_uf_disable_surveys":false},"product_brand":[],"product_cat":[281],"product_tag":[659,684,773,686,687,688],"class_list":{"0":"post-41530","1":"product","2":"type-product","3":"status-publish","4":"has-post-thumbnail","6":"product_cat-boxen-de_at","7":"product_tag-beauty-de_at","8":"product_tag-new-de_at","9":"product_tag-starter-set-de_at","10":"product_tag-the-glow-maximizer-de_at","11":"product_tag-the-glow-seeker-de_at","12":"product_tag-the-ultimate-rejuvenator-de_at","14":"first","15":"instock","16":"taxable","17":"shipping-taxable","18":"purchasable","19":"product-type-simple"},"_links":{"self":[{"href":"https:\/\/woocommerce-old.formetta.com\/de_AT\/wp-json\/wp\/v2\/product\/41530","targetHints":{"allow":["GET"]}}],"collection":[{"href":"https:\/\/woocommerce-old.formetta.com\/de_AT\/wp-json\/wp\/v2\/product"}],"about":[{"href":"https:\/\/woocommerce-old.formetta.com\/de_AT\/wp-json\/wp\/v2\/types\/product"}],"replies":[{"embeddable":true,"href":"https:\/\/woocommerce-old.formetta.com\/de_AT\/wp-json\/wp\/v2\/comments?post=41530"}],"version-history":[{"count":6,"href":"https:\/\/woocommerce-old.formetta.com\/de_AT\/wp-json\/wp\/v2\/product\/41530\/revisions"}],"predecessor-version":[{"id":42122,"href":"https:\/\/woocommerce-old.formetta.com\/de_AT\/wp-json\/wp\/v2\/product\/41530\/revisions\/42122"}],"wp:featuredmedia":[{"embeddable":true,"href":"https:\/\/woocommerce-old.formetta.com\/de_AT\/wp-json\/wp\/v2\/media\/41510"}],"wp:attachment":[{"href":"https:\/\/woocommerce-old.formetta.com\/de_AT\/wp-json\/wp\/v2\/media?parent=41530"}],"wp:term":[{"taxonomy":"product_brand","embeddable":true,"href":"https:\/\/woocommerce-old.formetta.com\/de_AT\/wp-json\/wp\/v2\/product_brand?post=41530"},{"taxonomy":"product_cat","embeddable":true,"href":"https:\/\/woocommerce-old.formetta.com\/de_AT\/wp-json\/wp\/v2\/product_cat?post=41530"},{"taxonomy":"product_tag","embeddable":true,"href":"https:\/\/woocommerce-old.formetta.com\/de_AT\/wp-json\/wp\/v2\/product_tag?post=41530"}],"curies":[{"name":"wp","href":"https:\/\/api.w.org\/{rel}","templated":true}]}}