{"id":24128,"date":"2024-06-22T11:18:00","date_gmt":"2024-06-22T09:18:00","guid":{"rendered":"https:\/\/www.formetta.com\/produkt\/essentielle-kollagen-formulierung-natural-box\/"},"modified":"2024-10-26T11:56:55","modified_gmt":"2024-10-26T09:56:55","slug":"essentielle-kollagen-formulierung-natural-box","status":"publish","type":"product","link":"https:\/\/woocommerce-old.formetta.com\/de_AT\/produkt\/essentielle-kollagen-formulierung-natural-box\/","title":{"rendered":"Die Essentielle Kollagen Formulierung &#8211; Natural (Box)"},"content":{"rendered":"\t\t<div data-elementor-type=\"product-post\" data-elementor-id=\"24128\" class=\"elementor elementor-24128 elementor-19443\" data-elementor-post-type=\"product\">\n\t\t\t\t<div class=\"wd-negative-gap elementor-element elementor-element-3d60cf76 e-flex e-con-boxed e-con e-parent\" data-id=\"3d60cf76\" data-element_type=\"container\" data-e-type=\"container\">\n\t\t\t\t\t<div class=\"e-con-inner\">\n\t\t\t\t<div class=\"elementor-element elementor-element-f82435b color-scheme-inherit text-left elementor-widget elementor-widget-text-editor\" data-id=\"f82435b\" data-element_type=\"widget\" data-e-type=\"widget\" data-widget_type=\"text-editor.default\">\n\t\t\t\t<div class=\"elementor-widget-container\">\n\t\t\t\t\t\t\t\t\t<p>Die Essential Formula ist f\u00fcr alle, die unvergleichliche Kollagenvorteile mit einem klaren und vereinfachten Ansatz suchen.<\/p><h4>JEDE TAGESDOSIS ENTH\u00c4LT:<\/h4><ol><li>Advanced BCP\u00ae Complex: Bietet alle klinischen Vorteile unserer patentierten Kollagenpeptide.<\/li><li>S\u00fc\u00dfwasserperlen-Pulver: Ein altes ozeanisches Adaptogen, das reich an Mineralien ist, die Kollagenproduktion f\u00f6rdert und Entz\u00fcndungen reduziert. Es ist auch die reichste Quelle f\u00fcr Kalzium, das f\u00fcr die Knochengesundheit unerl\u00e4sslich ist.<\/li><\/ol><p>Neutraler Geschmack und Vielseitigkeit: Die Essential Formula kann erhitzt werden und ist geschmacksneutral, so dass sie leicht in jede Routine integriert werden kann.<\/p><h4>KLINISCH ERWIESENE VORTEILE F\u00dcR:<\/h4><ul><li>Haut<\/li><li>Haare<\/li><li>N\u00e4gel<\/li><li>Gelenke<\/li><li>Knochen<\/li><\/ul><h4>ANWENDUNGSWEISE<\/h4><p>Optimieren Sie Ihre Wellness-Routine mit unserem unkomplizierten Ansatz f\u00fcr Langlebigkeit. Genie\u00dfen Sie einen Beutel pro Tag, gemischt mit Wasser, Ihrem Lieblingskaltgetr\u00e4nk oder Joghurt.<\/p><h4>ABONNIEREN &amp; SPAREN<\/h4><p>Der bequemste Weg, um sicherzustellen, dass Ihnen Ihr t\u00e4gliches Formett\u0101 nie ausgeht. Sie k\u00f6nnen eine beliebige Anzahl von Formett\u0101-Packungen f\u00fcr 30 Tage bestellen, die regelm\u00e4ssig direkt zu Ihnen nach Hause geliefert werden. Die von Ihnen gew\u00e4hlte Bestellung wird innerhalb von 48 Stunden versandt. Sie erhalten dann alle 30 Tage ab dem Datum der urspr\u00fcnglichen Bestellung die gleiche Bestellung.<\/p><p>Gr\u00fcnde f\u00fcr ein Abonnement:<\/p><ul><li>Sie sparen 10% auf Ihre Bestellung und alle wiederkehrenden Bestellungen<\/li><li>Kostenloser Versand f\u00fcr alle Abonnement-Bestellungen.<br \/>Pausieren oder k\u00fcndigen Sie Ihr Abonnement jederzeit.<\/li><li>Sie k\u00f6nnen Ihre Abonnement-Pr\u00e4ferenzen jederzeit einfach \u00e4ndern, indem Sie sich in Ihr Konto einloggen oder unser Kundenservice-Team \u00fcber <a href=\"mailto:info@formetta.com\">info@formetta.com<\/a> kontaktieren.<\/li><\/ul><p>Wir werden immer unser Bestes tun, um \u00c4nderungen in letzter Minute f\u00fcr Sie vorzunehmen, aber wir k\u00f6nnen nur \u00c4nderungen garantieren, die innerhalb von 5 Arbeitstagen nach dem Versanddatum beantragt werden<\/p>\t\t\t\t\t\t\t\t<\/div>\n\t\t\t\t<\/div>\n\t\t<div class=\"wd-negative-gap elementor-element elementor-element-eda9652 e-flex e-con-boxed e-con e-child\" data-id=\"eda9652\" data-element_type=\"container\" data-e-type=\"container\">\n\t\t\t\t\t<div class=\"e-con-inner\">\n\t\t\t\t<div class=\"elementor-element elementor-element-810ac31 wd-width-100 elementor-widget elementor-widget-wd_title\" data-id=\"810ac31\" data-element_type=\"widget\" data-e-type=\"widget\" data-widget_type=\"wd_title.default\">\n\t\t\t\t<div class=\"elementor-widget-container\">\n\t\t\t\t\t\t\t<div class=\"title-wrapper wd-set-mb reset-last-child wd-title-color-primary wd-title-style-default wd-title-size-extra-large text-center\">\n\n\t\t\t\n\t\t\t<div class=\"liner-continer\">\n\t\t\t\t<h4 class=\"woodmart-title-container title wd-fontsize-xxxl\">R\u00fcckmeldungen von zufriedenen Kunden<\/h4> \n\t\t\t\t\t\t\t<\/div>\n\n\t\t\t\t\t<\/div>\n\t\t\t\t\t\t<\/div>\n\t\t\t\t<\/div>\n\t\t\t\t<div class=\"elementor-element elementor-element-d80fa96 elementor-widget elementor-widget-spacer\" data-id=\"d80fa96\" data-element_type=\"widget\" data-e-type=\"widget\" data-widget_type=\"spacer.default\">\n\t\t\t\t<div class=\"elementor-widget-container\">\n\t\t\t\t\t\t\t<div class=\"elementor-spacer\">\n\t\t\t<div class=\"elementor-spacer-inner\"><\/div>\n\t\t<\/div>\n\t\t\t\t\t\t<\/div>\n\t\t\t\t<\/div>\n\t\t\t\t<div class=\"elementor-element elementor-element-1026929 elementor-widget elementor-widget-wd_testimonials\" data-id=\"1026929\" data-element_type=\"widget\" data-e-type=\"widget\" data-widget_type=\"wd_testimonials.default\">\n\t\t\t\t<div class=\"elementor-widget-container\">\n\t\t\t\t\t\t\t<div class=\"testimonials testimon-style-info-top  color-scheme- wd-carousel-container\" id=\"carousel-3214\">\n\t\t\t\t\t\t\t<div class=\"wd-carousel-inner\">\n\t\t\t\n\t\t\t<div class=\"wd-carousel wd-grid\" data-speed=\"5000\" data-wrap=\"yes\" data-autoplay=\"yes\" data-scroll_per_page=\"yes\" style=\"--wd-col-lg:4;--wd-col-md:3;--wd-col-sm:1;--wd-gap-lg:30px;--wd-gap-sm:10px;\">\n\t\t\t\t\t\t\t\t\t<div class=\"wd-carousel-wrap\">\n\t\t\t\t\n\t\t\t\t\t\t\t\t\t\n<div class=\"wd-testimon wd-carousel-item\">\n\t<div class=\"wd-testimon-info\">\n\t\t\n\t\t<div class=\"wd-testimon-bio\">\n\t\t\t\t\t\t\t<div class=\"wd-testimon-name title\">\n\t\t\t\t\tLottie\t\t\t\t<\/div>\n\t\t\t\n\t\t\t\n\t\t\t<div class=\"star-rating\">\n\t\t\t\t<span style=\"width:100%\"><\/span>\n\t\t\t<\/div>\n\t\t<\/div>\n\t<\/div>\n\n\t\t\t<div class=\"wd-testimon-text reset-last-child\">\n\t\t\t<p>\"Ich wollte dir sagen, dass meine Haare wieder gewachsen sind. Meine gesch\u00e4digte Haut von viel Zeit an der brennenden Sonne heilt sich vor meinen Augen. Nur Gott wei\u00df, was es mit meinem Inneren macht. Ich brauche mehr.\"<\/p>\t\t<\/div>\n\t<\/div>\t\t\t\t\t\t\t\t\t\n<div class=\"wd-testimon wd-carousel-item\">\n\t<div class=\"wd-testimon-info\">\n\t\t\n\t\t<div class=\"wd-testimon-bio\">\n\t\t\t\t\t\t\t<div class=\"wd-testimon-name title\">\n\t\t\t\t\tMarlene C\t\t\t\t<\/div>\n\t\t\t\n\t\t\t\n\t\t\t<div class=\"star-rating\">\n\t\t\t\t<span style=\"width:100%\"><\/span>\n\t\t\t<\/div>\n\t\t<\/div>\n\t<\/div>\n\n\t\t\t<div class=\"wd-testimon-text reset-last-child\">\n\t\t\t<p>\"Es freut mich sehr, Formett\u0101 in meine t\u00e4gliche Routine eingebunden zu haben. Es ist ein qualitativ hochwertiges Produkt voller n\u00fctzlicher N\u00e4hrstoffe f\u00fcr meinen gesamten K\u00f6rper. Der zus\u00e4tzliche Bonus ist, dass meine Haut fantastisch aussieht und sich fantastisch anf\u00fchlt!\"<\/p>\t\t<\/div>\n\t<\/div>\t\t\t\t\t\t\t\t\t\n<div class=\"wd-testimon wd-carousel-item\">\n\t<div class=\"wd-testimon-info\">\n\t\t\n\t\t<div class=\"wd-testimon-bio\">\n\t\t\t\t\t\t\t<div class=\"wd-testimon-name title\">\n\t\t\t\t\tPatricia F\t\t\t\t<\/div>\n\t\t\t\n\t\t\t\n\t\t\t<div class=\"star-rating\">\n\t\t\t\t<span style=\"width:100%\"><\/span>\n\t\t\t<\/div>\n\t\t<\/div>\n\t<\/div>\n\n\t\t\t<div class=\"wd-testimon-text reset-last-child\">\n\t\t\t<p>\"Mein Partner und ich nehmen seit 3 Monaten Formett\u0101 ein. Er hat aufgeh\u00f6rt, \u00fcber seine Knie- und R\u00fcckenprobleme zu klagen, und mein Finger ist auch besser geworden ... meine N\u00e4gel sind auch st\u00e4rker ... Aber den gr\u00f6ssten sichtbaren Unterschied, denke ich, habe ich an meinem Gesicht bemerkt. Viele Leute haben mir gesagt, dass mein Gesicht besser aussieht ... meine Poren sind verkleinert, und meine Rosacea hat sich dramatisch verbessert.\"<\/p>\t\t<\/div>\n\t<\/div>\t\t\t\t\t\t\t\t\t\n<div class=\"wd-testimon wd-carousel-item\">\n\t<div class=\"wd-testimon-info\">\n\t\t\n\t\t<div class=\"wd-testimon-bio\">\n\t\t\t\t\t\t\t<div class=\"wd-testimon-name title\">\n\t\t\t\t\tElisabeth\t\t\t\t<\/div>\n\t\t\t\n\t\t\t\n\t\t\t<div class=\"star-rating\">\n\t\t\t\t<span style=\"width:100%\"><\/span>\n\t\t\t<\/div>\n\t\t<\/div>\n\t<\/div>\n\n\t\t\t<div class=\"wd-testimon-text reset-last-child\">\n\t\t\t<p>\"Seitdem ich mit Formett\u0101 angefangen habe, ist meine Haut weniger trocken, meine N\u00e4gel st\u00e4rker und meine Verdauung sehr gut (hahaha).\"<\/p>\t\t<\/div>\n\t<\/div>\t\t\t\t\t\t\t\t\t\n<div class=\"wd-testimon wd-carousel-item\">\n\t<div class=\"wd-testimon-info\">\n\t\t\n\t\t<div class=\"wd-testimon-bio\">\n\t\t\t\t\t\t\t<div class=\"wd-testimon-name title\">\n\t\t\t\t\tElaine H\t\t\t\t<\/div>\n\t\t\t\n\t\t\t\n\t\t\t<div class=\"star-rating\">\n\t\t\t\t<span style=\"width:100%\"><\/span>\n\t\t\t<\/div>\n\t\t<\/div>\n\t<\/div>\n\n\t\t\t<div class=\"wd-testimon-text reset-last-child\">\n\t\t\t<p>\"Ich hatte mein ganzes Leben lang trockene, schuppige Haut, sogar als ich ein Kind war. Seit ich vor 6 Monaten mit Formett\u0101 begonnen habe, hat sich meine Haut komplett ver\u00e4ndert. Ich brauche keine Feuchtigkeitscreme mehr, selbst im Winter ist meine Haut perfekt hydratisiert. Und als Bonus habe ich auch keinen einzigen gebrochenen Nagel mehr gehabt.\"<\/p>\t\t<\/div>\n\t<\/div>\t\t\t\t\t\t\t\t\t\n<div class=\"wd-testimon wd-carousel-item\">\n\t<div class=\"wd-testimon-info\">\n\t\t\n\t\t<div class=\"wd-testimon-bio\">\n\t\t\t\t\t\t\t<div class=\"wd-testimon-name title\">\n\t\t\t\t\tChlo\u00e9\t\t\t\t<\/div>\n\t\t\t\n\t\t\t\n\t\t\t<div class=\"star-rating\">\n\t\t\t\t<span style=\"width:100%\"><\/span>\n\t\t\t<\/div>\n\t\t<\/div>\n\t<\/div>\n\n\t\t\t<div class=\"wd-testimon-text reset-last-child\">\n\t\t\t<p>\u201cIch kann wirklich nicht ohne Formett\u0101 leben.\"<\/p>\t\t<\/div>\n\t<\/div>\t\t\t\t\n\t\t\t\t\t\t\t\t\t<\/div>\n\t\t\t\t\t\t\t<\/div>\n\t\t\t\t\t\t\t\t\t\t\t\t\t\t<div class=\"wd-nav-arrows wd-pos-sep wd-hover-1 wd-icon-1\">\n\t\t\t<div class=\"wd-btn-arrow wd-prev wd-disabled\">\n\t\t\t\t<div class=\"wd-arrow-inner\"><\/div>\n\t\t\t<\/div>\n\t\t\t<div class=\"wd-btn-arrow wd-next\">\n\t\t\t\t<div class=\"wd-arrow-inner\"><\/div>\n\t\t\t<\/div>\n\t\t<\/div>\n\t\t\t\t\t\t\n\t\t\t\t<\/div>\n\n\t\t\t\t\t\t\t\t\t\t\t\t\t<\/div>\n\t\t\t\t\t\t<\/div>\n\t\t\t\t<\/div>\n\t\t\t\t\t<\/div>\n\t\t\t\t<\/div>\n\t\t\t\t\t<\/div>\n\t\t\t\t<\/div>\n\t\t\t\t<\/div>\n\t\t","protected":false},"excerpt":{"rendered":"<p><strong>Einfachheit trifft auf Effizienz.<\/strong><\/p>\n<p>Kollagen und Perlen, eine n\u00e4hrstoffreiche Synergie. Diese innovative Formel kombiniert zwei essenzielle N\u00e4hrstoffe f\u00fcr jeden Tag: unseren bahnbrechenden BCP\u00ae-Komplex und Perlenpulver.<\/p>\n","protected":false},"featured_media":24127,"comment_status":"open","ping_status":"closed","template":"","meta":{"_uf_show_specific_survey":0,"_uf_disable_surveys":false},"product_brand":[],"product_cat":[281],"product_tag":[743,745,746,686,798,645],"class_list":{"0":"post-24128","1":"product","2":"type-product","3":"status-publish","4":"has-post-thumbnail","6":"product_cat-boxen-de_at","7":"product_tag-anti-ageing-de_at","8":"product_tag-health-de_at","9":"product_tag-the-all-out-defender-de_at","10":"product_tag-the-glow-maximizer-de_at","11":"product_tag-the-high-achiever-de_at","12":"product_tag-ultimative-und-essentielle-formulierung","14":"first","15":"instock","16":"sale","17":"taxable","18":"shipping-taxable","19":"purchasable","20":"product-type-variable","21":"has-default-attributes"},"_links":{"self":[{"href":"https:\/\/woocommerce-old.formetta.com\/de_AT\/wp-json\/wp\/v2\/product\/24128","targetHints":{"allow":["GET"]}}],"collection":[{"href":"https:\/\/woocommerce-old.formetta.com\/de_AT\/wp-json\/wp\/v2\/product"}],"about":[{"href":"https:\/\/woocommerce-old.formetta.com\/de_AT\/wp-json\/wp\/v2\/types\/product"}],"replies":[{"embeddable":true,"href":"https:\/\/woocommerce-old.formetta.com\/de_AT\/wp-json\/wp\/v2\/comments?post=24128"}],"version-history":[{"count":1,"href":"https:\/\/woocommerce-old.formetta.com\/de_AT\/wp-json\/wp\/v2\/product\/24128\/revisions"}],"predecessor-version":[{"id":24175,"href":"https:\/\/woocommerce-old.formetta.com\/de_AT\/wp-json\/wp\/v2\/product\/24128\/revisions\/24175"}],"wp:featuredmedia":[{"embeddable":true,"href":"https:\/\/woocommerce-old.formetta.com\/de_AT\/wp-json\/wp\/v2\/media\/24127"}],"wp:attachment":[{"href":"https:\/\/woocommerce-old.formetta.com\/de_AT\/wp-json\/wp\/v2\/media?parent=24128"}],"wp:term":[{"taxonomy":"product_brand","embeddable":true,"href":"https:\/\/woocommerce-old.formetta.com\/de_AT\/wp-json\/wp\/v2\/product_brand?post=24128"},{"taxonomy":"product_cat","embeddable":true,"href":"https:\/\/woocommerce-old.formetta.com\/de_AT\/wp-json\/wp\/v2\/product_cat?post=24128"},{"taxonomy":"product_tag","embeddable":true,"href":"https:\/\/woocommerce-old.formetta.com\/de_AT\/wp-json\/wp\/v2\/product_tag?post=24128"}],"curies":[{"name":"wp","href":"https:\/\/api.w.org\/{rel}","templated":true}]}}