{"id":24114,"date":"2024-07-07T14:59:27","date_gmt":"2024-07-07T12:59:27","guid":{"rendered":"https:\/\/www.formetta.com\/produkt\/formetta-discovery-kit\/"},"modified":"2025-12-05T14:32:49","modified_gmt":"2025-12-05T13:32:49","slug":"formetta-discovery-kit","status":"publish","type":"product","link":"https:\/\/woocommerce-old.formetta.com\/de_AT\/produkt\/formetta-discovery-kit\/","title":{"rendered":"Formett\u0101 Discovery Kit"},"content":{"rendered":"\t\t<div data-elementor-type=\"product-post\" data-elementor-id=\"24114\" class=\"elementor elementor-24114 elementor-19979\" data-elementor-post-type=\"product\">\n\t\t\t\t<div class=\"wd-negative-gap elementor-element elementor-element-61b4fcf e-flex e-con-boxed e-con e-parent\" data-id=\"61b4fcf\" data-element_type=\"container\" data-e-type=\"container\">\n\t\t\t\t\t<div class=\"e-con-inner\">\n\t\t\t\t<div class=\"elementor-element elementor-element-81089c1 color-scheme-inherit text-left elementor-widget elementor-widget-text-editor\" data-id=\"81089c1\" data-element_type=\"widget\" data-e-type=\"widget\" data-widget_type=\"text-editor.default\">\n\t\t\t\t<div class=\"elementor-widget-container\">\n\t\t\t\t\t\t\t\t\t<p data-fontsize=\"18\" data-lineheight=\"23.22px\"><span class=\"\">Durch die Kraft von drei entscheidenden Mechanismen der Natur \u2013 Stimulation, Aufbau und Schutz \u2013 ist unsere Formulierung sorgf\u00e4ltig darauf ausgelegt, aussergew\u00f6hnliche Ergebnisse zu liefern. Klinisch nachgewiesene Vorteile f\u00fcr:<\/span><\/p><ul><li class=\"comment_message--commentUnorderedListItem--16BZF\"><span class=\"\">Haut<\/span><\/li><li class=\"comment_message--commentUnorderedListItem--16BZF\"><span class=\"\">Haare<\/span><\/li><li class=\"comment_message--commentUnorderedListItem--16BZF\"><span class=\"\">N\u00e4gel<\/span><\/li><li class=\"comment_message--commentUnorderedListItem--16BZF\"><span class=\"\">Gelenke<\/span><\/li><li class=\"comment_message--commentUnorderedListItem--16BZF\"><span class=\"\">Knochen<\/span><\/li><\/ul><h4 data-fontsize=\"18\" data-lineheight=\"23.22px\"><span class=\"comment_message--boldStyle--DfQEh\">ANWENDUNG<\/span><\/h4><p data-fontsize=\"18\" data-lineheight=\"23.22px\"><span class=\"\">Vereinfachen Sie Ihre Wellness-Routine mit unserem unkomplizierten Ansatz f\u00fcr Langlebigkeit. Genie\u00dfen Sie t\u00e4glich einen L\u00f6ffel oder Sachet, gemischt in Wasser, Ihr Lieblingskaltgetr\u00e4nk oder Joghurt.<\/span><\/p><h4>ZUSAMMENFASSUNG N\u00c4HRWERTINFORMATIONEN<\/h4><p><strong>Inhaltsstoffe (Natural)<\/strong><\/p><p>Bioaktive Kollagenpeptide (FORTIBONE\u00ae, FORTIGEL\u00ae und VERISOL\u00ae) und S\u00fc\u00dfwasserperlenpulver.<\/p><p><strong>Inhaltsstoffe (Zitrus)<\/strong><\/p><p>Bioaktive Kollagenpeptide (FORTIBONE\u00ae, FORTIGEL\u00ae und VERISOL\u00ae), Elektrolyt- und Mineralstoffmischung (Kalium, Liposomales Vitamin C, Magnesium, Salz, S\u00e4ureregulator: (Kaliumphosphat), Calcium, Silizium, S\u00fc\u00dfungsmittel: (Steviolglycosid), Zink, Mangan, Kupfer, Chrom, Molybd\u00e4n, Selen, nat\u00fcrlicher Zitrusgeschmack), Methylsulfonylmethan (MSM), Traubenkernextrakt, Coenzym Q10, Astaxanthin, Biotin.<\/p><p><strong>Inhaltsstoffe (Traube)<\/strong><\/p><p>Bioaktive Kollagenpeptide (FORTIBONE\u00ae, FORTIGEL\u00ae und VERISOL\u00ae), Elektrolyt- und Mineralstoffmischung (Kalium, Liposomales Vitamin C, Magnesium, Salz, S\u00e4ureregulator: (Kaliumphosphat), Calcium, Silizium, S\u00fc\u00dfungsmittel: (Steviolglycosid), Zink, Mangan, Kupfer, Chrom, Molybd\u00e4n, Selen, nat\u00fcrlicher Traubengeschmack), Methylsulfonylmethan (MSM), Traubenkernextrakt, Coenzym Q10, Astaxanthin, Biotin.<\/p><p><strong>Inhaltsstoffe (Vanille)<\/strong><\/p><p>Bioaktive Kollagenpeptide (FORTIBONE\u00ae, FORTIGEL\u00ae und VERISOL\u00ae), Elektrolyt- und Mineralstoffmischung (Kalium, Liposomales Vitamin C, Magnesium, Salz, S\u00e4ureregulator: (Kaliumphosphat), Calcium, Silizium, S\u00fc\u00dfungsmittel: (Steviolglycosid), Zink, Mangan, Kupfer, Chrom, Molybd\u00e4n, Selen, nat\u00fcrlicher Vanillegeschmack), Methylsulfonylmethan (MSM), Traubenkernextrakt, Coenzym Q10, Astaxanthin, Biotin.<\/p>\t\t\t\t\t\t\t\t<\/div>\n\t\t\t\t<\/div>\n\t\t<div class=\"wd-negative-gap elementor-element elementor-element-d8db907 e-flex e-con-boxed e-con e-child\" data-id=\"d8db907\" data-element_type=\"container\" data-e-type=\"container\">\n\t\t\t\t\t<div class=\"e-con-inner\">\n\t\t\t\t<div class=\"elementor-element elementor-element-f07cf75 wd-width-100 elementor-widget elementor-widget-wd_title\" data-id=\"f07cf75\" data-element_type=\"widget\" data-e-type=\"widget\" data-widget_type=\"wd_title.default\">\n\t\t\t\t<div class=\"elementor-widget-container\">\n\t\t\t\t\t\t\t<div class=\"title-wrapper wd-set-mb reset-last-child wd-title-color-primary wd-title-style-default wd-title-size-extra-large text-center\">\n\n\t\t\t\n\t\t\t<div class=\"liner-continer\">\n\t\t\t\t<h4 class=\"woodmart-title-container title wd-fontsize-xxxl\">R\u00fcckmeldungen von zufriedenen Kunden<\/h4> \n\t\t\t\t\t\t\t<\/div>\n\n\t\t\t\t\t<\/div>\n\t\t\t\t\t\t<\/div>\n\t\t\t\t<\/div>\n\t\t\t\t<div class=\"elementor-element elementor-element-fcb8e9a elementor-widget elementor-widget-spacer\" data-id=\"fcb8e9a\" data-element_type=\"widget\" data-e-type=\"widget\" data-widget_type=\"spacer.default\">\n\t\t\t\t<div class=\"elementor-widget-container\">\n\t\t\t\t\t\t\t<div class=\"elementor-spacer\">\n\t\t\t<div class=\"elementor-spacer-inner\"><\/div>\n\t\t<\/div>\n\t\t\t\t\t\t<\/div>\n\t\t\t\t<\/div>\n\t\t\t\t<div class=\"elementor-element elementor-element-8a2de10 elementor-widget elementor-widget-wd_testimonials\" data-id=\"8a2de10\" data-element_type=\"widget\" data-e-type=\"widget\" data-widget_type=\"wd_testimonials.default\">\n\t\t\t\t<div class=\"elementor-widget-container\">\n\t\t\t\t\t\t\t<div class=\"testimonials testimon-style-info-top  color-scheme- wd-carousel-container\" id=\"carousel-5729\">\n\t\t\t\t\t\t\t<div class=\"wd-carousel-inner\">\n\t\t\t\n\t\t\t<div class=\"wd-carousel wd-grid\" data-speed=\"5000\" data-wrap=\"yes\" data-autoplay=\"yes\" data-scroll_per_page=\"yes\" style=\"--wd-col-lg:4;--wd-col-md:3;--wd-col-sm:1;--wd-gap-lg:30px;--wd-gap-sm:10px;\">\n\t\t\t\t\t\t\t\t\t<div class=\"wd-carousel-wrap\">\n\t\t\t\t\n\t\t\t\t\t\t\t\t\t\n<div class=\"wd-testimon wd-carousel-item\">\n\t<div class=\"wd-testimon-info\">\n\t\t\n\t\t<div class=\"wd-testimon-bio\">\n\t\t\t\t\t\t\t<div class=\"wd-testimon-name title\">\n\t\t\t\t\tLottie\t\t\t\t<\/div>\n\t\t\t\n\t\t\t\n\t\t\t<div class=\"star-rating\">\n\t\t\t\t<span style=\"width:100%\"><\/span>\n\t\t\t<\/div>\n\t\t<\/div>\n\t<\/div>\n\n\t\t\t<div class=\"wd-testimon-text reset-last-child\">\n\t\t\t<p>\"Ich wollte dir sagen, dass meine Haare wieder gewachsen sind. Meine gesch\u00e4digte Haut von viel Zeit an der brennenden Sonne heilt sich vor meinen Augen. Nur Gott wei\u00df, was es mit meinem Inneren macht. Ich brauche mehr.\"<\/p>\t\t<\/div>\n\t<\/div>\t\t\t\t\t\t\t\t\t\n<div class=\"wd-testimon wd-carousel-item\">\n\t<div class=\"wd-testimon-info\">\n\t\t\n\t\t<div class=\"wd-testimon-bio\">\n\t\t\t\t\t\t\t<div class=\"wd-testimon-name title\">\n\t\t\t\t\tMarlene C\t\t\t\t<\/div>\n\t\t\t\n\t\t\t\n\t\t\t<div class=\"star-rating\">\n\t\t\t\t<span style=\"width:100%\"><\/span>\n\t\t\t<\/div>\n\t\t<\/div>\n\t<\/div>\n\n\t\t\t<div class=\"wd-testimon-text reset-last-child\">\n\t\t\t<p>\"Es freut mich sehr, Formett\u0101 in meine t\u00e4gliche Routine eingebunden zu haben. Es ist ein qualitativ hochwertiges Produkt voller n\u00fctzlicher N\u00e4hrstoffe f\u00fcr meinen gesamten K\u00f6rper. Der zus\u00e4tzliche Bonus ist, dass meine Haut fantastisch aussieht und sich fantastisch anf\u00fchlt!\"<\/p>\t\t<\/div>\n\t<\/div>\t\t\t\t\t\t\t\t\t\n<div class=\"wd-testimon wd-carousel-item\">\n\t<div class=\"wd-testimon-info\">\n\t\t\n\t\t<div class=\"wd-testimon-bio\">\n\t\t\t\t\t\t\t<div class=\"wd-testimon-name title\">\n\t\t\t\t\tPatricia F\t\t\t\t<\/div>\n\t\t\t\n\t\t\t\n\t\t\t<div class=\"star-rating\">\n\t\t\t\t<span style=\"width:100%\"><\/span>\n\t\t\t<\/div>\n\t\t<\/div>\n\t<\/div>\n\n\t\t\t<div class=\"wd-testimon-text reset-last-child\">\n\t\t\t<p>\"Mein Partner und ich nehmen seit 3 Monaten Formett\u0101 ein. Er hat aufgeh\u00f6rt, \u00fcber seine Knie- und R\u00fcckenprobleme zu klagen, und mein Finger ist auch besser geworden ... meine N\u00e4gel sind auch st\u00e4rker ... Aber den gr\u00f6ssten sichtbaren Unterschied, denke ich, habe ich an meinem Gesicht bemerkt. Viele Leute haben mir gesagt, dass mein Gesicht besser aussieht ... meine Poren sind verkleinert, und meine Rosacea hat sich dramatisch verbessert.\"<\/p>\t\t<\/div>\n\t<\/div>\t\t\t\t\t\t\t\t\t\n<div class=\"wd-testimon wd-carousel-item\">\n\t<div class=\"wd-testimon-info\">\n\t\t\n\t\t<div class=\"wd-testimon-bio\">\n\t\t\t\t\t\t\t<div class=\"wd-testimon-name title\">\n\t\t\t\t\tElisabeth\t\t\t\t<\/div>\n\t\t\t\n\t\t\t\n\t\t\t<div class=\"star-rating\">\n\t\t\t\t<span style=\"width:100%\"><\/span>\n\t\t\t<\/div>\n\t\t<\/div>\n\t<\/div>\n\n\t\t\t<div class=\"wd-testimon-text reset-last-child\">\n\t\t\t<p>\"Seitdem ich mit Formett\u0101 angefangen habe, ist meine Haut weniger trocken, meine N\u00e4gel st\u00e4rker und meine Verdauung sehr gut (hahaha).\"<\/p>\t\t<\/div>\n\t<\/div>\t\t\t\t\t\t\t\t\t\n<div class=\"wd-testimon wd-carousel-item\">\n\t<div class=\"wd-testimon-info\">\n\t\t\n\t\t<div class=\"wd-testimon-bio\">\n\t\t\t\t\t\t\t<div class=\"wd-testimon-name title\">\n\t\t\t\t\tElaine H\t\t\t\t<\/div>\n\t\t\t\n\t\t\t\n\t\t\t<div class=\"star-rating\">\n\t\t\t\t<span style=\"width:100%\"><\/span>\n\t\t\t<\/div>\n\t\t<\/div>\n\t<\/div>\n\n\t\t\t<div class=\"wd-testimon-text reset-last-child\">\n\t\t\t<p>\"Ich hatte mein ganzes Leben lang trockene, schuppige Haut, sogar als ich ein Kind war. Seit ich vor 6 Monaten mit Formett\u0101 begonnen habe, hat sich meine Haut komplett ver\u00e4ndert. Ich brauche keine Feuchtigkeitscreme mehr, selbst im Winter ist meine Haut perfekt hydratisiert. Und als Bonus habe ich auch keinen einzigen gebrochenen Nagel mehr gehabt.\"<\/p>\t\t<\/div>\n\t<\/div>\t\t\t\t\t\t\t\t\t\n<div class=\"wd-testimon wd-carousel-item\">\n\t<div class=\"wd-testimon-info\">\n\t\t\n\t\t<div class=\"wd-testimon-bio\">\n\t\t\t\t\t\t\t<div class=\"wd-testimon-name title\">\n\t\t\t\t\tChlo\u00e9\t\t\t\t<\/div>\n\t\t\t\n\t\t\t\n\t\t\t<div class=\"star-rating\">\n\t\t\t\t<span style=\"width:100%\"><\/span>\n\t\t\t<\/div>\n\t\t<\/div>\n\t<\/div>\n\n\t\t\t<div class=\"wd-testimon-text reset-last-child\">\n\t\t\t<p>\u201cIch kann wirklich nicht ohne Formett\u0101 leben.\"<\/p>\t\t<\/div>\n\t<\/div>\t\t\t\t\n\t\t\t\t\t\t\t\t\t<\/div>\n\t\t\t\t\t\t\t<\/div>\n\t\t\t\t\t\t\t\t\t\t\t\t\t\t<div class=\"wd-nav-arrows wd-pos-sep wd-hover-1 wd-icon-1\">\n\t\t\t<div class=\"wd-btn-arrow wd-prev wd-disabled\">\n\t\t\t\t<div class=\"wd-arrow-inner\"><\/div>\n\t\t\t<\/div>\n\t\t\t<div class=\"wd-btn-arrow wd-next\">\n\t\t\t\t<div class=\"wd-arrow-inner\"><\/div>\n\t\t\t<\/div>\n\t\t<\/div>\n\t\t\t\t\t\t\n\t\t\t\t<\/div>\n\n\t\t\t\t\t\t\t\t\t\t\t\t\t<\/div>\n\t\t\t\t\t\t<\/div>\n\t\t\t\t<\/div>\n\t\t\t\t\t<\/div>\n\t\t\t\t<\/div>\n\t\t\t\t\t<\/div>\n\t\t\t\t<\/div>\n\t\t\t\t<\/div>\n\t\t","protected":false},"excerpt":{"rendered":"<p><strong>Entdecken Sie Ihren &#8222;Perfect Match&#8220;<\/strong><\/p>\n<p>Entfalten Sie die Kraft strahlender Gesundheit mit dem Starter-Set von Formett\u0101, das Ihnen hilft, die Kollagenformel zu finden, die perfekt zu Ihnen passt. Dieses Set enth\u00e4lt vier speziell entwickelte Sachets von Formett\u0101.<\/p>\n<p>Eine Dosis pro Formel, plus CHF 10 f\u00fcr Ihren n\u00e4chsten Formetta-Einkauf (*).<\/p>\n<p><small><em>* Der Rabatt-Code wird Ihnen nach der erfolgreichen Transaktion separat via E-Mail zugestellt.<\/em><\/small><\/p>\n<p><strong>Was ist im Starter-Set enthalten?<\/strong><\/p>\n<p>1 Sachet: Essential Collagen Formula &#8211; Natural<br \/>\n1 Sachet: Superior Collagen Formula &#8211; Traube<br \/>\n1 Sachet: Superior Collagen Formula &#8211; Zitrusfrucht<br \/>\n1 Sachet: Superior Collagen Formula &#8211; Vanille<\/p>\n","protected":false},"featured_media":34409,"comment_status":"open","ping_status":"closed","template":"","meta":{"_uf_show_specific_survey":0,"_uf_disable_surveys":false},"product_brand":[],"product_cat":[288,289],"product_tag":[797,798],"class_list":{"0":"post-24114","1":"product","2":"type-product","3":"status-publish","4":"has-post-thumbnail","6":"product_cat-accessories-de_at","7":"product_cat-beutel-de_at","8":"product_tag-the-achiever-de_at","9":"product_tag-the-high-achiever-de_at","11":"first","12":"instock","13":"taxable","14":"shipping-taxable","15":"purchasable","16":"product-type-simple"},"_links":{"self":[{"href":"https:\/\/woocommerce-old.formetta.com\/de_AT\/wp-json\/wp\/v2\/product\/24114","targetHints":{"allow":["GET"]}}],"collection":[{"href":"https:\/\/woocommerce-old.formetta.com\/de_AT\/wp-json\/wp\/v2\/product"}],"about":[{"href":"https:\/\/woocommerce-old.formetta.com\/de_AT\/wp-json\/wp\/v2\/types\/product"}],"replies":[{"embeddable":true,"href":"https:\/\/woocommerce-old.formetta.com\/de_AT\/wp-json\/wp\/v2\/comments?post=24114"}],"version-history":[{"count":1,"href":"https:\/\/woocommerce-old.formetta.com\/de_AT\/wp-json\/wp\/v2\/product\/24114\/revisions"}],"predecessor-version":[{"id":32201,"href":"https:\/\/woocommerce-old.formetta.com\/de_AT\/wp-json\/wp\/v2\/product\/24114\/revisions\/32201"}],"wp:featuredmedia":[{"embeddable":true,"href":"https:\/\/woocommerce-old.formetta.com\/de_AT\/wp-json\/wp\/v2\/media\/34409"}],"wp:attachment":[{"href":"https:\/\/woocommerce-old.formetta.com\/de_AT\/wp-json\/wp\/v2\/media?parent=24114"}],"wp:term":[{"taxonomy":"product_brand","embeddable":true,"href":"https:\/\/woocommerce-old.formetta.com\/de_AT\/wp-json\/wp\/v2\/product_brand?post=24114"},{"taxonomy":"product_cat","embeddable":true,"href":"https:\/\/woocommerce-old.formetta.com\/de_AT\/wp-json\/wp\/v2\/product_cat?post=24114"},{"taxonomy":"product_tag","embeddable":true,"href":"https:\/\/woocommerce-old.formetta.com\/de_AT\/wp-json\/wp\/v2\/product_tag?post=24114"}],"curies":[{"name":"wp","href":"https:\/\/api.w.org\/{rel}","templated":true}]}}