{"id":24092,"date":"2024-08-21T21:18:01","date_gmt":"2024-08-21T19:18:01","guid":{"rendered":"https:\/\/www.formetta.com\/produkt\/die-ultimative-kollagen-formulierung-neutral-starter-set-beutel\/"},"modified":"2025-08-29T09:15:35","modified_gmt":"2025-08-29T07:15:35","slug":"die-ultimative-kollagen-formulierung-neutral-starter-set-beutel","status":"publish","type":"product","link":"https:\/\/woocommerce-old.formetta.com\/de_AT\/produkt\/die-ultimative-kollagen-formulierung-neutral-starter-set-beutel\/","title":{"rendered":"Das Essential Starter Set &#8211; Natural (Beutel)"},"content":{"rendered":"\t\t<div data-elementor-type=\"product-post\" data-elementor-id=\"24092\" class=\"elementor elementor-24092 elementor-21147\" data-elementor-post-type=\"product\">\n\t\t\t\t<div class=\"wd-negative-gap elementor-element elementor-element-f27029b e-flex e-con-boxed e-con e-parent\" data-id=\"f27029b\" data-element_type=\"container\" data-e-type=\"container\">\n\t\t\t\t\t<div class=\"e-con-inner\">\n\t\t<div class=\"wd-negative-gap elementor-element elementor-element-e6121e6 e-flex e-con-boxed e-con e-child\" data-id=\"e6121e6\" data-element_type=\"container\" data-e-type=\"container\">\n\t\t\t\t\t<div class=\"e-con-inner\">\n\t\t\t\t<div class=\"elementor-element elementor-element-fe39487 color-scheme-inherit text-left elementor-widget elementor-widget-text-editor\" data-id=\"fe39487\" data-element_type=\"widget\" data-e-type=\"widget\" data-widget_type=\"text-editor.default\">\n\t\t\t\t<div class=\"elementor-widget-container\">\n\t\t\t\t\t\t\t\t\t<p>Die Essential Formula ist f\u00fcr alle, die unvergleichliche Kollagenvorteile mit einem klaren und vereinfachten Ansatz suchen.<\/p><h4>JEDE TAGESDOSIS ENTH\u00c4LT:<\/h4><ol><li>Advanced BCP\u00ae Complex: Bietet alle klinischen Vorteile unserer patentierten Kollagenpeptide.<\/li><li>S\u00fc\u00dfwasserperlen-Pulver: Ein altes ozeanisches Adaptogen, das reich an Mineralien ist, die Kollagenproduktion f\u00f6rdert und Entz\u00fcndungen reduziert. Es ist auch die reichste Quelle f\u00fcr Kalzium, das f\u00fcr die Knochengesundheit unerl\u00e4sslich ist.<\/li><\/ol><p>Naturgeschmack und Vielseitigkeit: Die Essential Formula kann erhitzt werden und ist geschmacksneutral, so dass sie leicht in jede Routine integriert werden kann.<\/p><h4>KLINISCH NACHGEWIESENE VORTEILE F\u00dcR:<\/h4><ul><li class=\"comment_message--commentUnorderedListItem--16BZF\"><span class=\"\">Haut<\/span><\/li><li class=\"comment_message--commentUnorderedListItem--16BZF\"><span class=\"\">Haare<\/span><\/li><li class=\"comment_message--commentUnorderedListItem--16BZF\"><span class=\"\">N\u00e4gel<\/span><\/li><li class=\"comment_message--commentUnorderedListItem--16BZF\"><span class=\"\">Gelenke<\/span><\/li><li class=\"comment_message--commentUnorderedListItem--16BZF\"><span class=\"\">Knochen<\/span><\/li><\/ul><h4>ANWENDUNGSWEISE<\/h4><p>Optimieren Sie Ihre Wellness-Routine mit unserem unkomplizierten Ansatz f\u00fcr Langlebigkeit. Geniessen Sie einen Beutel pro Tag, gemischt mit Wasser, Ihrem Lieblingskaltgetr\u00e4nk oder Joghurt.<\/p>\t\t\t\t\t\t\t\t<\/div>\n\t\t\t\t<\/div>\n\t\t<div class=\"wd-negative-gap elementor-element elementor-element-3303d45 e-flex e-con-boxed e-con e-child\" data-id=\"3303d45\" data-element_type=\"container\" data-e-type=\"container\">\n\t\t\t\t\t<div class=\"e-con-inner\">\n\t\t\t\t<div class=\"elementor-element elementor-element-9ff224a wd-width-100 elementor-widget elementor-widget-wd_title\" data-id=\"9ff224a\" data-element_type=\"widget\" data-e-type=\"widget\" data-widget_type=\"wd_title.default\">\n\t\t\t\t<div class=\"elementor-widget-container\">\n\t\t\t\t\t\t\t<div class=\"title-wrapper wd-set-mb reset-last-child wd-title-color-primary wd-title-style-default wd-title-size-extra-large text-center\">\n\n\t\t\t\n\t\t\t<div class=\"liner-continer\">\n\t\t\t\t<h4 class=\"woodmart-title-container title wd-fontsize-xxxl\">R\u00fcckmeldungen von zufriedenen Kunden<\/h4> \n\t\t\t\t\t\t\t<\/div>\n\n\t\t\t\t\t<\/div>\n\t\t\t\t\t\t<\/div>\n\t\t\t\t<\/div>\n\t\t\t\t<div class=\"elementor-element elementor-element-1678997 elementor-widget elementor-widget-spacer\" data-id=\"1678997\" data-element_type=\"widget\" data-e-type=\"widget\" data-widget_type=\"spacer.default\">\n\t\t\t\t<div class=\"elementor-widget-container\">\n\t\t\t\t\t\t\t<div class=\"elementor-spacer\">\n\t\t\t<div class=\"elementor-spacer-inner\"><\/div>\n\t\t<\/div>\n\t\t\t\t\t\t<\/div>\n\t\t\t\t<\/div>\n\t\t\t\t<div class=\"elementor-element elementor-element-7f004fe elementor-widget elementor-widget-wd_testimonials\" data-id=\"7f004fe\" data-element_type=\"widget\" data-e-type=\"widget\" data-widget_type=\"wd_testimonials.default\">\n\t\t\t\t<div class=\"elementor-widget-container\">\n\t\t\t\t\t\t\t<div class=\"testimonials testimon-style-info-top  color-scheme- wd-carousel-container\" id=\"carousel-7010\">\n\t\t\t\t\t\t\t<div class=\"wd-carousel-inner\">\n\t\t\t\n\t\t\t<div class=\"wd-carousel wd-grid\" data-speed=\"5000\" data-wrap=\"yes\" data-autoplay=\"yes\" data-scroll_per_page=\"yes\" style=\"--wd-col-lg:4;--wd-col-md:3;--wd-col-sm:1;--wd-gap-lg:30px;--wd-gap-sm:10px;\">\n\t\t\t\t\t\t\t\t\t<div class=\"wd-carousel-wrap\">\n\t\t\t\t\n\t\t\t\t\t\t\t\t\t\n<div class=\"wd-testimon wd-carousel-item\">\n\t<div class=\"wd-testimon-info\">\n\t\t\n\t\t<div class=\"wd-testimon-bio\">\n\t\t\t\t\t\t\t<div class=\"wd-testimon-name title\">\n\t\t\t\t\tLottie\t\t\t\t<\/div>\n\t\t\t\n\t\t\t\n\t\t\t<div class=\"star-rating\">\n\t\t\t\t<span style=\"width:100%\"><\/span>\n\t\t\t<\/div>\n\t\t<\/div>\n\t<\/div>\n\n\t\t\t<div class=\"wd-testimon-text reset-last-child\">\n\t\t\t<p>\"Ich wollte dir sagen, dass meine Haare wieder gewachsen sind. Meine gesch\u00e4digte Haut von viel Zeit an der brennenden Sonne heilt sich vor meinen Augen. Nur Gott wei\u00df, was es mit meinem Inneren macht. Ich brauche mehr.\"<\/p>\t\t<\/div>\n\t<\/div>\t\t\t\t\t\t\t\t\t\n<div class=\"wd-testimon wd-carousel-item\">\n\t<div class=\"wd-testimon-info\">\n\t\t\n\t\t<div class=\"wd-testimon-bio\">\n\t\t\t\t\t\t\t<div class=\"wd-testimon-name title\">\n\t\t\t\t\tMarlene C\t\t\t\t<\/div>\n\t\t\t\n\t\t\t\n\t\t\t<div class=\"star-rating\">\n\t\t\t\t<span style=\"width:100%\"><\/span>\n\t\t\t<\/div>\n\t\t<\/div>\n\t<\/div>\n\n\t\t\t<div class=\"wd-testimon-text reset-last-child\">\n\t\t\t<p>\"Es freut mich sehr, Formett\u0101 in meine t\u00e4gliche Routine eingebunden zu haben. Es ist ein qualitativ hochwertiges Produkt voller n\u00fctzlicher N\u00e4hrstoffe f\u00fcr meinen gesamten K\u00f6rper. Der zus\u00e4tzliche Bonus ist, dass meine Haut fantastisch aussieht und sich fantastisch anf\u00fchlt!\"<\/p>\t\t<\/div>\n\t<\/div>\t\t\t\t\t\t\t\t\t\n<div class=\"wd-testimon wd-carousel-item\">\n\t<div class=\"wd-testimon-info\">\n\t\t\n\t\t<div class=\"wd-testimon-bio\">\n\t\t\t\t\t\t\t<div class=\"wd-testimon-name title\">\n\t\t\t\t\tPatricia F\t\t\t\t<\/div>\n\t\t\t\n\t\t\t\n\t\t\t<div class=\"star-rating\">\n\t\t\t\t<span style=\"width:100%\"><\/span>\n\t\t\t<\/div>\n\t\t<\/div>\n\t<\/div>\n\n\t\t\t<div class=\"wd-testimon-text reset-last-child\">\n\t\t\t<p>\"Mein Partner und ich nehmen seit 3 Monaten Formett\u0101 ein. Er hat aufgeh\u00f6rt, \u00fcber seine Knie- und R\u00fcckenprobleme zu klagen, und mein Finger ist auch besser geworden ... meine N\u00e4gel sind auch st\u00e4rker ... Aber den gr\u00f6ssten sichtbaren Unterschied, denke ich, habe ich an meinem Gesicht bemerkt. Viele Leute haben mir gesagt, dass mein Gesicht besser aussieht ... meine Poren sind verkleinert, und meine Rosacea hat sich dramatisch verbessert.\"<\/p>\t\t<\/div>\n\t<\/div>\t\t\t\t\t\t\t\t\t\n<div class=\"wd-testimon wd-carousel-item\">\n\t<div class=\"wd-testimon-info\">\n\t\t\n\t\t<div class=\"wd-testimon-bio\">\n\t\t\t\t\t\t\t<div class=\"wd-testimon-name title\">\n\t\t\t\t\tElisabeth\t\t\t\t<\/div>\n\t\t\t\n\t\t\t\n\t\t\t<div class=\"star-rating\">\n\t\t\t\t<span style=\"width:100%\"><\/span>\n\t\t\t<\/div>\n\t\t<\/div>\n\t<\/div>\n\n\t\t\t<div class=\"wd-testimon-text reset-last-child\">\n\t\t\t<p>\"Seitdem ich mit Formett\u0101 angefangen habe, ist meine Haut weniger trocken, meine N\u00e4gel st\u00e4rker und meine Verdauung sehr gut (hahaha).\"<\/p>\t\t<\/div>\n\t<\/div>\t\t\t\t\t\t\t\t\t\n<div class=\"wd-testimon wd-carousel-item\">\n\t<div class=\"wd-testimon-info\">\n\t\t\n\t\t<div class=\"wd-testimon-bio\">\n\t\t\t\t\t\t\t<div class=\"wd-testimon-name title\">\n\t\t\t\t\tElaine H\t\t\t\t<\/div>\n\t\t\t\n\t\t\t\n\t\t\t<div class=\"star-rating\">\n\t\t\t\t<span style=\"width:100%\"><\/span>\n\t\t\t<\/div>\n\t\t<\/div>\n\t<\/div>\n\n\t\t\t<div class=\"wd-testimon-text reset-last-child\">\n\t\t\t<p>\"Ich hatte mein ganzes Leben lang trockene, schuppige Haut, sogar als ich ein Kind war. Seit ich vor 6 Monaten mit Formett\u0101 begonnen habe, hat sich meine Haut komplett ver\u00e4ndert. Ich brauche keine Feuchtigkeitscreme mehr, selbst im Winter ist meine Haut perfekt hydratisiert. Und als Bonus habe ich auch keinen einzigen gebrochenen Nagel mehr gehabt.\"<\/p>\t\t<\/div>\n\t<\/div>\t\t\t\t\t\t\t\t\t\n<div class=\"wd-testimon wd-carousel-item\">\n\t<div class=\"wd-testimon-info\">\n\t\t\n\t\t<div class=\"wd-testimon-bio\">\n\t\t\t\t\t\t\t<div class=\"wd-testimon-name title\">\n\t\t\t\t\tChlo\u00e9\t\t\t\t<\/div>\n\t\t\t\n\t\t\t\n\t\t\t<div class=\"star-rating\">\n\t\t\t\t<span style=\"width:100%\"><\/span>\n\t\t\t<\/div>\n\t\t<\/div>\n\t<\/div>\n\n\t\t\t<div class=\"wd-testimon-text reset-last-child\">\n\t\t\t<p>\u201cIch kann wirklich nicht ohne Formett\u0101 leben.\"<\/p>\t\t<\/div>\n\t<\/div>\t\t\t\t\n\t\t\t\t\t\t\t\t\t<\/div>\n\t\t\t\t\t\t\t<\/div>\n\t\t\t\t\t\t\t\t\t\t\t\t\t\t<div class=\"wd-nav-arrows wd-pos-sep wd-hover-1 wd-icon-1\">\n\t\t\t<div class=\"wd-btn-arrow wd-prev wd-disabled\">\n\t\t\t\t<div class=\"wd-arrow-inner\"><\/div>\n\t\t\t<\/div>\n\t\t\t<div class=\"wd-btn-arrow wd-next\">\n\t\t\t\t<div class=\"wd-arrow-inner\"><\/div>\n\t\t\t<\/div>\n\t\t<\/div>\n\t\t\t\t\t\t\n\t\t\t\t<\/div>\n\n\t\t\t\t\t\t\t\t\t\t\t\t\t<\/div>\n\t\t\t\t\t\t<\/div>\n\t\t\t\t<\/div>\n\t\t\t\t\t<\/div>\n\t\t\t\t<\/div>\n\t\t\t\t\t<\/div>\n\t\t\t\t<\/div>\n\t\t\t\t\t<\/div>\n\t\t\t\t<\/div>\n\t\t\t\t<\/div>\n\t\t","protected":false},"excerpt":{"rendered":"<p><strong>Drei Monate Vorrat mit zus\u00e4tzlicher Trinkflasche.<\/strong> <strong>Ihr essentieller Weg zu erh\u00f6htem Wellness.<\/strong><\/p>\n<p>Beginnen Sie Ihren Weg zu gesteigertem Wohlbefinden mit dem Essential Formula Starter Set, der perfekten Einf\u00fchrung in die grundlegenden Vorteile von Formett\u0101. Dieses Set enth\u00e4lt einen 3-monatigen Vorrat unserer Essential Formula, die Ihre Haut, Gelenke und Knochen mit einer wirksamen Mischung aus unserem bahnbrechenden BCP\u00ae-Komplex und n\u00e4hrstoffreichem Perlenpulver unterst\u00fctzt.<\/p>\n<p>Damit Sie Formetta m\u00fchelos in Ihre t\u00e4gliche Routine integrieren k\u00f6nnen, legen wir Ihnen eine kostenlose, umweltfreundliche Trinkflasche bei.<\/p>\n<p>Unser 3-monatiger Vorrat sorgt f\u00fcr eine anhaltende Zufuhr der wichtigsten N\u00e4hrstoffe und gibt Ihrem K\u00f6rper die n\u00f6tige Zeit, um klinische Ergebnisse zu erzielen.<\/p>\n","protected":false},"featured_media":24093,"comment_status":"open","ping_status":"closed","template":"","meta":{"_uf_show_specific_survey":0,"_uf_disable_surveys":false},"product_brand":[],"product_cat":[289],"product_tag":[],"class_list":{"0":"post-24092","1":"product","2":"type-product","3":"status-publish","4":"has-post-thumbnail","6":"product_cat-beutel-de_at","8":"first","9":"instock","10":"taxable","11":"shipping-taxable","12":"purchasable","13":"product-type-simple"},"_links":{"self":[{"href":"https:\/\/woocommerce-old.formetta.com\/de_AT\/wp-json\/wp\/v2\/product\/24092","targetHints":{"allow":["GET"]}}],"collection":[{"href":"https:\/\/woocommerce-old.formetta.com\/de_AT\/wp-json\/wp\/v2\/product"}],"about":[{"href":"https:\/\/woocommerce-old.formetta.com\/de_AT\/wp-json\/wp\/v2\/types\/product"}],"replies":[{"embeddable":true,"href":"https:\/\/woocommerce-old.formetta.com\/de_AT\/wp-json\/wp\/v2\/comments?post=24092"}],"version-history":[{"count":1,"href":"https:\/\/woocommerce-old.formetta.com\/de_AT\/wp-json\/wp\/v2\/product\/24092\/revisions"}],"predecessor-version":[{"id":32999,"href":"https:\/\/woocommerce-old.formetta.com\/de_AT\/wp-json\/wp\/v2\/product\/24092\/revisions\/32999"}],"wp:featuredmedia":[{"embeddable":true,"href":"https:\/\/woocommerce-old.formetta.com\/de_AT\/wp-json\/wp\/v2\/media\/24093"}],"wp:attachment":[{"href":"https:\/\/woocommerce-old.formetta.com\/de_AT\/wp-json\/wp\/v2\/media?parent=24092"}],"wp:term":[{"taxonomy":"product_brand","embeddable":true,"href":"https:\/\/woocommerce-old.formetta.com\/de_AT\/wp-json\/wp\/v2\/product_brand?post=24092"},{"taxonomy":"product_cat","embeddable":true,"href":"https:\/\/woocommerce-old.formetta.com\/de_AT\/wp-json\/wp\/v2\/product_cat?post=24092"},{"taxonomy":"product_tag","embeddable":true,"href":"https:\/\/woocommerce-old.formetta.com\/de_AT\/wp-json\/wp\/v2\/product_tag?post=24092"}],"curies":[{"name":"wp","href":"https:\/\/api.w.org\/{rel}","templated":true}]}}