{"id":24060,"date":"2024-06-01T19:00:39","date_gmt":"2024-06-01T17:00:39","guid":{"rendered":"https:\/\/www.formetta.com\/ruecksendungen\/"},"modified":"2024-06-01T19:00:39","modified_gmt":"2024-06-01T17:00:39","slug":"ruecksendungen","status":"publish","type":"page","link":"https:\/\/woocommerce-old.formetta.com\/de_AT\/ruecksendungen\/","title":{"rendered":"R\u00fccksendungen"},"content":{"rendered":"\t\t<div data-elementor-type=\"wp-page\" data-elementor-id=\"24060\" class=\"elementor elementor-24060 elementor-17668\" data-elementor-post-type=\"page\">\n\t\t\t\t<div class=\"elementor-element elementor-element-30a1f22e e-con-full e-flex e-con e-parent\" data-id=\"30a1f22e\" data-element_type=\"container\" data-e-type=\"container\">\n\t\t<div class=\"elementor-element elementor-element-64b2f76d e-con-full e-flex e-con e-child\" data-id=\"64b2f76d\" data-element_type=\"container\" data-e-type=\"container\">\n\t\t\t\t<div class=\"elementor-element elementor-element-301d896a wd-width-100 elementor-widget elementor-widget-wd_title\" data-id=\"301d896a\" data-element_type=\"widget\" data-e-type=\"widget\" data-widget_type=\"wd_title.default\">\n\t\t\t\t<div class=\"elementor-widget-container\">\n\t\t\t\t\t\t\t<div class=\"title-wrapper wd-set-mb reset-last-child wd-title-color-default wd-title-style-default wd-title-size-small text-left\">\n\n\t\t\t\n\t\t\t<div class=\"liner-continer\">\n\t\t\t\t<h4 class=\"woodmart-title-container title wd-fontsize-m wd-underline-colored\">\u00dcBERSICHT<\/h4> \n\t\t\t\t\t\t\t<\/div>\n\n\t\t\t\t\t<\/div>\n\t\t\t\t\t\t<\/div>\n\t\t\t\t<\/div>\n\t\t\t\t<div class=\"elementor-element elementor-element-119b4c32 elementor-widget elementor-widget-wd_text_block\" data-id=\"119b4c32\" data-element_type=\"widget\" data-e-type=\"widget\" data-widget_type=\"wd_text_block.default\">\n\t\t\t\t<div class=\"elementor-widget-container\">\n\t\t\t\t\t\t\t<div class=\"wd-text-block reset-last-child text-left\">\n\t\t\t\n\t\t\t<p><strong>Wir k\u00f6nnen nur R\u00fccksendungen f\u00fcr besch\u00e4digte Waren akzeptieren, die nicht ge\u00f6ffnet wurden. Bitte beachten Sie, dass alle R\u00fccksendeanfragen innerhalb von 2 Wochen nach Erhalt Ihrer Bestellung an <a target=\"_new\">info@formetta.com<\/a> gerichtet werden m\u00fcssen. Wir k\u00f6nnen keine R\u00fcckerstattungen f\u00fcr ge\u00f6ffnete Pakete akzeptieren.<\/strong><\/p>\n\t\t\t\t\t<\/div>\n\t\t\t\t\t\t<\/div>\n\t\t\t\t<\/div>\n\t\t\t\t<\/div>\n\t\t<div class=\"elementor-element elementor-element-4e6c3739 e-con-full e-flex e-con e-child\" data-id=\"4e6c3739\" data-element_type=\"container\" data-e-type=\"container\">\n\t\t\t\t<div class=\"elementor-element elementor-element-303b5857 wd-width-100 elementor-widget elementor-widget-wd_title\" data-id=\"303b5857\" data-element_type=\"widget\" data-e-type=\"widget\" data-widget_type=\"wd_title.default\">\n\t\t\t\t<div class=\"elementor-widget-container\">\n\t\t\t\t\t\t\t<div class=\"title-wrapper wd-set-mb reset-last-child wd-title-color-default wd-title-style-default wd-title-size-small text-left\">\n\n\t\t\t\n\t\t\t<div class=\"liner-continer\">\n\t\t\t\t<h4 class=\"woodmart-title-container title wd-fontsize-m wd-underline-colored\">Wie kann ich Produkte retournieren?<\/h4> \n\t\t\t\t\t\t\t<\/div>\n\n\t\t\t\t\t\t\t<div class=\"title-after_title reset-last-child wd-fontsize-xs\">\n\t\t\t\t\t<p>Um Ihr Produkt zur\u00fcckzusenden, sollten Sie Ihr Produkt an folgende Adresse schicken:<\/p><p>Formett\u0101 GmbH <br \/>Im Bungert 7 <br \/>8820 W\u00e4denswil <br \/>Schweiz<\/p><p>Sie sind verantwortlich f\u00fcr die \u00dcbernahme der Versandkosten f\u00fcr die R\u00fccksendung Ihres Artikels. Versandkosten sind nicht erstattungsf\u00e4hig. Wenn Sie eine R\u00fcckerstattung erhalten, werden die Kosten f\u00fcr den R\u00fcckversand von Ihrer R\u00fcckerstattung abgezogen.<\/p>\t\t\t\t<\/div>\n\t\t\t\t\t<\/div>\n\t\t\t\t\t\t<\/div>\n\t\t\t\t<\/div>\n\t\t\t\t<\/div>\n\t\t\t\t<\/div>\n\t\t\t\t<\/div>\n\t\t","protected":false},"excerpt":{"rendered":"<p>\u00dcBERSICHT Wir k\u00f6nnen nur R\u00fccksendungen f\u00fcr besch\u00e4digte Waren akzeptieren, die nicht ge\u00f6ffnet wurden. Bitte beachten Sie, dass alle R\u00fccksendeanfragen innerhalb<\/p>\n","protected":false},"author":139,"featured_media":0,"parent":0,"menu_order":0,"comment_status":"closed","ping_status":"closed","template":"","meta":{"_uf_show_specific_survey":0,"_uf_disable_surveys":false,"footnotes":""},"class_list":["post-24060","page","type-page","status-publish","hentry"],"_links":{"self":[{"href":"https:\/\/woocommerce-old.formetta.com\/de_AT\/wp-json\/wp\/v2\/pages\/24060","targetHints":{"allow":["GET"]}}],"collection":[{"href":"https:\/\/woocommerce-old.formetta.com\/de_AT\/wp-json\/wp\/v2\/pages"}],"about":[{"href":"https:\/\/woocommerce-old.formetta.com\/de_AT\/wp-json\/wp\/v2\/types\/page"}],"author":[{"embeddable":true,"href":"https:\/\/woocommerce-old.formetta.com\/de_AT\/wp-json\/wp\/v2\/users\/139"}],"replies":[{"embeddable":true,"href":"https:\/\/woocommerce-old.formetta.com\/de_AT\/wp-json\/wp\/v2\/comments?post=24060"}],"version-history":[{"count":0,"href":"https:\/\/woocommerce-old.formetta.com\/de_AT\/wp-json\/wp\/v2\/pages\/24060\/revisions"}],"wp:attachment":[{"href":"https:\/\/woocommerce-old.formetta.com\/de_AT\/wp-json\/wp\/v2\/media?parent=24060"}],"curies":[{"name":"wp","href":"https:\/\/api.w.org\/{rel}","templated":true}]}}