{"id":24059,"date":"2024-06-01T19:00:39","date_gmt":"2024-06-01T17:00:39","guid":{"rendered":"https:\/\/www.formetta.com\/datenschutz\/"},"modified":"2025-02-24T14:34:50","modified_gmt":"2025-02-24T13:34:50","slug":"datenschutz","status":"publish","type":"page","link":"https:\/\/woocommerce-old.formetta.com\/de_AT\/datenschutz\/","title":{"rendered":"Datenschutzerkl\u00e4rung"},"content":{"rendered":"\t\t<div data-elementor-type=\"wp-page\" data-elementor-id=\"24059\" class=\"elementor elementor-24059 elementor-17671\" data-elementor-post-type=\"page\">\n\t\t\t\t<div class=\"elementor-element elementor-element-2ca75652 e-con-full e-flex e-con e-parent\" data-id=\"2ca75652\" data-element_type=\"container\" data-e-type=\"container\">\n\t\t<div class=\"elementor-element elementor-element-a5f4d65 e-con-full e-flex e-con e-child\" data-id=\"a5f4d65\" data-element_type=\"container\" data-e-type=\"container\">\n\t\t\t\t<div class=\"elementor-element elementor-element-59932557 wd-width-100 elementor-widget elementor-widget-wd_title\" data-id=\"59932557\" data-element_type=\"widget\" data-e-type=\"widget\" data-widget_type=\"wd_title.default\">\n\t\t\t\t<div class=\"elementor-widget-container\">\n\t\t\t\t\t\t\t<div class=\"title-wrapper wd-set-mb reset-last-child wd-title-color-default wd-title-style-default wd-title-size-small text-left\">\n\n\t\t\t\n\t\t\t<div class=\"liner-continer\">\n\t\t\t\t<h4 class=\"woodmart-title-container title wd-fontsize-m wd-underline-colored\">\u00dcBERSICHT<\/h4> \n\t\t\t\t\t\t\t<\/div>\n\n\t\t\t\t\t<\/div>\n\t\t\t\t\t\t<\/div>\n\t\t\t\t<\/div>\n\t\t\t\t<div class=\"elementor-element elementor-element-1063ea7 elementor-widget elementor-widget-wd_text_block\" data-id=\"1063ea7\" data-element_type=\"widget\" data-e-type=\"widget\" data-widget_type=\"wd_text_block.default\">\n\t\t\t\t<div class=\"elementor-widget-container\">\n\t\t\t\t\t\t\t<div class=\"wd-text-block reset-last-child text-left\">\n\t\t\t\n\t\t\t<p><strong>Diese Datenschutzrichtlinie beschreibt, wie Ihre pers\u00f6nlichen Daten gesammelt, verwendet und weitergegeben werden, wenn Sie formetta.com\/shop (die \"Website\") besuchen oder dort einen Einkauf t\u00e4tigen.<\/strong><\/p><p>Diese Datenschutzrichtlinie wurde zuletzt am 24. Februar 2025 aktualisiert.<\/p>\n\t\t\t\t\t<\/div>\n\t\t\t\t\t\t<\/div>\n\t\t\t\t<\/div>\n\t\t\t\t<\/div>\n\t\t<div class=\"elementor-element elementor-element-7f41cb01 e-con-full e-flex e-con e-child\" data-id=\"7f41cb01\" data-element_type=\"container\" data-e-type=\"container\">\n\t\t\t\t<div class=\"elementor-element elementor-element-6a217600 wd-width-100 elementor-widget elementor-widget-wd_title\" data-id=\"6a217600\" data-element_type=\"widget\" data-e-type=\"widget\" data-widget_type=\"wd_title.default\">\n\t\t\t\t<div class=\"elementor-widget-container\">\n\t\t\t\t\t\t\t<div class=\"title-wrapper wd-set-mb reset-last-child wd-title-color-default wd-title-style-default wd-title-size-small text-left\">\n\n\t\t\t\n\t\t\t<div class=\"liner-continer\">\n\t\t\t\t<h4 class=\"woodmart-title-container title wd-fontsize-m wd-underline-colored\"><u>Abschnitt 1<\/u> \u2013 Pers\u00f6nliche Informationen, die wir sammeln<\/h4> \n\t\t\t\t\t\t\t<\/div>\n\n\t\t\t\t\t\t\t<div class=\"title-after_title reset-last-child wd-fontsize-xs\">\n\t\t\t\t\t<p>Wir erfassen automatisch bestimmte Informationen \u00fcber Ihr Ger\u00e4t, wenn Sie auf die Formett\u0101-Website zugreifen, einschlie\u00dflich des Online-Shops. Diese Informationen umfassen Daten \u00fcber Ihren Webbrowser, Ihre IP-Adresse, Ihre Zeitzone und einige der Cookies, die auf Ihrem Ger\u00e4t installiert sind. Au\u00dferdem sammeln wir, w\u00e4hrend Sie die Website durchsuchen, Informationen \u00fcber die einzelnen Webseiten oder Produkte, die Sie sich ansehen, welche Websites oder Suchbegriffe Sie auf die Formett\u0101-Website verwiesen haben, und Informationen dar\u00fcber, wie Sie mit der Website interagieren. Wir bezeichnen diese automatisch erfassten Informationen als \"Ger\u00e4teinformationen\".<\/p><p>Wir sammeln Ger\u00e4teinformationen mit Hilfe der folgenden Technologien:<\/p><p>\"Cookies\" sind Datendateien, die auf Ihrem Ger\u00e4t oder Computer platziert werden und oft eine anonyme eindeutige Kennung enthalten. Besuchen Sie <a href=\"http:\/\/www.allaboutcookies.org\/\" target=\"_blank\" rel=\"noopener\">All About Cookies<\/a>, um mehr \u00fcber Cookies zu erfahren und wie Sie diese deaktivieren k\u00f6nnen.<\/p><p>\"Protokolldateien\" verfolgen Aktionen, die auf der Website stattfinden, und sammeln Daten einschlie\u00dflich Ihrer IP-Adresse, Ihres Browsertyps, Ihres Internetdienstanbieters, der verweisenden\/verlassenden Seiten und der Zeitstempel.<\/p><p>\"Web Beacons\", \"Tags\" und \"Pixel\" sind elektronische Dateien, die verwendet werden, um Informationen dar\u00fcber aufzuzeichnen, wie Sie die Website durchsuchen.<\/p><p>Zus\u00e4tzlich, wenn Sie einen Kauf t\u00e4tigen oder versuchen, einen Kauf \u00fcber die Website zu t\u00e4tigen, sammeln wir bestimmte Informationen von Ihnen. Diese Informationen umfassen Ihren Namen, Rechnungsadresse, Lieferadresse, Zahlungsinformationen (einschlie\u00dflich Kreditkartennummern oder PayPal-Informationen), E-Mail-Adresse und Telefonnummer. Wir bezeichnen diese Informationen als \"Bestellinformationen\".<\/p><p>Wenn wir in dieser Datenschutzrichtlinie von \"Pers\u00f6nlichen Informationen\" sprechen, beziehen wir uns sowohl auf Ger\u00e4teinformationen als auch auf Bestellinformationen.<\/p>\t\t\t\t<\/div>\n\t\t\t\t\t<\/div>\n\t\t\t\t\t\t<\/div>\n\t\t\t\t<\/div>\n\t\t\t\t<\/div>\n\t\t<div class=\"elementor-element elementor-element-44f95384 e-con-full e-flex e-con e-child\" data-id=\"44f95384\" data-element_type=\"container\" data-e-type=\"container\">\n\t\t\t\t<div class=\"elementor-element elementor-element-4f9133c8 wd-width-100 elementor-widget elementor-widget-wd_title\" data-id=\"4f9133c8\" data-element_type=\"widget\" data-e-type=\"widget\" data-widget_type=\"wd_title.default\">\n\t\t\t\t<div class=\"elementor-widget-container\">\n\t\t\t\t\t\t\t<div class=\"title-wrapper wd-set-mb reset-last-child wd-title-color-default wd-title-style-default wd-title-size-small text-left\">\n\n\t\t\t\n\t\t\t<div class=\"liner-continer\">\n\t\t\t\t<h4 class=\"woodmart-title-container title wd-fontsize-m wd-underline-colored\"><u>Abschnitt 2<\/u> \u2013 Wie wir Ihre pers\u00f6nlichen Informationen nutzen<\/h4> \n\t\t\t\t\t\t\t<\/div>\n\n\t\t\t\t\t\t\t<div class=\"title-after_title reset-last-child wd-fontsize-xs\">\n\t\t\t\t\t<p><span style=\"font-weight: 400\">Wir verwenden die \u00fcber Formulare oder Ihre Bestellung \u00fcbermittelten Informationen, um die \u00fcber die Website aufgegebenen Bestellungen auszuf\u00fchren (dies umfasst die Verarbeitung Ihrer Zahlungsinformationen, die Organisation des Versands sowie die Bereitstellung von Rechnungen und\/oder Bestellbest\u00e4tigungen).<\/span><\/p><p><span style=\"font-weight: 400\">Dar\u00fcber hinaus k\u00f6nnen wir Ihre Informationen aus Newsletter-Anmeldungen und Bestellungen verwenden, um<\/span><\/p><ul><li><span style=\"font-weight: 400\">mit Ihnen zu kommunizieren;<\/span><\/li><li><span style=\"font-weight: 400\">unsere Bestellungen auf potenzielles Risiko oder Betrug hin zu \u00fcberpr\u00fcfen; und<\/span><\/li><li><span style=\"font-weight: 400\">ihnen Informationen oder Werbung zu unseren Produkten oder Dienstleistungen zu liefern (in \u00dcbereinstimmung mit den Pr\u00e4ferenzen, die Sie uns mitgeteilt haben).<\/span><\/li><\/ul><p><span style=\"font-weight: 400\">Die von uns gesammelten Informationen Ihrer Webseitenbesuche nutzen wir, um uns bei der Erkennung von potenziellen Risiken und Betrug zu helfen (insbesondere Ihre IP-Adresse) und allgemeiner, um unsere Website zu verbessern und zu optimieren (zum Beispiel durch das Erstellen von Analysen dar\u00fcber, wie unsere Kunden die Website durchsuchen und mit ihr interagieren, sowie zur Bewertung des Erfolgs unserer Marketing- und Werbekampagnen).<\/span><\/p>\t\t\t\t<\/div>\n\t\t\t\t\t<\/div>\n\t\t\t\t\t\t<\/div>\n\t\t\t\t<\/div>\n\t\t\t\t<\/div>\n\t\t<div class=\"elementor-element elementor-element-782e43d7 e-con-full e-flex e-con e-child\" data-id=\"782e43d7\" data-element_type=\"container\" data-e-type=\"container\">\n\t\t\t\t<div class=\"elementor-element elementor-element-21c26e1c wd-width-100 elementor-widget elementor-widget-wd_title\" data-id=\"21c26e1c\" data-element_type=\"widget\" data-e-type=\"widget\" data-widget_type=\"wd_title.default\">\n\t\t\t\t<div class=\"elementor-widget-container\">\n\t\t\t\t\t\t\t<div class=\"title-wrapper wd-set-mb reset-last-child wd-title-color-default wd-title-style-default wd-title-size-small text-left\">\n\n\t\t\t\n\t\t\t<div class=\"liner-continer\">\n\t\t\t\t<h4 class=\"woodmart-title-container title wd-fontsize-m wd-underline-colored\"><u>Abschnitt 3<\/u> \u2013 Warum und wie wir Ihre pers\u00f6nlichen Informationen teilen<\/h4> \n\t\t\t\t\t\t\t<\/div>\n\n\t\t\t\t\t\t\t<div class=\"title-after_title reset-last-child wd-fontsize-xs\">\n\t\t\t\t\t<p><span style=\"font-weight: 400\">Wir teilen Ihre pers\u00f6nlichen Informationen mit Dritten, um uns bei der Nutzung Ihrer pers\u00f6nlichen Informationen, wie oben beschrieben, zu unterst\u00fctzen. Zum Beispiel: Wir verwenden WooCommerce, um unseren Online-Shop zu betreiben (lesen Sie mehr dar\u00fcber,<\/span><a href=\"https:\/\/woocommerce.com\/documentation\/woocommerce\/get-help\/privacy\/\" target=\"_blank\" rel=\"noopener\"> <span style=\"font-weight: 400\">wie WooCommerce Ihre personenbezogenen Daten verwendet<\/span><\/a><span style=\"font-weight: 400\">).<\/span><\/p><p><span style=\"font-weight: 400\">Wir verwenden Google Analytics, um zu verstehen, wie unsere Kunden die Website nutzen (lesen Sie mehr dar\u00fcber,<\/span><a href=\"https:\/\/policies.google.com\/privacy?hl=de\" target=\"_blank\" rel=\"noopener\"> <span style=\"font-weight: 400\">wie Google Ihre pers\u00f6nlichen Informationen verwendet<\/span><\/a><span style=\"font-weight: 400\">). Sie k\u00f6nnen sich von Google Analytics abmelden, indem Sie das<\/span><a href=\"https:\/\/tools.google.com\/dlpage\/gaoptout?hl=de\" target=\"_blank\" rel=\"noopener\"> <span style=\"font-weight: 400\">Browser-Add-on<\/span><\/a><span style=\"font-weight: 400\"> verwenden.<\/span><\/p><p><span style=\"font-weight: 400\">Wir verwenden auch HubSpot, um Ihre Daten und Pr\u00e4ferenzen zu speichern und E-Mails an Ihre E-Mail-Adresse zu senden, die Ihren Abonnements und Pr\u00e4ferenzen entsprechen (lesen Sie mehr dar\u00fcber,<\/span><a href=\"https:\/\/legal.hubspot.com\/de\/privacy-policy\" target=\"_blank\" rel=\"noopener\"> <span style=\"font-weight: 400\">wie HubSpot Ihre pers\u00f6nlichen Daten verwendet<\/span><\/a><span style=\"font-weight: 400\">). Um die Daten in HubSpot gut strukturiert zu halten und Ihnen ein besseres Nutzererlebnis bieten zu k\u00f6nnen, verwenden wir in spezifischen F\u00e4llen Plugins von HubSpot zertifizierten Drittanbietern, wie Exelab.<\/span><\/p><p><span style=\"font-weight: 400\">Schlie\u00dflich k\u00f6nnen wir Ihre pers\u00f6nlichen Informationen auch teilen, um geltenden Gesetzen und Vorschriften zu entsprechen, auf eine Vorladung, einen Durchsuchungsbefehl oder eine andere rechtm\u00e4\u00dfige Anfrage nach Informationen, die wir erhalten, zu reagieren oder um unsere Rechte anderweitig zu sch\u00fctzen.<\/span><\/p>\t\t\t\t<\/div>\n\t\t\t\t\t<\/div>\n\t\t\t\t\t\t<\/div>\n\t\t\t\t<\/div>\n\t\t\t\t<\/div>\n\t\t<div class=\"elementor-element elementor-element-68890d0f e-con-full e-flex e-con e-child\" data-id=\"68890d0f\" data-element_type=\"container\" data-e-type=\"container\">\n\t\t\t\t<div class=\"elementor-element elementor-element-39a2474 wd-width-100 elementor-widget elementor-widget-wd_title\" data-id=\"39a2474\" data-element_type=\"widget\" data-e-type=\"widget\" data-widget_type=\"wd_title.default\">\n\t\t\t\t<div class=\"elementor-widget-container\">\n\t\t\t\t\t\t\t<div class=\"title-wrapper wd-set-mb reset-last-child wd-title-color-default wd-title-style-default wd-title-size-small text-left\">\n\n\t\t\t\n\t\t\t<div class=\"liner-continer\">\n\t\t\t\t<h4 class=\"woodmart-title-container title wd-fontsize-m wd-underline-colored\"><u>Abschnitt 4<\/u> \u2013 Verhaltensbezogene Werbung<\/h4> \n\t\t\t\t\t\t\t<\/div>\n\n\t\t\t\t\t\t\t<div class=\"title-after_title reset-last-child wd-fontsize-xs\">\n\t\t\t\t\t<p><span style=\"font-weight: 400\">Wie oben beschrieben, nutzen wir Ihre pers\u00f6nlichen Informationen, um Ihnen gezielte Werbeanzeigen oder Marketingmitteilungen anzubieten, von denen wir glauben, dass sie f\u00fcr Sie von Interesse sein k\u00f6nnten. F\u00fcr weitere Informationen dar\u00fcber, wie zielgerichtete Werbung funktioniert, besuchen Sie bitte die Bildungsseite der Network Advertising Initiative.<\/span><\/p><p><span style=\"font-weight: 400\">Sie k\u00f6nnen sich von zielgerichteter Werbung abmelden, indem Sie den spezifischen Links f\u00fcr folgende Dienste folgen:<\/span><\/p><ul><li><a href=\"https:\/\/www.facebook.com\/index.php?next=https%3A%2F%2Fwww.facebook.com%2Fsettings%2F%3Ftab%3Dads&amp;deoia=1&amp;no_universal_links=1\" target=\"_blank\" rel=\"noopener\"><span style=\"font-weight: 400\">Facebook<\/span><\/a><\/li><li><a href=\"https:\/\/myadcenter.google.com\/home?hl=de\" target=\"_blank\" rel=\"noopener\"><span style=\"font-weight: 400\">Google<\/span><\/a><\/li><\/ul><p><span style=\"font-weight: 400\">Zus\u00e4tzlich k\u00f6nnen Sie sich von einigen dieser Dienste \u00fcber das Opt-out-Portal der<\/span><a href=\"https:\/\/optout.aboutads.info\/?lang=EN&amp;c=2\" target=\"_blank\" rel=\"noopener\"> <span style=\"font-weight: 400\">Digital Advertising Alliance<\/span><\/a><span style=\"font-weight: 400\"> abmelden.<\/span><\/p>\t\t\t\t<\/div>\n\t\t\t\t\t<\/div>\n\t\t\t\t\t\t<\/div>\n\t\t\t\t<\/div>\n\t\t\t\t<\/div>\n\t\t<div class=\"elementor-element elementor-element-6087cb8a e-con-full e-flex e-con e-child\" data-id=\"6087cb8a\" data-element_type=\"container\" data-e-type=\"container\">\n\t\t\t\t<div class=\"elementor-element elementor-element-22fb5b81 wd-width-100 elementor-widget elementor-widget-wd_title\" data-id=\"22fb5b81\" data-element_type=\"widget\" data-e-type=\"widget\" data-widget_type=\"wd_title.default\">\n\t\t\t\t<div class=\"elementor-widget-container\">\n\t\t\t\t\t\t\t<div class=\"title-wrapper wd-set-mb reset-last-child wd-title-color-default wd-title-style-default wd-title-size-small text-left\">\n\n\t\t\t\n\t\t\t<div class=\"liner-continer\">\n\t\t\t\t<h4 class=\"woodmart-title-container title wd-fontsize-m wd-underline-colored\"><u>Abschnitt 5<\/u> \u2013 Nicht verfolgen<\/h4> \n\t\t\t\t\t\t\t<\/div>\n\n\t\t\t\t\t\t\t<div class=\"title-after_title reset-last-child wd-fontsize-xs\">\n\t\t\t\t\t<p>Bitte beachten Sie, dass wir die Datenerfassungs- und Nutzungspraktiken unserer Website nicht \u00e4ndern, wenn wir ein \"Nicht verfolgen\"-Signal von Ihrem Browser erhalten.<\/p>\t\t\t\t<\/div>\n\t\t\t\t\t<\/div>\n\t\t\t\t\t\t<\/div>\n\t\t\t\t<\/div>\n\t\t\t\t<\/div>\n\t\t<div class=\"elementor-element elementor-element-7ba1331a e-con-full e-flex e-con e-child\" data-id=\"7ba1331a\" data-element_type=\"container\" data-e-type=\"container\">\n\t\t\t\t<div class=\"elementor-element elementor-element-752306da wd-width-100 elementor-widget elementor-widget-wd_title\" data-id=\"752306da\" data-element_type=\"widget\" data-e-type=\"widget\" data-widget_type=\"wd_title.default\">\n\t\t\t\t<div class=\"elementor-widget-container\">\n\t\t\t\t\t\t\t<div class=\"title-wrapper wd-set-mb reset-last-child wd-title-color-default wd-title-style-default wd-title-size-small text-left\">\n\n\t\t\t\n\t\t\t<div class=\"liner-continer\">\n\t\t\t\t<h4 class=\"woodmart-title-container title wd-fontsize-m wd-underline-colored\"><u>Abschnitt 6<\/u> \u2013 Ihre Rechte<\/h4> \n\t\t\t\t\t\t\t<\/div>\n\n\t\t\t\t\t\t\t<div class=\"title-after_title reset-last-child wd-fontsize-xs\">\n\t\t\t\t\t<p>Wenn Sie ein europ\u00e4ischer Einwohner sind, haben Sie das Recht, auf die pers\u00f6nlichen Informationen zuzugreifen, die wir \u00fcber Sie gespeichert haben, und zu verlangen, dass Ihre pers\u00f6nlichen Informationen korrigiert, aktualisiert oder gel\u00f6scht werden. Wenn Sie dieses Recht aus\u00fcben m\u00f6chten, kontaktieren Sie uns bitte wie im Abschnitt \u201e<a href=\"https:\/\/www.formetta.com\/privacy-policy#Kontact\" target=\"_blank\" rel=\"noopener\">Kontakt<\/a>\u201c angegeben.<\/p><p>Zus\u00e4tzlich m\u00f6chten wir, wenn Sie ein europ\u00e4ischer Einwohner sind, darauf hinweisen, dass wir Ihre Informationen verarbeiten, um Vertr\u00e4ge, die wir m\u00f6glicherweise mit Ihnen haben (zum Beispiel, wenn Sie eine Bestellung \u00fcber die Website t\u00e4tigen), zu erf\u00fcllen oder anderweitig unsere legitimen Gesch\u00e4ftsinteressen, wie oben aufgef\u00fchrt, zu verfolgen. Ihre Informationen k\u00f6nnen au\u00dferhalb Europas \u00fcbertragen werden, einschlie\u00dflich nach Kanada und in die Vereinigten Staaten.<\/p>\t\t\t\t<\/div>\n\t\t\t\t\t<\/div>\n\t\t\t\t\t\t<\/div>\n\t\t\t\t<\/div>\n\t\t\t\t<\/div>\n\t\t<div class=\"elementor-element elementor-element-27c04b49 e-con-full e-flex e-con e-child\" data-id=\"27c04b49\" data-element_type=\"container\" data-e-type=\"container\">\n\t\t\t\t<div class=\"elementor-element elementor-element-6ff1fea2 wd-width-100 elementor-widget elementor-widget-wd_title\" data-id=\"6ff1fea2\" data-element_type=\"widget\" data-e-type=\"widget\" data-widget_type=\"wd_title.default\">\n\t\t\t\t<div class=\"elementor-widget-container\">\n\t\t\t\t\t\t\t<div class=\"title-wrapper wd-set-mb reset-last-child wd-title-color-default wd-title-style-default wd-title-size-small text-left\">\n\n\t\t\t\n\t\t\t<div class=\"liner-continer\">\n\t\t\t\t<h4 class=\"woodmart-title-container title wd-fontsize-m wd-underline-colored\"><u>Abschnitt 7<\/u> \u2013 Datenaufbewahrung<\/h4> \n\t\t\t\t\t\t\t<\/div>\n\n\t\t\t\t\t\t\t<div class=\"title-after_title reset-last-child wd-fontsize-xs\">\n\t\t\t\t\t<p>Wenn Sie eine Bestellung \u00fcber die Website aufgeben, werden wir Ihre Bestellinformationen f\u00fcr unsere Unterlagen aufbewahren, es sei denn und bis Sie uns auffordern, diese Informationen zu l\u00f6schen.<\/p>\t\t\t\t<\/div>\n\t\t\t\t\t<\/div>\n\t\t\t\t\t\t<\/div>\n\t\t\t\t<\/div>\n\t\t\t\t<\/div>\n\t\t<div class=\"elementor-element elementor-element-4a4ad6ea e-con-full e-flex e-con e-child\" data-id=\"4a4ad6ea\" data-element_type=\"container\" data-e-type=\"container\">\n\t\t\t\t<div class=\"elementor-element elementor-element-10072f7b wd-width-100 elementor-widget elementor-widget-wd_title\" data-id=\"10072f7b\" data-element_type=\"widget\" data-e-type=\"widget\" data-widget_type=\"wd_title.default\">\n\t\t\t\t<div class=\"elementor-widget-container\">\n\t\t\t\t\t\t\t<div class=\"title-wrapper wd-set-mb reset-last-child wd-title-color-default wd-title-style-default wd-title-size-small text-left\">\n\n\t\t\t\n\t\t\t<div class=\"liner-continer\">\n\t\t\t\t<h4 class=\"woodmart-title-container title wd-fontsize-m wd-underline-colored\"><u>Abschnitt 8<\/u> \u2013 \u00c4nderungen<\/h4> \n\t\t\t\t\t\t\t<\/div>\n\n\t\t\t\t\t\t\t<div class=\"title-after_title reset-last-child wd-fontsize-xs\">\n\t\t\t\t\t<p>Wir k\u00f6nnen diese Datenschutzrichtlinie von Zeit zu Zeit aktualisieren. Diese Aktualisierungen werden aus betrieblichen, rechtlichen oder regulatorischen Gr\u00fcnden vorgenommen oder um \u00c4nderungen unserer Praktiken widerzuspiegeln.<\/p>\t\t\t\t<\/div>\n\t\t\t\t\t<\/div>\n\t\t\t\t\t\t<\/div>\n\t\t\t\t<\/div>\n\t\t\t\t<\/div>\n\t\t<div class=\"elementor-element elementor-element-5d954a7c e-con-full e-flex e-con e-child\" data-id=\"5d954a7c\" data-element_type=\"container\" data-e-type=\"container\">\n\t\t\t\t<div class=\"elementor-element elementor-element-cdbeb38 wd-width-100 elementor-widget elementor-widget-wd_title\" data-id=\"cdbeb38\" data-element_type=\"widget\" data-e-type=\"widget\" data-widget_type=\"wd_title.default\">\n\t\t\t\t<div class=\"elementor-widget-container\">\n\t\t\t\t\t\t\t<div class=\"title-wrapper wd-set-mb reset-last-child wd-title-color-default wd-title-style-default wd-title-size-small text-left\">\n\n\t\t\t\n\t\t\t<div class=\"liner-continer\">\n\t\t\t\t<h4 class=\"woodmart-title-container title wd-fontsize-m wd-underline-colored\"><u>Abschnitt 9<\/u> \u2013 Kontakt<\/h4> \n\t\t\t\t\t\t\t<\/div>\n\n\t\t\t\t\t\t\t<div class=\"title-after_title reset-last-child wd-fontsize-xs\">\n\t\t\t\t\t<p>F\u00fcr weitere Informationen \u00fcber unsere Datenschutzpraktiken oder wenn Sie Fragen oder Beschwerden haben, kontaktieren Sie uns bitte per E-Mail unter <a target=\"_new\">info@formetta.com<\/a> oder per Post unter folgender Adresse:<\/p><p>Formetta GmbH <br \/>Im Bungert 7 <br \/>8820 W\u00e4denswil <br \/>Schweiz<\/p>\t\t\t\t<\/div>\n\t\t\t\t\t<\/div>\n\t\t\t\t\t\t<\/div>\n\t\t\t\t<\/div>\n\t\t\t\t<\/div>\n\t\t\t\t<\/div>\n\t\t\t\t<\/div>\n\t\t","protected":false},"excerpt":{"rendered":"<p>\u00dcBERSICHT Diese Datenschutzrichtlinie beschreibt, wie Ihre pers\u00f6nlichen Daten gesammelt, verwendet und weitergegeben werden, wenn Sie formetta.com\/shop (die &#8222;Website&#8220;) besuchen oder<\/p>\n","protected":false},"author":139,"featured_media":0,"parent":0,"menu_order":0,"comment_status":"closed","ping_status":"closed","template":"","meta":{"_uf_show_specific_survey":0,"_uf_disable_surveys":false,"footnotes":""},"class_list":["post-24059","page","type-page","status-publish","hentry"],"_links":{"self":[{"href":"https:\/\/woocommerce-old.formetta.com\/de_AT\/wp-json\/wp\/v2\/pages\/24059","targetHints":{"allow":["GET"]}}],"collection":[{"href":"https:\/\/woocommerce-old.formetta.com\/de_AT\/wp-json\/wp\/v2\/pages"}],"about":[{"href":"https:\/\/woocommerce-old.formetta.com\/de_AT\/wp-json\/wp\/v2\/types\/page"}],"author":[{"embeddable":true,"href":"https:\/\/woocommerce-old.formetta.com\/de_AT\/wp-json\/wp\/v2\/users\/139"}],"replies":[{"embeddable":true,"href":"https:\/\/woocommerce-old.formetta.com\/de_AT\/wp-json\/wp\/v2\/comments?post=24059"}],"version-history":[{"count":6,"href":"https:\/\/woocommerce-old.formetta.com\/de_AT\/wp-json\/wp\/v2\/pages\/24059\/revisions"}],"predecessor-version":[{"id":31094,"href":"https:\/\/woocommerce-old.formetta.com\/de_AT\/wp-json\/wp\/v2\/pages\/24059\/revisions\/31094"}],"wp:attachment":[{"href":"https:\/\/woocommerce-old.formetta.com\/de_AT\/wp-json\/wp\/v2\/media?parent=24059"}],"curies":[{"name":"wp","href":"https:\/\/api.w.org\/{rel}","templated":true}]}}