{"id":24052,"date":"2024-06-01T19:01:05","date_gmt":"2024-06-01T17:01:05","guid":{"rendered":"https:\/\/www.formetta.com\/fragen-antworten\/"},"modified":"2024-06-01T19:01:05","modified_gmt":"2024-06-01T17:01:05","slug":"fragen-antworten","status":"publish","type":"page","link":"https:\/\/woocommerce-old.formetta.com\/de_AT\/fragen-antworten\/","title":{"rendered":"Fragen &#038; Antworten"},"content":{"rendered":"\t\t<div data-elementor-type=\"wp-page\" data-elementor-id=\"24052\" class=\"elementor elementor-24052 elementor-17789\" data-elementor-post-type=\"page\">\n\t\t\t\t<div class=\"elementor-element elementor-element-1cbe97ae e-con-full e-flex e-con e-parent\" data-id=\"1cbe97ae\" data-element_type=\"container\" data-e-type=\"container\">\n\t\t<div class=\"elementor-element elementor-element-161c05fb e-con-full e-flex e-con e-child\" data-id=\"161c05fb\" data-element_type=\"container\" data-e-type=\"container\">\n\t\t\t\t<div class=\"elementor-element elementor-element-424c4f6f wd-width-100 elementor-widget elementor-widget-wd_title\" data-id=\"424c4f6f\" data-element_type=\"widget\" data-e-type=\"widget\" data-widget_type=\"wd_title.default\">\n\t\t\t\t<div class=\"elementor-widget-container\">\n\t\t\t\t\t\t\t<div class=\"title-wrapper wd-set-mb reset-last-child wd-title-color-default wd-title-style-default wd-title-size-default text-left\">\n\n\t\t\t\n\t\t\t<div class=\"liner-continer\">\n\t\t\t\t<h4 class=\"woodmart-title-container title wd-fontsize-l\">Unsere Produkte<\/h4> \n\t\t\t\t\t\t\t<\/div>\n\n\t\t\t\t\t<\/div>\n\t\t\t\t\t\t<\/div>\n\t\t\t\t<\/div>\n\t\t\t\t<div class=\"elementor-element elementor-element-381333a4 elementor-widget elementor-widget-wd_accordion\" data-id=\"381333a4\" data-element_type=\"widget\" data-e-type=\"widget\" data-widget_type=\"wd_accordion.default\">\n\t\t\t\t<div class=\"elementor-widget-container\">\n\t\t\t\t\t\n\t\t<div class=\"wd-accordion wd-style-default wd-titles-left wd-opener-pos-right wd-opener-style-arrow\" data-state=\"first\">\n\t\t\t\t\t\t\t\n\t\t\t\t<div class=\"wd-accordion-item\">\n\t\t\t\t\t<div class=\"wd-accordion-title wd-role-btn wd-active\" data-accordion-index=\"0\" tabindex=\"0\">\n\t\t\t\t\t\t<div class=\"wd-accordion-title-text\">\n\t\t\t\t\t\t\t\t\t\t\t\t\t\t<span>\n\t\t\t\t\t\t\t\tWas ist Kollagen?\t\t\t\t\t\t\t<\/span>\n\t\t\t\t\t\t<\/div>\n\t\t\t\t\t\t<span class=\"wd-accordion-opener\"><\/span>\n\t\t\t\t\t<\/div>\n\n\t\t\t\t\t<div class=\"wd-accordion-content wd-entry-content wd-active\" data-accordion-index=\"0\">\n\t\t\t\t\t\t\t\t\t\t\t\t\t\n\t\t\t\t\t\t\t<p>Kollagen ist das am h\u00e4ufigsten vorkommende Protein im K\u00f6rper. Es dient als Hauptstrukturprotein in zahlreichen Geweben unseres K\u00f6rpers, darunter Haut, Gelenke, Blutgef\u00e4\u00dfe, Muskeln, Darmgewebe und Zahnbein. Der menschliche K\u00f6rper stellt st\u00e4ndig Kollagene her, um die strukturelle Integrit\u00e4t des Gewebes zu erhalten. Als Teil des nat\u00fcrlichen Alterungsprozesses verlangsamt sich die Kollagenproduktion ab etwa 25 Jahren allm\u00e4hlich. Dies f\u00fchrt zu den verr\u00e4terischen Zeichen des Alterns wie grauem Haar, schwachen N\u00e4geln, Hautfalten und schmerzenden Gelenken.<\/p>\n\t\t\t\t\t\t\t\t\t\t\t\t\t\t\t\t\t\t<\/div>\n\t\t\t\t<\/div>\n\t\t\t\t\t\t\t\n\t\t\t\t<div class=\"wd-accordion-item\">\n\t\t\t\t\t<div class=\"wd-accordion-title wd-role-btn\" data-accordion-index=\"1\" tabindex=\"0\">\n\t\t\t\t\t\t<div class=\"wd-accordion-title-text\">\n\t\t\t\t\t\t\t\t\t\t\t\t\t\t<span>\n\t\t\t\t\t\t\t\tWie lange ist Formett\u0101 haltbar?\t\t\t\t\t\t\t<\/span>\n\t\t\t\t\t\t<\/div>\n\t\t\t\t\t\t<span class=\"wd-accordion-opener\"><\/span>\n\t\t\t\t\t<\/div>\n\n\t\t\t\t\t<div class=\"wd-accordion-content wd-entry-content\" data-accordion-index=\"1\">\n\t\t\t\t\t\t\t\t\t\t\t\t\t\n\t\t\t\t\t\t\t<p>Die Produkthaltbarkeit betr\u00e4gt 2\u20133 Jahre. Wir empfehlen, Formett\u0101 an einem k\u00fchlen, trockenen Ort zu lagern, fern von direktem Sonnenlicht und Feuchtigkeit. Eine K\u00fchlung ist nicht erforderlich.<\/p>\n\t\t\t\t\t\t\t\t\t\t\t\t\t\t\t\t\t\t<\/div>\n\t\t\t\t<\/div>\n\t\t\t\t\t\t\t\n\t\t\t\t<div class=\"wd-accordion-item\">\n\t\t\t\t\t<div class=\"wd-accordion-title wd-role-btn\" data-accordion-index=\"2\" tabindex=\"0\">\n\t\t\t\t\t\t<div class=\"wd-accordion-title-text\">\n\t\t\t\t\t\t\t\t\t\t\t\t\t\t<span>\n\t\t\t\t\t\t\t\tWas sind Kollagenpeptide?\t\t\t\t\t\t\t<\/span>\n\t\t\t\t\t\t<\/div>\n\t\t\t\t\t\t<span class=\"wd-accordion-opener\"><\/span>\n\t\t\t\t\t<\/div>\n\n\t\t\t\t\t<div class=\"wd-accordion-content wd-entry-content\" data-accordion-index=\"2\">\n\t\t\t\t\t\t\t\t\t\t\t\t\t\n\t\t\t\t\t\t\t<p>Kollagen ist ein gro\u00dfes komplexes Protein, das aus langen Ketten von Polypeptiden besteht. Das Kollagenmolek\u00fcl selbst ist viel zu gro\u00df, um durch die Darmwand absorbiert zu werden. Daher muss es w\u00e4hrend der Verdauung in kleinere Ketten, die Peptide, zerlegt werden. Unsere Kollagenpeptide werden durch Hydrolyse (Aufspaltung) von Kollagen in Peptide gewonnen. Dies ahmt den nat\u00fcrlichen Verdauungsprozess nach, so dass die Peptide leicht aufgenommen werden k\u00f6nnen. Sobald sie absorbiert sind, werden diese Peptide problemlos im ganzen K\u00f6rper verteilt, wo sie zur Erneuerung des Kollagens beitragen k\u00f6nnen.<\/p>\n\t\t\t\t\t\t\t\t\t\t\t\t\t\t\t\t\t\t<\/div>\n\t\t\t\t<\/div>\n\t\t\t\t\t\t\t\n\t\t\t\t<div class=\"wd-accordion-item\">\n\t\t\t\t\t<div class=\"wd-accordion-title wd-role-btn\" data-accordion-index=\"3\" tabindex=\"0\">\n\t\t\t\t\t\t<div class=\"wd-accordion-title-text\">\n\t\t\t\t\t\t\t\t\t\t\t\t\t\t<span>\n\t\t\t\t\t\t\t\tWoher stammt unser Kollagen?\t\t\t\t\t\t\t<\/span>\n\t\t\t\t\t\t<\/div>\n\t\t\t\t\t\t<span class=\"wd-accordion-opener\"><\/span>\n\t\t\t\t\t<\/div>\n\n\t\t\t\t\t<div class=\"wd-accordion-content wd-entry-content\" data-accordion-index=\"3\">\n\t\t\t\t\t\t\t\t\t\t\t\t\t\n\t\t\t\t\t\t\t<p>Wir verwenden in Deutschland hergestellte Kollagenpeptide aus Rinderhaut. Sie stammen ausschlie\u00dflich von zertifizierten K\u00fchen aus artgerechter Haltung in Deutschland. Die Wirksamkeit unserer Peptide ist klinisch erwiesen. Sie sind frei von Schwermetallen und Toxinen.<\/p>\n\t\t\t\t\t\t\t\t\t\t\t\t\t\t\t\t\t\t<\/div>\n\t\t\t\t<\/div>\n\t\t\t\t\t\t\t\n\t\t\t\t<div class=\"wd-accordion-item\">\n\t\t\t\t\t<div class=\"wd-accordion-title wd-role-btn\" data-accordion-index=\"4\" tabindex=\"0\">\n\t\t\t\t\t\t<div class=\"wd-accordion-title-text\">\n\t\t\t\t\t\t\t\t\t\t\t\t\t\t<span>\n\t\t\t\t\t\t\t\tWurde Formett\u0101 auf Qualit\u00e4t und Sicherheit getestet?\t\t\t\t\t\t\t<\/span>\n\t\t\t\t\t\t<\/div>\n\t\t\t\t\t\t<span class=\"wd-accordion-opener\"><\/span>\n\t\t\t\t\t<\/div>\n\n\t\t\t\t\t<div class=\"wd-accordion-content wd-entry-content\" data-accordion-index=\"4\">\n\t\t\t\t\t\t\t\t\t\t\t\t\t\n\t\t\t\t\t\t\t<p>Formett\u0101 wird strengen Qualit\u00e4ts- und Reinheitstests unterzogen, um zu gew\u00e4hrleisten, dass die von uns verkauften Produkte zertifiziert und zu 100% sicher f\u00fcr den menschlichen Verzehr sind. Unsere Peptide werden auf Mikrobiologie, Stabilit\u00e4t, N\u00e4hrwertprofil, Toxine und Schwermetalle wie Quecksilber, Blei und Arsen getestet.<\/p><p>Unser Produkt erf\u00fcllt alle erforderlichen Qualit\u00e4ts- und Sicherheitsstandards, die von den wichtigsten schweizerischen und internationalen Aufsichtsbeh\u00f6rden festgelegt wurden.<\/p>\n\t\t\t\t\t\t\t\t\t\t\t\t\t\t\t\t\t\t<\/div>\n\t\t\t\t<\/div>\n\t\t\t\t\t\t\t\n\t\t\t\t<div class=\"wd-accordion-item\">\n\t\t\t\t\t<div class=\"wd-accordion-title wd-role-btn\" data-accordion-index=\"5\" tabindex=\"0\">\n\t\t\t\t\t\t<div class=\"wd-accordion-title-text\">\n\t\t\t\t\t\t\t\t\t\t\t\t\t\t<span>\n\t\t\t\t\t\t\t\t\u00dcberlebt Kollagen die Magens\u00e4ure?\t\t\t\t\t\t\t<\/span>\n\t\t\t\t\t\t<\/div>\n\t\t\t\t\t\t<span class=\"wd-accordion-opener\"><\/span>\n\t\t\t\t\t<\/div>\n\n\t\t\t\t\t<div class=\"wd-accordion-content wd-entry-content\" data-accordion-index=\"5\">\n\t\t\t\t\t\t\t\t\t\t\t\t\t\n\t\t\t\t\t\t\t<p>Die Kollagenpeptide von Formett\u0101 werden durch die Verdauungss\u00e4ure im Magen nicht zerst\u00f6rt oder zersetzt. Sobald die Kollagenpeptide den D\u00fcnndarm erreichen, werden sie in den Blutkreislauf aufgenommen und in Form von Peptiden und freien Aminos\u00e4uren im ganzen K\u00f6rper verteilt, um den K\u00f6rper zur Produktion von neuem Kollagen anzuregen.<\/p>\n\t\t\t\t\t\t\t\t\t\t\t\t\t\t\t\t\t\t<\/div>\n\t\t\t\t<\/div>\n\t\t\t\t\t\t\t\n\t\t\t\t<div class=\"wd-accordion-item\">\n\t\t\t\t\t<div class=\"wd-accordion-title wd-role-btn\" data-accordion-index=\"6\" tabindex=\"0\">\n\t\t\t\t\t\t<div class=\"wd-accordion-title-text\">\n\t\t\t\t\t\t\t\t\t\t\t\t\t\t<span>\n\t\t\t\t\t\t\t\tSpielt die Art des Kollagens eine Rolle?\t\t\t\t\t\t\t<\/span>\n\t\t\t\t\t\t<\/div>\n\t\t\t\t\t\t<span class=\"wd-accordion-opener\"><\/span>\n\t\t\t\t\t<\/div>\n\n\t\t\t\t\t<div class=\"wd-accordion-content wd-entry-content\" data-accordion-index=\"6\">\n\t\t\t\t\t\t\t\t\t\t\t\t\t\n\t\t\t\t\t\t\t<p>Nein, das tut sie nicht. Formett\u0101 besteht haupts\u00e4chlich aus Kollagenpeptiden vom Typ I und III. Es gibt 28 verschiedene Kollagenproteine, die mit r\u00f6mischen Ziffern (I-XXVIII) gekennzeichnet werden. Diese Kollagene werden aus den gleichen Bausteinen hergestellt, unterscheiden sich jedoch in ihren Wechselwirkungen mit anderen Proteinen, zellul\u00e4ren Komponenten und ihrer Lage im K\u00f6rper. Es gibt keine Beweise f\u00fcr Unterschiede in der Aktivit\u00e4t zwischen dem Verzehr der verschiedenen Kollagenarten. Formett\u0101 ist darauf ausgerichtet, die Kollagenproduktion im gesamten K\u00f6rper anzukurbeln.<\/p>\n\t\t\t\t\t\t\t\t\t\t\t\t\t\t\t\t\t\t<\/div>\n\t\t\t\t<\/div>\n\t\t\t\t\t\t\t\n\t\t\t\t<div class=\"wd-accordion-item\">\n\t\t\t\t\t<div class=\"wd-accordion-title wd-role-btn\" data-accordion-index=\"7\" tabindex=\"0\">\n\t\t\t\t\t\t<div class=\"wd-accordion-title-text\">\n\t\t\t\t\t\t\t\t\t\t\t\t\t\t<span>\n\t\t\t\t\t\t\t\tKann ich Formett\u0101 w\u00e4hrend der Schwangerschaft und Stillzeit einnehmen?\t\t\t\t\t\t\t<\/span>\n\t\t\t\t\t\t<\/div>\n\t\t\t\t\t\t<span class=\"wd-accordion-opener\"><\/span>\n\t\t\t\t\t<\/div>\n\n\t\t\t\t\t<div class=\"wd-accordion-content wd-entry-content\" data-accordion-index=\"7\">\n\t\t\t\t\t\t\t\t\t\t\t\t\t\n\t\t\t\t\t\t\t<p>Formett\u0101 bietet w\u00e4hrend der Schwangerschaft und Stillzeit wertvolle Vorteile. Unsere Rezeptur wurde rigoros auf Qualit\u00e4t und Sicherheit getestet. Viele unserer Kunden konnten unsere Produkte w\u00e4hrend der Schwangerschaft und Stillzeit einnehmen. Wir empfehlen Ihnen jedoch, mit Ihrer \u00c4rztin oder Ihrem Arzt zu sprechen, um zu pr\u00fcfen, ob unser Produkt f\u00fcr Sie geeignet ist.<\/p>\n\t\t\t\t\t\t\t\t\t\t\t\t\t\t\t\t\t\t<\/div>\n\t\t\t\t<\/div>\n\t\t\t\t\t\t\t\n\t\t\t\t<div class=\"wd-accordion-item\">\n\t\t\t\t\t<div class=\"wd-accordion-title wd-role-btn\" data-accordion-index=\"8\" tabindex=\"0\">\n\t\t\t\t\t\t<div class=\"wd-accordion-title-text\">\n\t\t\t\t\t\t\t\t\t\t\t\t\t\t<span>\n\t\t\t\t\t\t\t\tZu welcher Tageszeit sollte ich Formett\u0101 einnehmen?\t\t\t\t\t\t\t<\/span>\n\t\t\t\t\t\t<\/div>\n\t\t\t\t\t\t<span class=\"wd-accordion-opener\"><\/span>\n\t\t\t\t\t<\/div>\n\n\t\t\t\t\t<div class=\"wd-accordion-content wd-entry-content\" data-accordion-index=\"8\">\n\t\t\t\t\t\t\t\t\t\t\t\t\t\n\t\t\t\t\t\t\t<p>Sie k\u00f6nnen Formett\u0101 zu jeder Tageszeit einnehmen! Allerdings ist die Proteinabsorption am Morgen oder bei Ihrer ersten Mahlzeit des Tages optimal.<\/p><p>Morgenritual:<br \/>Kollagenpeptide k\u00f6nnen das S\u00e4ttigungsgef\u00fchl steigern. Dies k\u00f6nnte die Gewichtsabnahme und das Gewichtsmanagement unterst\u00fctzen, indem es das Hungergef\u00fchl und damit die Anzahl der Kalorien, die Sie am Tag zu sich nehmen, reduziert.<\/p><p>Nachmittagsritual:<br \/>Sie k\u00f6nnen Ihr Kollagen vor oder nach dem Training einnehmen. Die Elektrolyte in der Formett\u0101-Formel sind besonders n\u00fctzlich, um Sie schnell wieder aufzutanken und ein Nachmittagstief zu verhindern.<\/p><p>Abendritual:<br \/>Erlauben Sie Formett\u0101, Ihren K\u00f6rper bei der Regeneration und Wiederherstellung zu unterst\u00fctzen, w\u00e4hrend Sie schlafen. Formett\u0101 kann sich positiv auf Ihren Schlaf auswirken, da die Kollagenpeptide mit der Aminos\u00e4ure Glycin angereichert sind Glycin ist ein hemmender Neurotransmitter, der das zentrale Nervensystem beruhigt und uns hilft, zur Ruhe zu kommen, uns zu entspannen und einzuschlafen.<\/p>\n\t\t\t\t\t\t\t\t\t\t\t\t\t\t\t\t\t\t<\/div>\n\t\t\t\t<\/div>\n\t\t\t\t\t\t\t\n\t\t\t\t<div class=\"wd-accordion-item\">\n\t\t\t\t\t<div class=\"wd-accordion-title wd-role-btn\" data-accordion-index=\"9\" tabindex=\"0\">\n\t\t\t\t\t\t<div class=\"wd-accordion-title-text\">\n\t\t\t\t\t\t\t\t\t\t\t\t\t\t<span>\n\t\t\t\t\t\t\t\tKann ich Formett\u0101 zu heissen Getr\u00e4nken hinzuf\u00fcgen?\t\t\t\t\t\t\t<\/span>\n\t\t\t\t\t\t<\/div>\n\t\t\t\t\t\t<span class=\"wd-accordion-opener\"><\/span>\n\t\t\t\t\t<\/div>\n\n\t\t\t\t\t<div class=\"wd-accordion-content wd-entry-content\" data-accordion-index=\"9\">\n\t\t\t\t\t\t\t\t\t\t\t\t\t\n\t\t\t\t\t\t\t<p>Vom Erhitzen von Formett\u0101 raten wir ab. Es handelt sich bei Formett\u0101 um eine fortschrittliche Kollagenformulierung mit potenten hitzeempfindlichen Inhaltsstoffen.<\/p>\n\t\t\t\t\t\t\t\t\t\t\t\t\t\t\t\t\t\t<\/div>\n\t\t\t\t<\/div>\n\t\t\t\t\t\t\t\n\t\t\t\t<div class=\"wd-accordion-item\">\n\t\t\t\t\t<div class=\"wd-accordion-title wd-role-btn\" data-accordion-index=\"10\" tabindex=\"0\">\n\t\t\t\t\t\t<div class=\"wd-accordion-title-text\">\n\t\t\t\t\t\t\t\t\t\t\t\t\t\t<span>\n\t\t\t\t\t\t\t\tWas ist der Unterschied zwischen marinem und bovinem Kollagen?\t\t\t\t\t\t\t<\/span>\n\t\t\t\t\t\t<\/div>\n\t\t\t\t\t\t<span class=\"wd-accordion-opener\"><\/span>\n\t\t\t\t\t<\/div>\n\n\t\t\t\t\t<div class=\"wd-accordion-content wd-entry-content\" data-accordion-index=\"10\">\n\t\t\t\t\t\t\t\t\t\t\t\t\t\n\t\t\t\t\t\t\t<p>Kollagen kann aus zahlreichen Quellen gewonnen werden, darunter K\u00fche, Schweine, H\u00fchner und Meerestiere. Es gibt keinen Beweis daf\u00fcr, dass irgendeine Kollagenquelle wirksamer ist als Rinderkollagen. Rinderkollagen ist im Gegensatz zu Meereskollagen frei von den 14 wichtigsten Allergenen und eine bevorzugte Wahl f\u00fcr Menschen mit Schalentier- oder Fischallergien.<\/p>\n\t\t\t\t\t\t\t\t\t\t\t\t\t\t\t\t\t\t<\/div>\n\t\t\t\t<\/div>\n\t\t\t\t\t\t\t\n\t\t\t\t<div class=\"wd-accordion-item\">\n\t\t\t\t\t<div class=\"wd-accordion-title wd-role-btn\" data-accordion-index=\"11\" tabindex=\"0\">\n\t\t\t\t\t\t<div class=\"wd-accordion-title-text\">\n\t\t\t\t\t\t\t\t\t\t\t\t\t\t<span>\n\t\t\t\t\t\t\t\tWann werde ich Ergebnisse bemerken?\t\t\t\t\t\t\t<\/span>\n\t\t\t\t\t\t<\/div>\n\t\t\t\t\t\t<span class=\"wd-accordion-opener\"><\/span>\n\t\t\t\t\t<\/div>\n\n\t\t\t\t\t<div class=\"wd-accordion-content wd-entry-content\" data-accordion-index=\"11\">\n\t\t\t\t\t\t\t\t\t\t\t\t\t\n\t\t\t\t\t\t\t<p>Formett\u0101 muss langfristig eingenommen werden, um die volle Wirkung zu erzielen. Klinischen Studien zufolge k\u00f6nnen die positiven Auswirkungen der Einnahme von Kollagenpeptiden bis zu 12 Wochen dauern. Der Zeitpunkt der Ergebnisse h\u00e4ngt von Alter, Lebensstil und Gesundheitszustand ab. Nach der Einnahme von Kollagenpeptiden setzt Ihr K\u00f6rper die Priorit\u00e4ten dort, wo das Kollagen am meisten ben\u00f6tigt wird. Daher kann es sein, dass manche Menschen schon nach viel weniger als 12 Wochen Vorteile bemerken.<\/p>\n\t\t\t\t\t\t\t\t\t\t\t\t\t\t\t\t\t\t<\/div>\n\t\t\t\t<\/div>\n\t\t\t\t\t<\/div>\n\t\t\t\t\t\t<\/div>\n\t\t\t\t<\/div>\n\t\t\t\t<\/div>\n\t\t<div class=\"elementor-element elementor-element-253560d1 e-con-full e-flex e-con e-child\" data-id=\"253560d1\" data-element_type=\"container\" data-e-type=\"container\">\n\t\t\t\t<div class=\"elementor-element elementor-element-1aa06b15 wd-width-100 elementor-widget elementor-widget-wd_title\" data-id=\"1aa06b15\" data-element_type=\"widget\" data-e-type=\"widget\" data-widget_type=\"wd_title.default\">\n\t\t\t\t<div class=\"elementor-widget-container\">\n\t\t\t\t\t\t\t<div class=\"title-wrapper wd-set-mb reset-last-child wd-title-color-default wd-title-style-default wd-title-size-default text-left\">\n\n\t\t\t\n\t\t\t<div class=\"liner-continer\">\n\t\t\t\t<h4 class=\"woodmart-title-container title wd-fontsize-l\">Bestellungen, Versand und R\u00fccksendungen<\/h4> \n\t\t\t\t\t\t\t<\/div>\n\n\t\t\t\t\t<\/div>\n\t\t\t\t\t\t<\/div>\n\t\t\t\t<\/div>\n\t\t\t\t<div class=\"elementor-element elementor-element-1becbe9 elementor-widget elementor-widget-wd_accordion\" data-id=\"1becbe9\" data-element_type=\"widget\" data-e-type=\"widget\" data-widget_type=\"wd_accordion.default\">\n\t\t\t\t<div class=\"elementor-widget-container\">\n\t\t\t\t\t\n\t\t<div class=\"wd-accordion wd-style-default wd-titles-left wd-opener-pos-right wd-opener-style-arrow\" data-state=\"first\">\n\t\t\t\t\t\t\t\n\t\t\t\t<div class=\"wd-accordion-item\">\n\t\t\t\t\t<div class=\"wd-accordion-title wd-role-btn wd-active\" data-accordion-index=\"0\" tabindex=\"0\">\n\t\t\t\t\t\t<div class=\"wd-accordion-title-text\">\n\t\t\t\t\t\t\t\t\t\t\t\t\t\t<span>\n\t\t\t\t\t\t\t\tIst der Versand kostenlos?\t\t\t\t\t\t\t<\/span>\n\t\t\t\t\t\t<\/div>\n\t\t\t\t\t\t<span class=\"wd-accordion-opener\"><\/span>\n\t\t\t\t\t<\/div>\n\n\t\t\t\t\t<div class=\"wd-accordion-content wd-entry-content wd-active\" data-accordion-index=\"0\">\n\t\t\t\t\t\t\t\t\t\t\t\t\t\n\t\t\t\t\t\t\t<p>F\u00fcr Schweizer Kundinnen und Kunden bieten wir kostenlosen Versand f\u00fcr alle Bestellungen.<\/p>\n\t\t\t\t\t\t\t\t\t\t\t\t\t\t\t\t\t\t<\/div>\n\t\t\t\t<\/div>\n\t\t\t\t\t\t\t\n\t\t\t\t<div class=\"wd-accordion-item\">\n\t\t\t\t\t<div class=\"wd-accordion-title wd-role-btn\" data-accordion-index=\"1\" tabindex=\"0\">\n\t\t\t\t\t\t<div class=\"wd-accordion-title-text\">\n\t\t\t\t\t\t\t\t\t\t\t\t\t\t<span>\n\t\t\t\t\t\t\t\tIst ein internationaler Versand m\u00f6glich?\t\t\t\t\t\t\t<\/span>\n\t\t\t\t\t\t<\/div>\n\t\t\t\t\t\t<span class=\"wd-accordion-opener\"><\/span>\n\t\t\t\t\t<\/div>\n\n\t\t\t\t\t<div class=\"wd-accordion-content wd-entry-content\" data-accordion-index=\"1\">\n\t\t\t\t\t\t\t\t\t\t\t\t\t\n\t\t\t\t\t\t\t<p>Von unserem Schweizer Shop aus versenden wir in ausgew\u00e4hlte L\u00e4nder \u00fcber den jeweiligen lokalen Postdienst. Sollte sich Ihre Bestellung verz\u00f6gern, danken wir Ihnen f\u00fcr Ihre Geduld und bitten Sie, sich bei Fragen an info@formetta.com zu wenden. Alle Kunden sind f\u00fcr alle Einfuhrz\u00f6lle, Abgaben und Steuern verantwortlich.<\/p><p>Um eine schnelle Lieferung zu garantieren, werden alle EU- und UK-Bestellungen an den Webshop unseres internationalen Handelspartners Metacells GmbH weitergeleitet.<\/p>\n\t\t\t\t\t\t\t\t\t\t\t\t\t\t\t\t\t\t<\/div>\n\t\t\t\t<\/div>\n\t\t\t\t\t\t\t\n\t\t\t\t<div class=\"wd-accordion-item\">\n\t\t\t\t\t<div class=\"wd-accordion-title wd-role-btn\" data-accordion-index=\"2\" tabindex=\"0\">\n\t\t\t\t\t\t<div class=\"wd-accordion-title-text\">\n\t\t\t\t\t\t\t\t\t\t\t\t\t\t<span>\n\t\t\t\t\t\t\t\tWie sehen Ihre R\u00fcckgabebedingungen aus?\t\t\t\t\t\t\t<\/span>\n\t\t\t\t\t\t<\/div>\n\t\t\t\t\t\t<span class=\"wd-accordion-opener\"><\/span>\n\t\t\t\t\t<\/div>\n\n\t\t\t\t\t<div class=\"wd-accordion-content wd-entry-content\" data-accordion-index=\"2\">\n\t\t\t\t\t\t\t\t\t\t\t\t\t\n\t\t\t\t\t\t\t<p>Wir k\u00f6nnen nur besch\u00e4digte, unge\u00f6ffnete Waren zur\u00fccknehmen. Bitte beachten Sie, dass alle R\u00fcckgabeanfragen innerhalb von 2 Wochen nach Erhalt Ihrer Bestellung an\u00a0<a href=\"mailto:info@formetta.com\">info@formetta.com<\/a>\u00a0gerichtet werden m\u00fcssen. Aufgrund weltweiter Vorschriften k\u00f6nnen wir keine Erstattungen f\u00fcr ge\u00f6ffnete Pakete akzeptieren. Leider k\u00f6nnen wir auch keine R\u00fccksendungen oder R\u00fcckerstattungen mit dem Grund \u2039Meinungs\u00e4nderungen\u203a akzeptieren, nachdem ein Kauf get\u00e4tigt wurde.<\/p>\n\t\t\t\t\t\t\t\t\t\t\t\t\t\t\t\t\t\t<\/div>\n\t\t\t\t<\/div>\n\t\t\t\t\t<\/div>\n\t\t\t\t\t\t<\/div>\n\t\t\t\t<\/div>\n\t\t\t\t<div class=\"elementor-element elementor-element-f843ab5 wd-width-100 elementor-widget elementor-widget-wd_title\" data-id=\"f843ab5\" data-element_type=\"widget\" data-e-type=\"widget\" data-widget_type=\"wd_title.default\">\n\t\t\t\t<div class=\"elementor-widget-container\">\n\t\t\t\t\t\t\t<div class=\"title-wrapper wd-set-mb reset-last-child wd-title-color-default wd-title-style-default wd-title-size-default text-left\">\n\n\t\t\t\n\t\t\t<div class=\"liner-continer\">\n\t\t\t\t<h4 class=\"woodmart-title-container title wd-fontsize-l\">Abonnement<\/h4> \n\t\t\t\t\t\t\t<\/div>\n\n\t\t\t\t\t<\/div>\n\t\t\t\t\t\t<\/div>\n\t\t\t\t<\/div>\n\t\t\t\t<div class=\"elementor-element elementor-element-461a0ab3 elementor-widget elementor-widget-wd_accordion\" data-id=\"461a0ab3\" data-element_type=\"widget\" data-e-type=\"widget\" data-widget_type=\"wd_accordion.default\">\n\t\t\t\t<div class=\"elementor-widget-container\">\n\t\t\t\t\t\n\t\t<div class=\"wd-accordion wd-style-default wd-titles-left wd-opener-pos-right wd-opener-style-arrow\" data-state=\"first\">\n\t\t\t\t\t\t\t\n\t\t\t\t<div class=\"wd-accordion-item\">\n\t\t\t\t\t<div class=\"wd-accordion-title wd-role-btn wd-active\" data-accordion-index=\"0\" tabindex=\"0\">\n\t\t\t\t\t\t<div class=\"wd-accordion-title-text\">\n\t\t\t\t\t\t\t\t\t\t\t\t\t\t<span>\n\t\t\t\t\t\t\t\tWie funktioniert das &quot;Abonnieren und sparen&quot;?\t\t\t\t\t\t\t<\/span>\n\t\t\t\t\t\t<\/div>\n\t\t\t\t\t\t<span class=\"wd-accordion-opener\"><\/span>\n\t\t\t\t\t<\/div>\n\n\t\t\t\t\t<div class=\"wd-accordion-content wd-entry-content wd-active\" data-accordion-index=\"0\">\n\t\t\t\t\t\t\t\t\t\t\t\t\t\n\t\t\t\t\t\t\t<p>Unser Abo-Service bedeutet, dass Ihnen Ihr t\u00e4gliches Essential nie ausgeht. Jeden Monat erhalten Sie einen 30-Tage-Vorrat an Formett\u0101. Zudem erhalten Sie bei dieser Kaufvariante einen Produktrabatt von 10%.<\/p>\n\t\t\t\t\t\t\t\t\t\t\t\t\t\t\t\t\t\t<\/div>\n\t\t\t\t<\/div>\n\t\t\t\t\t\t\t\n\t\t\t\t<div class=\"wd-accordion-item\">\n\t\t\t\t\t<div class=\"wd-accordion-title wd-role-btn\" data-accordion-index=\"1\" tabindex=\"0\">\n\t\t\t\t\t\t<div class=\"wd-accordion-title-text\">\n\t\t\t\t\t\t\t\t\t\t\t\t\t\t<span>\n\t\t\t\t\t\t\t\tKann ich mein Abonnement k\u00fcndigen?\t\t\t\t\t\t\t<\/span>\n\t\t\t\t\t\t<\/div>\n\t\t\t\t\t\t<span class=\"wd-accordion-opener\"><\/span>\n\t\t\t\t\t<\/div>\n\n\t\t\t\t\t<div class=\"wd-accordion-content wd-entry-content\" data-accordion-index=\"1\">\n\t\t\t\t\t\t\t\t\t\t\t\t\t\n\t\t\t\t\t\t\t<p>Ja, das k\u00f6nnen Sie. Sie k\u00f6nnen jederzeit k\u00fcndigen. Loggen Sie sich einfach in Ihr Kundenportal ein und k\u00fcndigen Sie oder wenden Sie sich an info@formetta.com, und wir werden die K\u00fcndigung bearbeiten.<\/p>\n\t\t\t\t\t\t\t\t\t\t\t\t\t\t\t\t\t\t<\/div>\n\t\t\t\t<\/div>\n\t\t\t\t\t\t\t\n\t\t\t\t<div class=\"wd-accordion-item\">\n\t\t\t\t\t<div class=\"wd-accordion-title wd-role-btn\" data-accordion-index=\"2\" tabindex=\"0\">\n\t\t\t\t\t\t<div class=\"wd-accordion-title-text\">\n\t\t\t\t\t\t\t\t\t\t\t\t\t\t<span>\n\t\t\t\t\t\t\t\tKann ich die Geschmacksrichtung meines Abonnements \u00e4ndern?\t\t\t\t\t\t\t<\/span>\n\t\t\t\t\t\t<\/div>\n\t\t\t\t\t\t<span class=\"wd-accordion-opener\"><\/span>\n\t\t\t\t\t<\/div>\n\n\t\t\t\t\t<div class=\"wd-accordion-content wd-entry-content\" data-accordion-index=\"2\">\n\t\t\t\t\t\t\t\t\t\t\t\t\t\n\t\t\t\t\t\t\t<p>Ja, das k\u00f6nnen Sie. Kontaktieren Sie uns einfach unter\u00a0<a href=\"mailto:info@formetta.com\">info@formetta.com<\/a>, und wir werden die \u00c4nderung bearbeiten.<\/p>\n\t\t\t\t\t\t\t\t\t\t\t\t\t\t\t\t\t\t<\/div>\n\t\t\t\t<\/div>\n\t\t\t\t\t\t\t\n\t\t\t\t<div class=\"wd-accordion-item\">\n\t\t\t\t\t<div class=\"wd-accordion-title wd-role-btn\" data-accordion-index=\"3\" tabindex=\"0\">\n\t\t\t\t\t\t<div class=\"wd-accordion-title-text\">\n\t\t\t\t\t\t\t\t\t\t\t\t\t\t<span>\n\t\t\t\t\t\t\t\tKann ich die n\u00e4chste Lieferung pausieren oder \u00fcberspringen?\t\t\t\t\t\t\t<\/span>\n\t\t\t\t\t\t<\/div>\n\t\t\t\t\t\t<span class=\"wd-accordion-opener\"><\/span>\n\t\t\t\t\t<\/div>\n\n\t\t\t\t\t<div class=\"wd-accordion-content wd-entry-content\" data-accordion-index=\"3\">\n\t\t\t\t\t\t\t\t\t\t\t\t\t\n\t\t\t\t\t\t\t<p>Ja, das k\u00f6nnen Sie. Es steht Ihnen jederzeit frei, dies zu tun. Loggen Sie sich einfach in Ihr Kundenportal ein und w\u00e4hlen Sie Ihr Lieferdatum oder wenden Sie sich an\u00a0<a href=\"mailto:info@formetta.com\">info@formetta.com<\/a>, und wir werden Ihre Anfrage bearbeiten.<\/p>\n\t\t\t\t\t\t\t\t\t\t\t\t\t\t\t\t\t\t<\/div>\n\t\t\t\t<\/div>\n\t\t\t\t\t\t\t\n\t\t\t\t<div class=\"wd-accordion-item\">\n\t\t\t\t\t<div class=\"wd-accordion-title wd-role-btn\" data-accordion-index=\"4\" tabindex=\"0\">\n\t\t\t\t\t\t<div class=\"wd-accordion-title-text\">\n\t\t\t\t\t\t\t\t\t\t\t\t\t\t<span>\n\t\t\t\t\t\t\t\tMuss ich mich auf eine Mindestlaufzeit  festlegen?\t\t\t\t\t\t\t<\/span>\n\t\t\t\t\t\t<\/div>\n\t\t\t\t\t\t<span class=\"wd-accordion-opener\"><\/span>\n\t\t\t\t\t<\/div>\n\n\t\t\t\t\t<div class=\"wd-accordion-content wd-entry-content\" data-accordion-index=\"4\">\n\t\t\t\t\t\t\t\t\t\t\t\t\t\n\t\t\t\t\t\t\t<p>Nein, m\u00fcssen Sie nicht. In Ihrem Kundenportal k\u00f6nnen Sie jederzeit die Geschmacksrichtung wechseln, Ihr Abonnement pausieren oder k\u00fcndigen.<\/p>\n\t\t\t\t\t\t\t\t\t\t\t\t\t\t\t\t\t\t<\/div>\n\t\t\t\t<\/div>\n\t\t\t\t\t<\/div>\n\t\t\t\t\t\t<\/div>\n\t\t\t\t<\/div>\n\t\t\t\t<\/div>\n\t\t\t\t<\/div>\n\t\t\t\t<\/div>\n\t\t","protected":false},"excerpt":{"rendered":"<p>Unsere Produkte Was ist Kollagen? Kollagen ist das am h\u00e4ufigsten vorkommende Protein im K\u00f6rper. Es dient als Hauptstrukturprotein in zahlreichen<\/p>\n","protected":false},"author":139,"featured_media":0,"parent":0,"menu_order":0,"comment_status":"closed","ping_status":"closed","template":"","meta":{"_uf_show_specific_survey":0,"_uf_disable_surveys":false,"footnotes":""},"class_list":["post-24052","page","type-page","status-publish","hentry"],"_links":{"self":[{"href":"https:\/\/woocommerce-old.formetta.com\/de_AT\/wp-json\/wp\/v2\/pages\/24052","targetHints":{"allow":["GET"]}}],"collection":[{"href":"https:\/\/woocommerce-old.formetta.com\/de_AT\/wp-json\/wp\/v2\/pages"}],"about":[{"href":"https:\/\/woocommerce-old.formetta.com\/de_AT\/wp-json\/wp\/v2\/types\/page"}],"author":[{"embeddable":true,"href":"https:\/\/woocommerce-old.formetta.com\/de_AT\/wp-json\/wp\/v2\/users\/139"}],"replies":[{"embeddable":true,"href":"https:\/\/woocommerce-old.formetta.com\/de_AT\/wp-json\/wp\/v2\/comments?post=24052"}],"version-history":[{"count":0,"href":"https:\/\/woocommerce-old.formetta.com\/de_AT\/wp-json\/wp\/v2\/pages\/24052\/revisions"}],"wp:attachment":[{"href":"https:\/\/woocommerce-old.formetta.com\/de_AT\/wp-json\/wp\/v2\/media?parent=24052"}],"curies":[{"name":"wp","href":"https:\/\/api.w.org\/{rel}","templated":true}]}}