{"id":42054,"date":"2025-10-27T20:01:42","date_gmt":"2025-10-27T19:01:42","guid":{"rendered":"https:\/\/www.formetta.com\/produkt\/ultimative-beauty-duo-vanilla\/"},"modified":"2025-10-29T17:54:46","modified_gmt":"2025-10-29T16:54:46","slug":"ultimative-beauty-duo-vanilla","status":"publish","type":"product","link":"https:\/\/woocommerce-old.formetta.com\/de-DE\/produkt\/ultimative-beauty-duo-vanilla\/","title":{"rendered":"Ultimative Beauty Duo &#8211; Vanilla"},"content":{"rendered":"<p><b>DIE ULTIMATIVE KOLLAGEN FORMULIERUNG &#8211; VANILLE:<\/b><\/p>\n<ul>\n<li>Vollst\u00e4ndiger BCP\u00ae-Komplex: Bioaktive Peptide des gesamten Spektrums f\u00fcr die Erneuerung des gesamten K\u00f6rpers<\/li>\n<li>MSM: Entz\u00fcndungshemmendes Sch\u00f6nheitsmineral<\/li>\n<li>AstaReal\u00ae Astaxanthin: Hochwirksames Antioxidans, das als \u201einnerer Sonnenschutz\u201c das Kollagen sch\u00fctzt<\/li>\n<li>exGRAPE\u00ae SEED: Starkes Antioxidans, das den Abbau von Kollagen hemmt<\/li>\n<li>Liposomales Vitamin C: Wesentlicher Co-Faktor f\u00fcr die Kollagensynthese<\/li>\n<li>CoQ10 Vital\u00ae: Reduziert die negativen Zeichen der Hautalterung<\/li>\n<li>Mineral- &amp; Elektrolytmischung: Optimale Hydratation und Unterst\u00fctzung des Kollagens<\/li>\n<li>Biotin: Wirkt synergistisch mit Kollagen zur Erhaltung gesunder Haare, N\u00e4gel und Haut<\/li>\n<\/ul>\n<p><b>DIE BEAUTY KOLLAGEN FORMULIERUNG &#8211; VANILLE:<\/b><\/p>\n<ul>\n<li>BCP-1\u00ae Verbesserte Zufuhr: Stimulation von Kollagen in doppelter Dosis durch strategische Schichtung<\/li>\n<li>Cynatine\u00ae L\u00f6sliches Keratin: Patentiertes bioverf\u00fcgbares Keratin f\u00fcr die St\u00e4rkung von Haaren und N\u00e4geln<\/li>\n<li>SkinAx\u2122 Antioxidantien-System: Erweiterte Leuchtkraft und Verbesserung des Hauttons<\/li>\n<li>Passendes Vanille-Aroma: Perfekt abgestimmtes Geschmackserlebnis<\/li>\n<\/ul>\n<p><b>KLINISCH NACHGEWIESENE KOMBINIERTE VORTEILE:<\/b><\/p>\n<ul>\n<li>\u00dcberlegene Kollagensynthese durch duale BCP-1\u00ae-Wege<\/li>\n<li>Sichtbare Verbesserungen der Festigkeit, Elastizit\u00e4t und Leuchtkraft der Haut<\/li>\n<li>Dramatische Verbesserung der Haarst\u00e4rke und der Widerstandsf\u00e4higkeit der N\u00e4gel<\/li>\n<li>Vollst\u00e4ndige strukturelle Unterst\u00fctzung f\u00fcr Gelenke, Knochen und Bindegewebe<\/li>\n<li>Verw\u00f6hnendes Vanille-Erlebnis, das die t\u00e4gliche Wellness zu einem Vergn\u00fcgen macht<\/li>\n<\/ul>\n<p><b>ANWENDUNG<\/b><\/p>\n<p>Erh\u00f6hen Sie Ihr Sch\u00f6nheitsritual mit luxuri\u00f6sem Vanillegeschmack. Tragen Sie beide Formeln t\u00e4glich auf &#8211; die Ultimative Kollagen Formulierung als Grundlage, Beauty Kollagen als gezielte Erg\u00e4nzung. Mischen Sie es in Wasser oder Ihr Lieblingskaltgetr\u00e4nk f\u00fcr ein k\u00f6stliches, transformatives t\u00e4gliches Erlebnis.<\/p>\n","protected":false},"excerpt":{"rendered":"<p><b>Die Beauty Kollagen Formulierung kombiniert mit der Ultimativen Kollagen Formulierung. Duo-Produktpaket im Wert von CHF 228 inkl. gratis Mischbecher.<\/b><\/p>\n<p><span style=\"font-weight: 400;\">Dieses verw\u00f6hnende Duo kombiniert unser mit Vanille angereicherte Ultimative Kollagen Formulierung\u00a0 mit der Beauty Kollagen Formulierung in Vanille f\u00fcr ein k\u00f6stliches t\u00e4gliches Ritual, das eine umfassende Transformation von Haut, Haaren und N\u00e4geln bewirkt. Die perfekte Kombination aus grundlegender Kollagen-Wissenschaft und gezielter Sch\u00f6nheitsverbesserung in einem sanften, nat\u00fcrlich ges\u00fc\u00dften Vanille-Erlebnis.<\/span><\/p>\n<p><span style=\"font-weight: 400;\">Dieses mit Vanille versetzte Duo kombiniert grundlegende Wellness mit gezielter Sch\u00f6nheitspflege und schafft ein luxuri\u00f6ses t\u00e4gliches Erlebnis, w\u00e4hrend es durch fachm\u00e4nnisch geschichtete bioaktive Systeme Ergebnisse von klinischer Qualit\u00e4t liefert.<\/span><\/p>\n","protected":false},"featured_media":42324,"comment_status":"open","ping_status":"closed","template":"","meta":{"_uf_show_specific_survey":0,"_uf_disable_surveys":false},"product_brand":[],"product_cat":[245],"product_tag":[661,749,689,662],"class_list":{"0":"post-42054","1":"product","2":"type-product","3":"status-publish","4":"has-post-thumbnail","6":"product_cat-boxen-de-de","7":"product_tag-beauty-de-de","8":"product_tag-duo-de-de","9":"product_tag-new-de-de","10":"product_tag-vanilla-de-de","12":"first","13":"instock","14":"taxable","15":"shipping-taxable","16":"purchasable","17":"product-type-simple"},"_links":{"self":[{"href":"https:\/\/woocommerce-old.formetta.com\/de-DE\/wp-json\/wp\/v2\/product\/42054","targetHints":{"allow":["GET"]}}],"collection":[{"href":"https:\/\/woocommerce-old.formetta.com\/de-DE\/wp-json\/wp\/v2\/product"}],"about":[{"href":"https:\/\/woocommerce-old.formetta.com\/de-DE\/wp-json\/wp\/v2\/types\/product"}],"replies":[{"embeddable":true,"href":"https:\/\/woocommerce-old.formetta.com\/de-DE\/wp-json\/wp\/v2\/comments?post=42054"}],"version-history":[{"count":2,"href":"https:\/\/woocommerce-old.formetta.com\/de-DE\/wp-json\/wp\/v2\/product\/42054\/revisions"}],"predecessor-version":[{"id":42131,"href":"https:\/\/woocommerce-old.formetta.com\/de-DE\/wp-json\/wp\/v2\/product\/42054\/revisions\/42131"}],"wp:featuredmedia":[{"embeddable":true,"href":"https:\/\/woocommerce-old.formetta.com\/de-DE\/wp-json\/wp\/v2\/media\/42324"}],"wp:attachment":[{"href":"https:\/\/woocommerce-old.formetta.com\/de-DE\/wp-json\/wp\/v2\/media?parent=42054"}],"wp:term":[{"taxonomy":"product_brand","embeddable":true,"href":"https:\/\/woocommerce-old.formetta.com\/de-DE\/wp-json\/wp\/v2\/product_brand?post=42054"},{"taxonomy":"product_cat","embeddable":true,"href":"https:\/\/woocommerce-old.formetta.com\/de-DE\/wp-json\/wp\/v2\/product_cat?post=42054"},{"taxonomy":"product_tag","embeddable":true,"href":"https:\/\/woocommerce-old.formetta.com\/de-DE\/wp-json\/wp\/v2\/product_tag?post=42054"}],"curies":[{"name":"wp","href":"https:\/\/api.w.org\/{rel}","templated":true}]}}