{"id":42034,"date":"2025-10-27T19:42:57","date_gmt":"2025-10-27T18:42:57","guid":{"rendered":"https:\/\/www.formetta.com\/produkt\/ultimative-anti-ageing-vanilla\/"},"modified":"2025-10-28T14:11:04","modified_gmt":"2025-10-28T13:11:04","slug":"ultimative-anti-ageing-vanilla","status":"publish","type":"product","link":"https:\/\/woocommerce-old.formetta.com\/de-DE\/produkt\/ultimative-anti-ageing-vanilla\/","title":{"rendered":"Das Ultimative Anti-Ageing Duo &#8211; Vanilla"},"content":{"rendered":"<p><b>DIE ULTIMATIVE KOLLAGEN FORMULIERUNG &#8211; VANILLE:<\/b><\/p>\n<ul>\n<li style=\"font-weight: 400;\" aria-level=\"1\"><span style=\"font-weight: 400;\">Vollst\u00e4ndiger BCP\u00ae-Dreifach-Komplex: Alle bioaktiven Peptide f\u00fcr eine umfassende Erneuerung<\/span><\/li>\n<li style=\"font-weight: 400;\" aria-level=\"1\"><span style=\"font-weight: 400;\">Verbesserte Wellness-Unterst\u00fctzung: MSM, CoQ10, Antioxidantien und Elektrolytgleichgewicht<\/span><\/li>\n<li style=\"font-weight: 400;\" aria-level=\"1\"><span style=\"font-weight: 400;\">Mineralien- &amp; Elektrolytmischung: Optimale Hydratation und Unterst\u00fctzung der Kollagensynthese<\/span><\/li>\n<li style=\"font-weight: 400;\" aria-level=\"1\"><span style=\"font-weight: 400;\">Nat\u00fcrliche Vanille mit Stevia: Unbeschwerter Genuss in jeder Portion<\/span><\/li>\n<\/ul>\n<p><b>DIE ULTIMATIVE ANTI-AGING-FORMULIERUNG:<\/b><\/p>\n<ul>\n<li style=\"font-weight: 400;\" aria-level=\"1\"><span style=\"font-weight: 400;\">11 klinisch gepr\u00fcfte Wirkstoffe: Vollst\u00e4ndige Zellerneuerung und Unterst\u00fctzung der Langlebigkeit<\/span><\/li>\n<li style=\"font-weight: 400;\" aria-level=\"1\"><span style=\"font-weight: 400;\">Innovation auf Pflanzenbasis: Veganer Weg zu umfassendem Anti-Aging<\/span><\/li>\n<li style=\"font-weight: 400;\" aria-level=\"1\"><span style=\"font-weight: 400;\">Synergistische Verst\u00e4rkung: Verst\u00e4rkung der Vorteile von Superior durch zellul\u00e4re Optimierung<\/span><\/li>\n<\/ul>\n<p><b>KLINISCH NACHGEWIESENE KOMBINIERTE VORTEILE:<\/b><\/p>\n<ul>\n<li style=\"font-weight: 400;\" aria-level=\"1\"><span style=\"font-weight: 400;\">Vollst\u00e4ndige strukturelle Erneuerung durch dreifachen BCP-Komplex<\/span><\/li>\n<li style=\"font-weight: 400;\" aria-level=\"1\"><span style=\"font-weight: 400;\">Fortgeschrittener Zellschutz und Energieverbesserung<\/span><\/li>\n<li style=\"font-weight: 400;\" aria-level=\"1\"><span style=\"font-weight: 400;\">\u00dcberlegene Hydratation durch Elektrolyte und Phytoceramide<\/span><\/li>\n<li style=\"font-weight: 400;\" aria-level=\"1\"><span style=\"font-weight: 400;\">Verbesserter entz\u00fcndungshemmender und antioxidativer Schutz<\/span><\/li>\n<li style=\"font-weight: 400;\" aria-level=\"1\"><span style=\"font-weight: 400;\">Optimierung von Gelenken, Knochen und Bindegewebe<\/span><\/li>\n<li style=\"font-weight: 400;\" aria-level=\"1\"><span style=\"font-weight: 400;\">Luxuri\u00f6ses Vanilleerlebnis f\u00fcr ein besseres t\u00e4gliches Wohlbefinden<\/span><\/li>\n<\/ul>\n<p><b>WIE ANZUWENDEN<\/b><\/p>\n<p><span style=\"font-weight: 400;\">G\u00f6nnen Sie sich umfassende Langlebigkeit mit luxuri\u00f6sem Vanillegeschmack. Nehmen Sie t\u00e4glich die Ultimative Kollagen Formulierung zur strukturellen Unterst\u00fctzung und zus\u00e4tzlich 3 Ultimate Anti-Ageing Kapseln mit Nahrung zur Zellerneuerung. Diese Premium-Kombination bietet eine vollst\u00e4ndige Anti-Aging-Transformation in einem k\u00f6stlich befriedigenden t\u00e4glichen Ritual.<\/span><\/p>\n","protected":false},"excerpt":{"rendered":"<p><b>Die ultimative Anti-Ageing Formulierung kombiniert mit der ultimativen Kollagen Formulierung. Produkt-Duo im Wert von CHF 238 inkl. gratis Mischbecher.<\/b><\/p>\n<p><span style=\"font-weight: 400;\">Diese verw\u00f6hnende Duo kombiniert unsere Ultimative Kollagen Formulierung Vanilla mit der bahnbrechenden Ultimate Anti-Ageing Formulierung f\u00fcr eine vollst\u00e4ndige Transformation. Angereichert mit Elektrolyten, Antioxidantien und nat\u00fcrlich ges\u00fcsster Vanille bietet dieses Paket umfassende Anti-Aging-Unterst\u00fctzung in einem k\u00f6stlich befriedigenden t\u00e4glichen Erlebnis.<\/span><\/p>\n<p><span style=\"font-weight: 400;\">Durch die Kombination unserer fortschrittlichsten Kollagenformel mit einer revolution\u00e4ren Technologie zur Zellerneuerung bietet dieses mit Vanille angereicherte Paket eine umfassende Unterst\u00fctzung der Langlebigkeit mit zus\u00e4tzlicher Hydratation, antioxidativem Schutz und luxuri\u00f6sem Geschmack.<\/span><\/p>\n","protected":false},"featured_media":41728,"comment_status":"open","ping_status":"closed","template":"","meta":{"_uf_show_specific_survey":0,"_uf_disable_surveys":false},"product_brand":[],"product_cat":[245],"product_tag":[748,749,750,689,752,662],"class_list":{"0":"post-42034","1":"product","2":"type-product","3":"status-publish","4":"has-post-thumbnail","6":"product_cat-boxen-de-de","7":"product_tag-anti-ageing-de-de","8":"product_tag-duo-de-de","9":"product_tag-health-de-de","10":"product_tag-new-de-de","11":"product_tag-the-platinum-performer-de-de","12":"product_tag-vanilla-de-de","14":"first","15":"instock","16":"taxable","17":"shipping-taxable","18":"purchasable","19":"product-type-simple"},"_links":{"self":[{"href":"https:\/\/woocommerce-old.formetta.com\/de-DE\/wp-json\/wp\/v2\/product\/42034","targetHints":{"allow":["GET"]}}],"collection":[{"href":"https:\/\/woocommerce-old.formetta.com\/de-DE\/wp-json\/wp\/v2\/product"}],"about":[{"href":"https:\/\/woocommerce-old.formetta.com\/de-DE\/wp-json\/wp\/v2\/types\/product"}],"replies":[{"embeddable":true,"href":"https:\/\/woocommerce-old.formetta.com\/de-DE\/wp-json\/wp\/v2\/comments?post=42034"}],"version-history":[{"count":2,"href":"https:\/\/woocommerce-old.formetta.com\/de-DE\/wp-json\/wp\/v2\/product\/42034\/revisions"}],"predecessor-version":[{"id":42147,"href":"https:\/\/woocommerce-old.formetta.com\/de-DE\/wp-json\/wp\/v2\/product\/42034\/revisions\/42147"}],"wp:featuredmedia":[{"embeddable":true,"href":"https:\/\/woocommerce-old.formetta.com\/de-DE\/wp-json\/wp\/v2\/media\/41728"}],"wp:attachment":[{"href":"https:\/\/woocommerce-old.formetta.com\/de-DE\/wp-json\/wp\/v2\/media?parent=42034"}],"wp:term":[{"taxonomy":"product_brand","embeddable":true,"href":"https:\/\/woocommerce-old.formetta.com\/de-DE\/wp-json\/wp\/v2\/product_brand?post=42034"},{"taxonomy":"product_cat","embeddable":true,"href":"https:\/\/woocommerce-old.formetta.com\/de-DE\/wp-json\/wp\/v2\/product_cat?post=42034"},{"taxonomy":"product_tag","embeddable":true,"href":"https:\/\/woocommerce-old.formetta.com\/de-DE\/wp-json\/wp\/v2\/product_tag?post=42034"}],"curies":[{"name":"wp","href":"https:\/\/api.w.org\/{rel}","templated":true}]}}