{"id":41723,"date":"2025-10-17T10:53:41","date_gmt":"2025-10-17T08:53:41","guid":{"rendered":"https:\/\/www.formetta.com\/produkt\/ultimative-anti-ageing-duo-citrus\/"},"modified":"2025-10-29T18:00:31","modified_gmt":"2025-10-29T17:00:31","slug":"ultimative-anti-ageing-duo-citrus","status":"publish","type":"product","link":"https:\/\/woocommerce-old.formetta.com\/de-DE\/produkt\/ultimative-anti-ageing-duo-citrus\/","title":{"rendered":"Das Ultimative Anti-Ageing Duo &#8211; Zitrusfr\u00fcchte"},"content":{"rendered":"<p><strong>DIE ULTIMATIVE KOLLAGEN FORMULIERUNG &#8211; ZITRUSFR\u00dcCHTE:<\/strong><\/p>\n<ul>\n<li>Vollst\u00e4ndiger BCP\u00ae-Komplex: Alle drei bioaktiven Peptide f\u00fcr die Gesamterneuerung des K\u00f6rpers<\/li>\n<li>Verbesserter Antioxidantienschutz: MSM, CoQ10 und antientz\u00fcndliche Unterst\u00fctzung<\/li>\n<li>Elektrolyt-Mischung: Optimale Hydratation und Mineralstoffgleichgewicht<\/li>\n<li>Erfrischender Zitrusgeschmack: Belebendes t\u00e4gliches Wellness-Erlebnis<\/li>\n<\/ul>\n<p><strong>DIE ULTIMATIVE ANTI-AGING FORMULIERUNG<\/strong><\/p>\n<ul>\n<li>11 fortschrittliche pflanzliche Wirkstoffe: Umfassende Zellerneuerung und Schutz<\/li>\n<li>Vegane Unterst\u00fctzung der Langlebigkeit: Zielt auf alle 12 biologischen Wege der Alterung<\/li>\n<li>Entz\u00fcndungshemmende Kraft: Erg\u00e4nzt das MSM von Superior mit zus\u00e4tzlichen pflanzlichen Wirkstoffen<\/li>\n<\/ul>\n<p><strong>KLINISCH NACHGEWIESENE SYNERGETISCHE VORTEILE:<\/strong><\/p>\n<ul>\n<li>Vollst\u00e4ndige strukturelle und zellul\u00e4re Erneuerung<\/li>\n<li>Verbesserte Hydratation durch Elektrolyte und Ceramide<\/li>\n<li>\u00dcberlegener antioxidativer Schutz auf verschiedenen Wegen<\/li>\n<li>Erweiterte entz\u00fcndungshemmende Unterst\u00fctzung f\u00fcr Gelenke und Haut<\/li>\n<li>Energieoptimierung und Verbesserung der Regeneration<\/li>\n<li>Erfrischendes Zitruserlebnis macht Wellness zum Vergn\u00fcgen<\/li>\n<\/ul>\n<p><strong>ANWENDUNG<\/strong><\/p>\n<p>Bringen Sie Energie in Ihre Langlebigkeitsroutine mit dem erfrischenden Geschmack von Zitrusfr\u00fcchten. Nehmen Sie t\u00e4glich die Ultimative Kollagen Formulierung zur umfassenden strukturellen Unterst\u00fctzung und zus\u00e4tzlich 3 Ultimate Anti-Ageing-Kapseln mit Nahrung zur zellul\u00e4ren Optimierung ein. Diese leistungsstarke Kombination bietet umfassende Anti-Ageing-Vorteile mit einem lebendigen, energetisierenden t\u00e4glichen Ritual.<\/p>\n","protected":false},"excerpt":{"rendered":"<p><strong>Die ultimative Anti-Ageing Formulierung kombiniert mit der ultimativen Kollagen Formulierung. Produkt-Duo im Wert von CHF 238.<\/strong><\/p>\n<p>Diese lebendige Kombination verbindet unsere Ultimative Kollagen Formulierung mit der revolution\u00e4ren Ultimate Anti-Ageing Formulierung f\u00fcr eine umfassende Transformation. Angereichert , mit Elektrolyten und Antioxidantien, bietet dieses mit Zitrusfr\u00fcchten angereicherte Paket umfassende Anti-Ageing-Unterst\u00fctzung mit einem erfrischenden, energiegeladenen t\u00e4glichen Erlebnis.<\/p>\n<p>Dieses mit Zitrusfr\u00fcchten angereicherte Paket kombiniert unsere umfassendste Kollagenformel mit einer bahnbrechenden Technologie zur Zellerneuerung und bietet eine umfassende Unterst\u00fctzung der Langlebigkeit mit zus\u00e4tzlichem Elektrolytgleichgewicht und antioxidativem Schutz.<\/p>\n","protected":false},"featured_media":42348,"comment_status":"open","ping_status":"closed","template":"","meta":{"_uf_show_specific_survey":0,"_uf_disable_surveys":false},"product_brand":[],"product_cat":[245],"product_tag":[748,794,750,689,752],"class_list":{"0":"post-41723","1":"product","2":"type-product","3":"status-publish","4":"has-post-thumbnail","6":"product_cat-boxen-de-de","7":"product_tag-anti-ageing-de-de","8":"product_tag-citrus-de-de","9":"product_tag-health-de-de","10":"product_tag-new-de-de","11":"product_tag-the-platinum-performer-de-de","13":"first","14":"instock","15":"taxable","16":"shipping-taxable","17":"purchasable","18":"product-type-simple"},"_links":{"self":[{"href":"https:\/\/woocommerce-old.formetta.com\/de-DE\/wp-json\/wp\/v2\/product\/41723","targetHints":{"allow":["GET"]}}],"collection":[{"href":"https:\/\/woocommerce-old.formetta.com\/de-DE\/wp-json\/wp\/v2\/product"}],"about":[{"href":"https:\/\/woocommerce-old.formetta.com\/de-DE\/wp-json\/wp\/v2\/types\/product"}],"replies":[{"embeddable":true,"href":"https:\/\/woocommerce-old.formetta.com\/de-DE\/wp-json\/wp\/v2\/comments?post=41723"}],"version-history":[{"count":4,"href":"https:\/\/woocommerce-old.formetta.com\/de-DE\/wp-json\/wp\/v2\/product\/41723\/revisions"}],"predecessor-version":[{"id":42107,"href":"https:\/\/woocommerce-old.formetta.com\/de-DE\/wp-json\/wp\/v2\/product\/41723\/revisions\/42107"}],"wp:featuredmedia":[{"embeddable":true,"href":"https:\/\/woocommerce-old.formetta.com\/de-DE\/wp-json\/wp\/v2\/media\/42348"}],"wp:attachment":[{"href":"https:\/\/woocommerce-old.formetta.com\/de-DE\/wp-json\/wp\/v2\/media?parent=41723"}],"wp:term":[{"taxonomy":"product_brand","embeddable":true,"href":"https:\/\/woocommerce-old.formetta.com\/de-DE\/wp-json\/wp\/v2\/product_brand?post=41723"},{"taxonomy":"product_cat","embeddable":true,"href":"https:\/\/woocommerce-old.formetta.com\/de-DE\/wp-json\/wp\/v2\/product_cat?post=41723"},{"taxonomy":"product_tag","embeddable":true,"href":"https:\/\/woocommerce-old.formetta.com\/de-DE\/wp-json\/wp\/v2\/product_tag?post=41723"}],"curies":[{"name":"wp","href":"https:\/\/api.w.org\/{rel}","templated":true}]}}