{"id":41275,"date":"2025-10-17T08:54:09","date_gmt":"2025-10-17T06:54:09","guid":{"rendered":"https:\/\/www.formetta.com\/produkt\/the-beauty-collagen-formulation-natural\/"},"modified":"2025-10-23T18:54:48","modified_gmt":"2025-10-23T16:54:48","slug":"the-beauty-collagen-formulation-natural","status":"publish","type":"product","link":"https:\/\/woocommerce-old.formetta.com\/de-DE\/produkt\/the-beauty-collagen-formulation-natural\/","title":{"rendered":"Die Beauty Kollagen Formulierung &#8211; Natural"},"content":{"rendered":"\t\t<div data-elementor-type=\"product-post\" data-elementor-id=\"41275\" class=\"elementor elementor-41275 elementor-40509\" data-elementor-post-type=\"product\">\n\t\t\t\t<div class=\"wd-negative-gap elementor-element elementor-element-4b3ded4a e-flex e-con-boxed e-con e-parent\" data-id=\"4b3ded4a\" data-element_type=\"container\" data-e-type=\"container\">\n\t\t\t\t\t<div class=\"e-con-inner\">\n\t\t\t\t<div class=\"elementor-element elementor-element-77c62149 color-scheme-inherit text-left elementor-widget elementor-widget-text-editor\" data-id=\"77c62149\" data-element_type=\"widget\" data-e-type=\"widget\" data-widget_type=\"text-editor.default\">\n\t\t\t\t<div class=\"elementor-widget-container\">\n\t\t\t\t\t\t\t\t\t<p><b>Wichtige Inhaltsstoffe und funktionale Vorteile:<\/b><\/p><ul><li>BCP<sup>\u00ae<\/sup> Kollagen-Peptide: Stimuliert die Kollagenproduktion f\u00fcr eine straffere, elastischere Haut<\/li><li>Cynantine<sup>\u00ae <\/sup>Solubilisiertes Keratin: Unterst\u00fctzt die Festigkeit von Haut und Haaren, den Glanz und die Widerstandsf\u00e4higkeit der N\u00e4gel<\/li><li>KinAx<sup>\u00ae <\/sup>Antioxidant Complex: Verbessert die Leuchtkraft, gleicht den Hautton aus und reduziert dunkle Augenringe<\/li><\/ul><p><b>Klinisch erwiesene Vorteile*<\/b><\/p><p>+15% Hautelastizit\u00e4t<br \/>-32% Faltentiefe<br \/>+31% Wachstum der Haarfollikel<br \/>-88% Nagelbruch<br \/>-11% Cellulite<br \/>+26% Hautleuchtkraft<br \/>-19% Augenringe<br \/>+30% Feuchtigkeitszufuhr<br \/>+122% Geschmeidigkeit der Haut<\/p><p>Sichtbare Ergebnisse in nur 8-12 Wochen<br \/><br \/><\/p><p><b>Wie Sie es in Ihrer Routine verwenden:<\/b><\/p><p>Ein Beutel t\u00e4glich, nat\u00fcrlich oder Vanille. Mischen Sie es mit Wasser oder Ihrem Lieblingsgetr\u00e4nk. Entwickelt, um die Ergebnisse zu verst\u00e4rken: Kombinieren Sie es mit The Superior oder The Essential, verwenden Sie es zusammen mit The Ultimate Anti-Ageing oder verwenden Sie es allein, wenn Sie tiefgreifende, sichtbare Ergebnisse w\u00fcnschen.<\/p><p><b>Schweizer Herstellung. Klinisch validiert. Reine, kompromisslose Qualit\u00e4t.<\/b><\/p><p><em>*Referenzen<br \/><\/em>Proksch E, et al. Skin Pharmacol Physiol 2014;27(1):47-55.<br \/>Proksch E, et al. Skin Pharmacol Physiol 2014;27(3):113-119.<br \/>Beer C, et al. ScientificWorldJournal 2014;2014:641723.<br \/>Oesser, et al. Nutrafoods, 2020; 1:134-138.<br \/>Schunck et al. J Med Food; 2015; 18:1340-1348.<br \/>Dumoulin M, et al. Clin Cosmet Investig Dermatol 2016;9:315-324.<\/p>\t\t\t\t\t\t\t\t<\/div>\n\t\t\t\t<\/div>\n\t\t\t\t\t<\/div>\n\t\t\t\t<\/div>\n\t\t\t\t<\/div>\n\t\t","protected":false},"excerpt":{"rendered":"<p><b>Klinisch bew\u00e4hrt. Sichtbare Ergebnisse. Sch\u00f6nheit der n\u00e4chsten Generation beginnt von innen<\/b><\/p>\n<p>Eine bahnbrechende, auf die Sch\u00f6nheit ausgerichtete Formel f\u00fcr alle, die mehr erwarten: Hochentwickeltes Kollagen, bioaktives Keratin und klinisch gepr\u00fcfte Antioxidantien f\u00fcr eine intensive, gezielte Verbesserung der Vitalit\u00e4t von Haut, Haar und N\u00e4geln.<\/p>\n","protected":false},"featured_media":41135,"comment_status":"open","ping_status":"closed","template":"","meta":{"_uf_show_specific_survey":0,"_uf_disable_surveys":false},"product_brand":[],"product_cat":[245],"product_tag":[661,756,689,690,691,692,693],"class_list":{"0":"post-41275","1":"product","2":"type-product","3":"status-publish","4":"has-post-thumbnail","6":"product_cat-boxen-de-de","7":"product_tag-beauty-de-de","8":"product_tag-natural-de-de","9":"product_tag-new-de-de","10":"product_tag-single-de-de","11":"product_tag-the-glow-maximizer-de-de","12":"product_tag-the-glow-seeker-de-de","13":"product_tag-the-ultimate-rejuvenator-de-de","15":"first","16":"instock","17":"taxable","18":"shipping-taxable","19":"purchasable","20":"product-type-simple"},"_links":{"self":[{"href":"https:\/\/woocommerce-old.formetta.com\/de-DE\/wp-json\/wp\/v2\/product\/41275","targetHints":{"allow":["GET"]}}],"collection":[{"href":"https:\/\/woocommerce-old.formetta.com\/de-DE\/wp-json\/wp\/v2\/product"}],"about":[{"href":"https:\/\/woocommerce-old.formetta.com\/de-DE\/wp-json\/wp\/v2\/types\/product"}],"replies":[{"embeddable":true,"href":"https:\/\/woocommerce-old.formetta.com\/de-DE\/wp-json\/wp\/v2\/comments?post=41275"}],"version-history":[{"count":1,"href":"https:\/\/woocommerce-old.formetta.com\/de-DE\/wp-json\/wp\/v2\/product\/41275\/revisions"}],"predecessor-version":[{"id":41277,"href":"https:\/\/woocommerce-old.formetta.com\/de-DE\/wp-json\/wp\/v2\/product\/41275\/revisions\/41277"}],"wp:featuredmedia":[{"embeddable":true,"href":"https:\/\/woocommerce-old.formetta.com\/de-DE\/wp-json\/wp\/v2\/media\/41135"}],"wp:attachment":[{"href":"https:\/\/woocommerce-old.formetta.com\/de-DE\/wp-json\/wp\/v2\/media?parent=41275"}],"wp:term":[{"taxonomy":"product_brand","embeddable":true,"href":"https:\/\/woocommerce-old.formetta.com\/de-DE\/wp-json\/wp\/v2\/product_brand?post=41275"},{"taxonomy":"product_cat","embeddable":true,"href":"https:\/\/woocommerce-old.formetta.com\/de-DE\/wp-json\/wp\/v2\/product_cat?post=41275"},{"taxonomy":"product_tag","embeddable":true,"href":"https:\/\/woocommerce-old.formetta.com\/de-DE\/wp-json\/wp\/v2\/product_tag?post=41275"}],"curies":[{"name":"wp","href":"https:\/\/api.w.org\/{rel}","templated":true}]}}