{"id":23800,"date":"2024-06-04T20:50:22","date_gmt":"2024-06-04T18:50:22","guid":{"rendered":"https:\/\/www.formetta.com\/produkt\/collagen-mixer\/"},"modified":"2025-08-29T09:17:10","modified_gmt":"2025-08-29T07:17:10","slug":"collagen-mixer","status":"publish","type":"product","link":"https:\/\/woocommerce-old.formetta.com\/de-DE\/produkt\/collagen-mixer\/","title":{"rendered":"Collagen Mixer"},"content":{"rendered":"<h4 class=\"wp-block-heading\">Eigenschaften &amp; Anwendung<\/h4>\n<ul>\n<li>Mixen Sie Formett\u0101 in Sekundenschnelle per Knopfdruck. Der batteriebetriebene Quirl kann auch zum Aufsch\u00e4umen von Milch sowie zum Mischen von So\u00dfen oder Dressings verwendet werden.<\/li>\n<li>Rostfreier Stahl<\/li>\n<li>Reinigung nur von Hand<\/li>\n<li>Ben\u00f6tigt 2 AAA-Batterien (nicht enthalten)<\/li>\n<\/ul>\n","protected":false},"excerpt":{"rendered":"<p>Der perfekte Begleiter f\u00fcr Ihr t\u00e4gliches Formett\u0101-Ritual. M\u00fcheloses Aufl\u00f6sen Ihrer t\u00e4glichen Dosis mit unserem batteriebetriebenen Mixer. Die schnellste Art, Formetta zu mixen.<\/p>\n","protected":false},"featured_media":23801,"comment_status":"open","ping_status":"closed","template":"","meta":{"_uf_show_specific_survey":0,"_uf_disable_surveys":false},"product_brand":[],"product_cat":[252],"product_tag":[],"class_list":{"0":"post-23800","1":"product","2":"type-product","3":"status-publish","4":"has-post-thumbnail","6":"product_cat-accessories-de-de","8":"first","9":"outofstock","10":"taxable","11":"shipping-taxable","12":"purchasable","13":"product-type-simple"},"_links":{"self":[{"href":"https:\/\/woocommerce-old.formetta.com\/de-DE\/wp-json\/wp\/v2\/product\/23800","targetHints":{"allow":["GET"]}}],"collection":[{"href":"https:\/\/woocommerce-old.formetta.com\/de-DE\/wp-json\/wp\/v2\/product"}],"about":[{"href":"https:\/\/woocommerce-old.formetta.com\/de-DE\/wp-json\/wp\/v2\/types\/product"}],"replies":[{"embeddable":true,"href":"https:\/\/woocommerce-old.formetta.com\/de-DE\/wp-json\/wp\/v2\/comments?post=23800"}],"version-history":[{"count":1,"href":"https:\/\/woocommerce-old.formetta.com\/de-DE\/wp-json\/wp\/v2\/product\/23800\/revisions"}],"predecessor-version":[{"id":32568,"href":"https:\/\/woocommerce-old.formetta.com\/de-DE\/wp-json\/wp\/v2\/product\/23800\/revisions\/32568"}],"wp:featuredmedia":[{"embeddable":true,"href":"https:\/\/woocommerce-old.formetta.com\/de-DE\/wp-json\/wp\/v2\/media\/23801"}],"wp:attachment":[{"href":"https:\/\/woocommerce-old.formetta.com\/de-DE\/wp-json\/wp\/v2\/media?parent=23800"}],"wp:term":[{"taxonomy":"product_brand","embeddable":true,"href":"https:\/\/woocommerce-old.formetta.com\/de-DE\/wp-json\/wp\/v2\/product_brand?post=23800"},{"taxonomy":"product_cat","embeddable":true,"href":"https:\/\/woocommerce-old.formetta.com\/de-DE\/wp-json\/wp\/v2\/product_cat?post=23800"},{"taxonomy":"product_tag","embeddable":true,"href":"https:\/\/woocommerce-old.formetta.com\/de-DE\/wp-json\/wp\/v2\/product_tag?post=23800"}],"curies":[{"name":"wp","href":"https:\/\/api.w.org\/{rel}","templated":true}]}}