{"id":23712,"date":"2024-08-21T20:40:41","date_gmt":"2024-08-21T18:40:41","guid":{"rendered":"https:\/\/www.formetta.com\/produkt\/die-ultimative-kollagen-formulierung-vanille-starter-set\/"},"modified":"2025-11-20T13:44:37","modified_gmt":"2025-11-20T12:44:37","slug":"die-ultimative-kollagen-formulierung-vanille-starter-set","status":"publish","type":"product","link":"https:\/\/woocommerce-old.formetta.com\/de-DE\/produkt\/die-ultimative-kollagen-formulierung-vanille-starter-set\/","title":{"rendered":"Das Superior Starter Set \u2013 Vanille (Box)"},"content":{"rendered":"\t\t<div data-elementor-type=\"product-post\" data-elementor-id=\"23712\" class=\"elementor elementor-23712 elementor-21090\" data-elementor-post-type=\"product\">\n\t\t\t\t<div class=\"wd-negative-gap elementor-element elementor-element-f27029b e-flex e-con-boxed e-con e-parent\" data-id=\"f27029b\" data-element_type=\"container\" data-e-type=\"container\">\n\t\t\t\t\t<div class=\"e-con-inner\">\n\t\t<div class=\"wd-negative-gap elementor-element elementor-element-e6121e6 e-flex e-con-boxed e-con e-child\" data-id=\"e6121e6\" data-element_type=\"container\" data-e-type=\"container\">\n\t\t\t\t\t<div class=\"e-con-inner\">\n\t\t\t\t<div class=\"elementor-element elementor-element-fe39487 color-scheme-inherit text-left elementor-widget elementor-widget-text-editor\" data-id=\"fe39487\" data-element_type=\"widget\" data-e-type=\"widget\" data-widget_type=\"text-editor.default\">\n\t\t\t\t<div class=\"elementor-widget-container\">\n\t\t\t\t\t\t\t\t\t<p data-fontsize=\"18\" data-lineheight=\"23.22px\"><span class=\"\">Mit der Kraft von drei entscheidenden Mechanismen der Natur \u2013 Stimulation, Aufbau und Schutz \u2013 ist unsere Formulierung sorgf\u00e4ltig darauf ausgelegt, aussergew\u00f6hnliche Ergebnisse zu liefern.\u00a0<\/span><\/p><h4>JEDE TAGESDOSIS ENTH\u00c4LT:<\/h4><ul><li>BCP\u00ae Complex: Simuliert den Kollagenmetabolismus<\/li><li>MSM: Entz\u00fcndungshemmendes Sch\u00f6nheitsmineral<\/li><li>AstaReal\u00ae Astaxanthin: Starkes Antioxidans, das das Kollagen vor der Sonne sch\u00fctzt<\/li><li>exGRAPE\u00ae SEED: Starkes Antioxidans, das den Kollagenabbau hemmt<\/li><li>Liposomales Vitamin C: Wesentlicher Co-Faktor f\u00fcr die Kollagensynthese<\/li><li>CoQ10 Vital\u00ae: Reduziert die negativen Anzeichen der Hautalterung<\/li><li>Mineral- &amp; Elektrolytmischung: Optimale Hydratation und Unterst\u00fctzung des Kollagens<\/li><li>Biotin: Wirkt synergistisch mit Kollagen zur Erhaltung gesunder Haare, N\u00e4gel und Haut<\/li><\/ul><h4>KLINISCH NACHGEWIESENE VORTEILE F\u00dcR:<\/h4><ul><li class=\"comment_message--commentUnorderedListItem--16BZF\"><span class=\"\">Haut<\/span><\/li><li class=\"comment_message--commentUnorderedListItem--16BZF\"><span class=\"\">Haare<\/span><\/li><li class=\"comment_message--commentUnorderedListItem--16BZF\"><span class=\"\">N\u00e4gel<\/span><\/li><li class=\"comment_message--commentUnorderedListItem--16BZF\"><span class=\"\">Gelenke<\/span><\/li><li class=\"comment_message--commentUnorderedListItem--16BZF\"><span class=\"\">Knochen<\/span><\/li><\/ul><h4>ANWENDUNGSWEISE<\/h4><p>Optimieren Sie Ihre Wellness-Routine mit unserem unkomplizierten Ansatz f\u00fcr Langlebigkeit. Geniessen Sie einen Beutel pro Tag, gemischt mit Wasser, Ihrem Lieblingskaltgetr\u00e4nk oder Joghurt.<\/p>\t\t\t\t\t\t\t\t<\/div>\n\t\t\t\t<\/div>\n\t\t<div class=\"wd-negative-gap elementor-element elementor-element-3303d45 e-flex e-con-boxed e-con e-child\" data-id=\"3303d45\" data-element_type=\"container\" data-e-type=\"container\">\n\t\t\t\t\t<div class=\"e-con-inner\">\n\t\t\t\t<div class=\"elementor-element elementor-element-9ff224a wd-width-100 elementor-widget elementor-widget-wd_title\" data-id=\"9ff224a\" data-element_type=\"widget\" data-e-type=\"widget\" data-widget_type=\"wd_title.default\">\n\t\t\t\t<div class=\"elementor-widget-container\">\n\t\t\t\t\t\t\t<div class=\"title-wrapper wd-set-mb reset-last-child wd-title-color-primary wd-title-style-default wd-title-size-extra-large text-center\">\n\n\t\t\t\n\t\t\t<div class=\"liner-continer\">\n\t\t\t\t<h4 class=\"woodmart-title-container title wd-fontsize-xxxl\">R\u00fcckmeldungen von zufriedenen Kunden<\/h4> \n\t\t\t\t\t\t\t<\/div>\n\n\t\t\t\t\t<\/div>\n\t\t\t\t\t\t<\/div>\n\t\t\t\t<\/div>\n\t\t\t\t<div class=\"elementor-element elementor-element-1678997 elementor-widget elementor-widget-spacer\" data-id=\"1678997\" data-element_type=\"widget\" data-e-type=\"widget\" data-widget_type=\"spacer.default\">\n\t\t\t\t<div class=\"elementor-widget-container\">\n\t\t\t\t\t\t\t<div class=\"elementor-spacer\">\n\t\t\t<div class=\"elementor-spacer-inner\"><\/div>\n\t\t<\/div>\n\t\t\t\t\t\t<\/div>\n\t\t\t\t<\/div>\n\t\t\t\t<div class=\"elementor-element elementor-element-7f004fe elementor-widget elementor-widget-wd_testimonials\" data-id=\"7f004fe\" data-element_type=\"widget\" data-e-type=\"widget\" data-widget_type=\"wd_testimonials.default\">\n\t\t\t\t<div class=\"elementor-widget-container\">\n\t\t\t\t\t\t\t<div class=\"testimonials testimon-style-info-top  color-scheme- wd-carousel-container\" id=\"carousel-7026\">\n\t\t\t\t\t\t\t<div class=\"wd-carousel-inner\">\n\t\t\t\n\t\t\t<div class=\"wd-carousel wd-grid\" data-speed=\"5000\" data-wrap=\"yes\" data-autoplay=\"yes\" data-scroll_per_page=\"yes\" style=\"--wd-col-lg:4;--wd-col-md:3;--wd-col-sm:1;--wd-gap-lg:30px;--wd-gap-sm:10px;\">\n\t\t\t\t\t\t\t\t\t<div class=\"wd-carousel-wrap\">\n\t\t\t\t\n\t\t\t\t\t\t\t\t\t\n<div class=\"wd-testimon wd-carousel-item\">\n\t<div class=\"wd-testimon-info\">\n\t\t\n\t\t<div class=\"wd-testimon-bio\">\n\t\t\t\t\t\t\t<div class=\"wd-testimon-name title\">\n\t\t\t\t\tLottie\t\t\t\t<\/div>\n\t\t\t\n\t\t\t\n\t\t\t<div class=\"star-rating\">\n\t\t\t\t<span style=\"width:100%\"><\/span>\n\t\t\t<\/div>\n\t\t<\/div>\n\t<\/div>\n\n\t\t\t<div class=\"wd-testimon-text reset-last-child\">\n\t\t\t<p>\"Ich wollte dir sagen, dass meine Haare wieder gewachsen sind. Meine gesch\u00e4digte Haut von viel Zeit an der brennenden Sonne heilt sich vor meinen Augen. Nur Gott wei\u00df, was es mit meinem Inneren macht. Ich brauche mehr.\"\u00a0<\/p>\t\t<\/div>\n\t<\/div>\t\t\t\t\t\t\t\t\t\n<div class=\"wd-testimon wd-carousel-item\">\n\t<div class=\"wd-testimon-info\">\n\t\t\n\t\t<div class=\"wd-testimon-bio\">\n\t\t\t\t\t\t\t<div class=\"wd-testimon-name title\">\n\t\t\t\t\tMarlene C\t\t\t\t<\/div>\n\t\t\t\n\t\t\t\n\t\t\t<div class=\"star-rating\">\n\t\t\t\t<span style=\"width:100%\"><\/span>\n\t\t\t<\/div>\n\t\t<\/div>\n\t<\/div>\n\n\t\t\t<div class=\"wd-testimon-text reset-last-child\">\n\t\t\t<p>\"Es freut mich sehr, Formett\u0101 in meine t\u00e4gliche Routine eingebunden zu haben. Es ist ein qualitativ hochwertiges Produkt voller n\u00fctzlicher N\u00e4hrstoffe f\u00fcr meinen gesamten K\u00f6rper. Der zus\u00e4tzliche Bonus ist, dass meine Haut fantastisch aussieht und sich fantastisch anf\u00fchlt!\"<\/p>\t\t<\/div>\n\t<\/div>\t\t\t\t\t\t\t\t\t\n<div class=\"wd-testimon wd-carousel-item\">\n\t<div class=\"wd-testimon-info\">\n\t\t\n\t\t<div class=\"wd-testimon-bio\">\n\t\t\t\t\t\t\t<div class=\"wd-testimon-name title\">\n\t\t\t\t\tPatricia F\t\t\t\t<\/div>\n\t\t\t\n\t\t\t\n\t\t\t<div class=\"star-rating\">\n\t\t\t\t<span style=\"width:100%\"><\/span>\n\t\t\t<\/div>\n\t\t<\/div>\n\t<\/div>\n\n\t\t\t<div class=\"wd-testimon-text reset-last-child\">\n\t\t\t<p>\"Mein Partner und ich nehmen seit 3 Monaten Formett\u0101 ein. Er hat aufgeh\u00f6rt, \u00fcber seine Knie- und R\u00fcckenprobleme zu klagen, und mein Finger ist auch besser geworden ... meine N\u00e4gel sind auch st\u00e4rker ... Aber den gr\u00f6ssten sichtbaren Unterschied, denke ich, habe ich an meinem Gesicht bemerkt. Viele Leute haben mir gesagt, dass mein Gesicht besser aussieht ... meine Poren sind verkleinert, und meine Rosacea hat sich dramatisch verbessert.\"<\/p>\t\t<\/div>\n\t<\/div>\t\t\t\t\t\t\t\t\t\n<div class=\"wd-testimon wd-carousel-item\">\n\t<div class=\"wd-testimon-info\">\n\t\t\n\t\t<div class=\"wd-testimon-bio\">\n\t\t\t\t\t\t\t<div class=\"wd-testimon-name title\">\n\t\t\t\t\tElisabeth\t\t\t\t<\/div>\n\t\t\t\n\t\t\t\n\t\t\t<div class=\"star-rating\">\n\t\t\t\t<span style=\"width:100%\"><\/span>\n\t\t\t<\/div>\n\t\t<\/div>\n\t<\/div>\n\n\t\t\t<div class=\"wd-testimon-text reset-last-child\">\n\t\t\t<p>\"Seitdem ich mit Formett\u0101 angefangen habe, ist meine Haut weniger trocken, meine N\u00e4gel st\u00e4rker und meine Verdauung sehr gut (hahaha).\"<\/p>\t\t<\/div>\n\t<\/div>\t\t\t\t\t\t\t\t\t\n<div class=\"wd-testimon wd-carousel-item\">\n\t<div class=\"wd-testimon-info\">\n\t\t\n\t\t<div class=\"wd-testimon-bio\">\n\t\t\t\t\t\t\t<div class=\"wd-testimon-name title\">\n\t\t\t\t\tElaine H\t\t\t\t<\/div>\n\t\t\t\n\t\t\t\n\t\t\t<div class=\"star-rating\">\n\t\t\t\t<span style=\"width:100%\"><\/span>\n\t\t\t<\/div>\n\t\t<\/div>\n\t<\/div>\n\n\t\t\t<div class=\"wd-testimon-text reset-last-child\">\n\t\t\t<p>\"Ich hatte mein ganzes Leben lang trockene, schuppige Haut, sogar als ich ein Kind war. Seit ich vor 6 Monaten mit Formett\u0101 begonnen habe, hat sich meine Haut komplett ver\u00e4ndert. Ich brauche keine Feuchtigkeitscreme mehr, selbst im Winter ist meine Haut perfekt hydratisiert. Und als Bonus habe ich auch keinen einzigen gebrochenen Nagel mehr gehabt.\"<\/p>\t\t<\/div>\n\t<\/div>\t\t\t\t\t\t\t\t\t\n<div class=\"wd-testimon wd-carousel-item\">\n\t<div class=\"wd-testimon-info\">\n\t\t\n\t\t<div class=\"wd-testimon-bio\">\n\t\t\t\t\t\t\t<div class=\"wd-testimon-name title\">\n\t\t\t\t\tChlo\u00e9\t\t\t\t<\/div>\n\t\t\t\n\t\t\t\n\t\t\t<div class=\"star-rating\">\n\t\t\t\t<span style=\"width:100%\"><\/span>\n\t\t\t<\/div>\n\t\t<\/div>\n\t<\/div>\n\n\t\t\t<div class=\"wd-testimon-text reset-last-child\">\n\t\t\t<p>\u201cIch kann wirklich nicht ohne Formett\u0101 leben.\"<\/p>\t\t<\/div>\n\t<\/div>\t\t\t\t\n\t\t\t\t\t\t\t\t\t<\/div>\n\t\t\t\t\t\t\t<\/div>\n\t\t\t\t\t\t\t\t\t\t\t\t\t\t<div class=\"wd-nav-arrows wd-pos-sep wd-hover-1 wd-icon-1\">\n\t\t\t<div class=\"wd-btn-arrow wd-prev wd-disabled\">\n\t\t\t\t<div class=\"wd-arrow-inner\"><\/div>\n\t\t\t<\/div>\n\t\t\t<div class=\"wd-btn-arrow wd-next\">\n\t\t\t\t<div class=\"wd-arrow-inner\"><\/div>\n\t\t\t<\/div>\n\t\t<\/div>\n\t\t\t\t\t\t\n\t\t\t\t<\/div>\n\n\t\t\t\t\t\t\t\t\t\t\t\t\t<\/div>\n\t\t\t\t\t\t<\/div>\n\t\t\t\t<\/div>\n\t\t\t\t\t<\/div>\n\t\t\t\t<\/div>\n\t\t\t\t\t<\/div>\n\t\t\t\t<\/div>\n\t\t\t\t\t<\/div>\n\t\t\t\t<\/div>\n\t\t\t\t<\/div>\n\t\t","protected":false},"excerpt":{"rendered":"<p><strong>Starter-Set mit 3 Boxen (inkl. gratis Mischbecher). Die ultimative Multi-Tasking-Formel f\u00fcr die ersten 3 Monate.<\/strong><\/p>\n<p>Diese fortschrittliche Formel enth\u00e4lt einen einzigartigen bioaktiven Kollagenkomplex, bestehend aus drei patentierten Peptiden, die nachweislich die Kollagensynthese in Haut, Gelenken und Knochen ankurbeln.<\/p>\n<p>Angereichert mit wichtigen Co-Inhaltsstoffen, die Kollagen vor dem Abbau sch\u00fctzen und chronische Entz\u00fcndungen lindern, sorgt diese Formel f\u00fcr klinisch nachgewiesene Ergebnisse von innen heraus.<\/p>\n","protected":false},"featured_media":34290,"comment_status":"open","ping_status":"closed","template":"","meta":{"_uf_show_specific_survey":0,"_uf_disable_surveys":false},"product_brand":[],"product_cat":[245],"product_tag":[],"class_list":{"0":"post-23712","1":"product","2":"type-product","3":"status-publish","4":"has-post-thumbnail","6":"product_cat-boxen-de-de","8":"first","9":"instock","10":"taxable","11":"shipping-taxable","12":"purchasable","13":"product-type-simple"},"_links":{"self":[{"href":"https:\/\/woocommerce-old.formetta.com\/de-DE\/wp-json\/wp\/v2\/product\/23712","targetHints":{"allow":["GET"]}}],"collection":[{"href":"https:\/\/woocommerce-old.formetta.com\/de-DE\/wp-json\/wp\/v2\/product"}],"about":[{"href":"https:\/\/woocommerce-old.formetta.com\/de-DE\/wp-json\/wp\/v2\/types\/product"}],"replies":[{"embeddable":true,"href":"https:\/\/woocommerce-old.formetta.com\/de-DE\/wp-json\/wp\/v2\/comments?post=23712"}],"version-history":[{"count":2,"href":"https:\/\/woocommerce-old.formetta.com\/de-DE\/wp-json\/wp\/v2\/product\/23712\/revisions"}],"predecessor-version":[{"id":43140,"href":"https:\/\/woocommerce-old.formetta.com\/de-DE\/wp-json\/wp\/v2\/product\/23712\/revisions\/43140"}],"wp:featuredmedia":[{"embeddable":true,"href":"https:\/\/woocommerce-old.formetta.com\/de-DE\/wp-json\/wp\/v2\/media\/34290"}],"wp:attachment":[{"href":"https:\/\/woocommerce-old.formetta.com\/de-DE\/wp-json\/wp\/v2\/media?parent=23712"}],"wp:term":[{"taxonomy":"product_brand","embeddable":true,"href":"https:\/\/woocommerce-old.formetta.com\/de-DE\/wp-json\/wp\/v2\/product_brand?post=23712"},{"taxonomy":"product_cat","embeddable":true,"href":"https:\/\/woocommerce-old.formetta.com\/de-DE\/wp-json\/wp\/v2\/product_cat?post=23712"},{"taxonomy":"product_tag","embeddable":true,"href":"https:\/\/woocommerce-old.formetta.com\/de-DE\/wp-json\/wp\/v2\/product_tag?post=23712"}],"curies":[{"name":"wp","href":"https:\/\/api.w.org\/{rel}","templated":true}]}}